{"id":7496,"date":"2020-01-03T19:18:52","date_gmt":"2020-01-03T22:18:52","guid":{"rendered":"http:\/\/www.bienaldelchaco.org\/2022\/?page_id=7496"},"modified":"2022-03-31T17:46:00","modified_gmt":"2022-03-31T20:46:00","slug":"congreso-internacional-de-artes","status":"publish","type":"page","link":"https:\/\/www.bienaldelchaco.org\/2022\/congreso-internacional-de-artes\/","title":{"rendered":"Congreso Internacional de Artes"},"content":{"rendered":"[vc_row css_animation=&#8221;&#8221; row_type=&#8221;row&#8221; use_row_as_full_screen_section=&#8221;no&#8221; type=&#8221;full_width&#8221; angled_section=&#8221;no&#8221; text_align=&#8221;left&#8221; background_image_as_pattern=&#8221;without_pattern&#8221; z_index=&#8221;&#8221;][vc_column offset=&#8221;vc_hidden-sm vc_hidden-xs&#8221;][vc_single_image image=&#8221;8767&#8243; img_size=&#8221;full&#8221; qode_css_animation=&#8221;&#8221;][\/vc_column][\/vc_row][vc_row css_animation=&#8221;&#8221; row_type=&#8221;row&#8221; use_row_as_full_screen_section=&#8221;no&#8221; type=&#8221;full_width&#8221; angled_section=&#8221;no&#8221; text_align=&#8221;left&#8221; background_image_as_pattern=&#8221;without_pattern&#8221; z_index=&#8221;&#8221;][vc_column offset=&#8221;vc_hidden-lg vc_hidden-md&#8221;][vc_single_image image=&#8221;8766&#8243; img_size=&#8221;full&#8221; qode_css_animation=&#8221;&#8221;][\/vc_column][\/vc_row][vc_row css_animation=&#8221;&#8221; row_type=&#8221;row&#8221; use_row_as_full_screen_section=&#8221;no&#8221; type=&#8221;grid&#8221; angled_section=&#8221;no&#8221; text_align=&#8221;left&#8221; background_image_as_pattern=&#8221;without_pattern&#8221; z_index=&#8221;&#8221;][vc_column css_animation=&#8221;fadeInLeftBig&#8221;][vc_empty_space height=&#8221;50px&#8221;][vc_column_text]<span style=\"font-family: 'Muli'; font-size: 30px; font-weight: bold;\">III Congreso Internacional de Artes &#8211; L\u00edmites y Fronteras<\/span>[\/vc_column_text][vc_column_text]<span style=\"font-family: 'Muli'; font-size: 20px; color: #696969;\">20 al 22 de julio de 2022<\/span>[\/vc_column_text][vc_separator css_animation=&#8221;none&#8221; type=&#8221;small&#8221; position=&#8221;left&#8221; color=&#8221;#000000&#8243; width=&#8221;50&#8243;][vc_empty_space height=&#8221;10px&#8221;][vc_row_inner row_type=&#8221;row&#8221; type=&#8221;full_width&#8221; text_align=&#8221;left&#8221; css_animation=&#8221;&#8221;][vc_column_inner][vc_column_text]\n<p style=\"font-weight: 400;\">La\u00a0<strong>FACULTAD DE ARTES, DISE\u00d1O Y CIENCIAS DE LA CULTURA<\/strong>\u00a0de\u00a0<strong>la UNIVERSIDAD NACIONAL DEL NORDESTE<\/strong>, organiza el\u00a0<strong>III CONGRESO INTERNACIONAL DE ARTES\u00a0<\/strong>con el objetivo de crear y ampliar un espacio de intercambio y discusi\u00f3n, aportando a la Bienal la dimensi\u00f3n acad\u00e9mica y cient\u00edfica.<\/p>\n<p>&nbsp;<\/p>\n<p style=\"font-weight: 400;\">El III Congreso tiene como objetivo crear un espacio de reflexi\u00f3n y debate nacional e internacional de intercambio y discusi\u00f3n entre artistas, investigadores, gestores culturales, docentes y estudiantes acerca de los nuevos escenarios que se presentan en los espacios de ense\u00f1anza, investigaci\u00f3n, producci\u00f3n y circulaci\u00f3n del arte y la cultura. Escenarios complejos en los que el arte y la cultura asumen nuevos roles, m\u00e1s significativos y comprometidos con las diversas realidades y problem\u00e1ticas sociales y pol\u00edticas, atravesadas al mismo tiempo por la incorporaci\u00f3n de las nuevas tecnolog\u00edas.<\/p>\n<p>&nbsp;<\/p>\n<p style=\"font-weight: 400;\">Las intersecciones de los lenguajes de las artes, la diluci\u00f3n de los l\u00edmites entre teor\u00eda y pr\u00e1ctica, la innovaci\u00f3n art\u00edstico-cultural a trav\u00e9s los nuevos medios de producci\u00f3n, la construcci\u00f3n de diversas miradas identitarias y transdisciplinares en los abordajes reflexivos, ser\u00e1n las tem\u00e1ticas que abordar\u00e1\u00a0 esta tercera edici\u00f3n, pregunt\u00e1ndose por esta nueva visi\u00f3n\u00a0 y configuraci\u00f3n de las experiencias art\u00edsticas y culturales.<\/p>\n<p>&nbsp;<\/p>\n<p style=\"font-weight: 400;\">El congreso ofrecer\u00e1 espacios de reflexi\u00f3n mediante mesas redondas y conversatorios, como tambi\u00e9n espacios de producci\u00f3n y exhibici\u00f3n de intervenciones art\u00edsticas, performance e instalaciones tecnol\u00f3gicas.<\/p>\n[\/vc_column_text][vc_empty_space height=&#8221;50px&#8221;][\/vc_column_inner][\/vc_row_inner][\/vc_column][\/vc_row][vc_row css_animation=&#8221;&#8221; row_type=&#8221;row&#8221; use_row_as_full_screen_section=&#8221;no&#8221; type=&#8221;grid&#8221; angled_section=&#8221;no&#8221; text_align=&#8221;left&#8221; background_image_as_pattern=&#8221;without_pattern&#8221; z_index=&#8221;&#8221;][vc_column css_animation=&#8221;fadeInLeftBig&#8221; offset=&#8221;vc_hidden-lg vc_hidden-md vc_hidden-sm vc_hidden-xs&#8221;][vc_empty_space height=&#8221;50px&#8221;][vc_column_text]<span style=\"font-family: 'Muli'; font-size: 30px; font-weight: bold;\">III Congreso Internacional de Artes &#8211; L\u00edmites y Fronteras<\/span>[\/vc_column_text][vc_column_text]<span style=\"font-family: 'Muli'; font-size: 20px; color: #696969;\">20 al 22 de julio de 2022<\/span>[\/vc_column_text][vc_separator css_animation=&#8221;none&#8221; type=&#8221;small&#8221; position=&#8221;left&#8221; color=&#8221;#000000&#8243; width=&#8221;50&#8243;][vc_empty_space height=&#8221;10px&#8221;][vc_row_inner row_type=&#8221;row&#8221; type=&#8221;full_width&#8221; text_align=&#8221;left&#8221; css_animation=&#8221;&#8221;][vc_column_inner width=&#8221;2\/3&#8243;][vc_column_text]\n<p style=\"font-weight: 400;\">La\u00a0<strong>FACULTAD DE ARTES, DISE\u00d1O Y CIENCIAS DE LA CULTURA<\/strong>\u00a0de\u00a0<strong>la UNIVERSIDAD NACIONAL DEL NORDESTE<\/strong>, organiza el\u00a0<strong>III CONGRESO INTERNACIONAL DE ARTES\u00a0<\/strong>con el objetivo de crear y ampliar un espacio de intercambio y discusi\u00f3n, aportando a la Bienal la dimensi\u00f3n acad\u00e9mica y cient\u00edfica.<\/p>\n<p>&nbsp;<\/p>\n<p style=\"font-weight: 400;\">El III Congreso tiene como objetivo crear un espacio de reflexi\u00f3n y debate nacional e internacional de intercambio y discusi\u00f3n entre artistas, investigadores, gestores culturales, docentes y estudiantes acerca de los nuevos escenarios que se presentan en los espacios de ense\u00f1anza, investigaci\u00f3n, producci\u00f3n y circulaci\u00f3n del arte y la cultura. Escenarios complejos en los que el arte y la cultura asumen nuevos roles, m\u00e1s significativos y comprometidos con las diversas realidades y problem\u00e1ticas sociales y pol\u00edticas, atravesadas al mismo tiempo por la incorporaci\u00f3n de las nuevas tecnolog\u00edas.<\/p>\n<p>&nbsp;<\/p>\n<p style=\"font-weight: 400;\">Las intersecciones de los lenguajes de las artes, la diluci\u00f3n de los l\u00edmites entre teor\u00eda y pr\u00e1ctica, la innovaci\u00f3n art\u00edstico-cultural a trav\u00e9s los nuevos medios de producci\u00f3n, la construcci\u00f3n de diversas miradas identitarias y transdisciplinares en los abordajes reflexivos, ser\u00e1n las tem\u00e1ticas que abordar\u00e1\u00a0 esta tercera edici\u00f3n, pregunt\u00e1ndose por esta nueva visi\u00f3n\u00a0 y configuraci\u00f3n de las experiencias art\u00edsticas y culturales.<\/p>\n<p>&nbsp;<\/p>\n<p style=\"font-weight: 400;\">El congreso ofrecer\u00e1 espacios de reflexi\u00f3n mediante mesas redondas y conversatorios, como tambi\u00e9n espacios de producci\u00f3n y exhibici\u00f3n de intervenciones art\u00edsticas, performance e instalaciones tecnol\u00f3gicas.<\/p>\n[\/vc_column_text][vc_empty_space height=&#8221;50px&#8221;][vc_column_text]<strong>Bases y Condiciones Generales<\/strong><\/p>\n<p style=\"text-align: justify;\">Se aceptar\u00e1n propuestas que presenten un aporte original a los ejes tem\u00e1ticos planteados por el Congreso.<\/p>\n<p>&nbsp;<\/p>\n<p style=\"text-align: justify;\">Las propuestas ser\u00e1n evaluadas por un Comit\u00e9 Acad\u00e9mico constituido por especialistas y ser\u00e1n inapelables.<\/p>\n<p>&nbsp;<\/p>\n<p style=\"text-align: justify;\">El n\u00famero m\u00e1ximo de autores por Ponencia, Coordinaci\u00f3n de Simposios y Workshops es tres (3).<\/p>\n<p>&nbsp;<\/p>\n<p style=\"text-align: justify;\">Los Simposios deber\u00e1n plantearse en torno a un tema de investigaci\u00f3n grupal por parte de equipos de trabajo que cuenten con reconocida trayectoria en la tem\u00e1tica y acrediten destacados antecedentes en la misma. Se organizar\u00e1n en una jornada de presentaci\u00f3n de un m\u00ednimo de cinco (5) exposiciones individuales o grupales (de hasta 3 autores) que aborden algunas de las l\u00edneas incluidas dentro del tema com\u00fan y una presentaci\u00f3n general a modo de presentaci\u00f3n y conclusiones de lo expuesto, a cargo de uno (1) o dos (2) coordinadores.<\/p>\n<p>&nbsp;<\/p>\n<p style=\"text-align: justify;\">La din\u00e1mica de trabajo deber\u00e1 estar fundamentada y detallada en la propuesta. Tanto el n\u00famero de exposiciones como sus respectivos autores deber\u00e1n estar definidos al momento de la presentaci\u00f3n de la propuesta. La misma se plantea como un espacio de trabajo espec\u00edfico del grupo de investigaci\u00f3n en cuesti\u00f3n, no estar\u00e1 abierto a la recepci\u00f3n de propuestas externas al equipo, salvo invitaciones espec\u00edficas que la coordinaci\u00f3n del Simposio decida realizar. Las mismas deber\u00e1n estar definidas al momento de presentaci\u00f3n de la propuesta.<\/p>\n<p>&nbsp;<\/p>\n<p style=\"text-align: justify;\">Los Workshops deber\u00e1n presentar una fundamentaci\u00f3n conceptual y metodol\u00f3gica que describa el proceso de trabajo propuesto, indicando el cronograma tentativo de actividades, recursos materiales y t\u00e9cnicos, organizado en jornadas de un m\u00ednimo de tres (3) encuentros con un duraci\u00f3n de entre tres (3) y cinco (5) horas de trabajo.<\/p>\n[\/vc_column_text][vc_empty_space height=&#8221;50px&#8221;][\/vc_column_inner][vc_column_inner width=&#8221;1\/3&#8243;][vc_empty_space height=&#8221;5px&#8221;][vc_column_text css=&#8221;.vc_custom_1578345080108{padding-bottom: 20px !important;}&#8221;]<strong>Ejes tem\u00e1ticos<\/strong>[\/vc_column_text]<div class=\"q_icon_list\"><i class=\"qode_icon_font_awesome fa fa-check qode-ili-icon-holder circle\" style=\"font-size: 12px;color: #000000;background-color: #ffffff;\" ><\/i><p style=\"\">Activismo e identidades intersubjetivas y comunitarias.<\/p><\/div><div class=\"q_icon_list\"><i class=\"qode_icon_font_awesome fa fa-check qode-ili-icon-holder circle\" style=\"font-size: 12px;color: #000000;background-color: #ffffff;\" ><\/i><p style=\"\">Visualidades y sonoridades expandidas. Posibilidades e intermediaciones.<\/p><\/div><div class=\"q_icon_list\"><i class=\"qode_icon_font_awesome fa fa-check qode-ili-icon-holder circle\" style=\"font-size: 12px;color: #000000;background-color: #ffffff;\" ><\/i><p style=\"\">Cuerpos, gestos y subjetividades.<\/p><\/div><div class=\"q_icon_list\"><i class=\"qode_icon_font_awesome fa fa-check qode-ili-icon-holder circle\" style=\"font-size: 12px;color: #000000;background-color: #ffffff;\" ><\/i><p style=\"\">Ciencia, tecnolog\u00eda y dispositivos transmediales.<\/p><\/div><div class=\"q_icon_list\"><i class=\"qode_icon_font_awesome fa fa-check qode-ili-icon-holder circle\" style=\"font-size: 12px;color: #000000;background-color: #ffffff;\" ><\/i><p style=\"\">Ret\u00f3ricas del g\u00e9nero y las sexualidades.<\/p><\/div><div class=\"q_icon_list\"><i class=\"qode_icon_font_awesome fa fa-check qode-ili-icon-holder circle\" style=\"font-size: 12px;color: #000000;background-color: #ffffff;\" ><\/i><p style=\"\">Procesos de investigaci\u00f3n en y sobre artes.<\/p><\/div><div class=\"q_icon_list\"><i class=\"qode_icon_font_awesome fa fa-check qode-ili-icon-holder circle\" style=\"font-size: 12px;color: #000000;background-color: #ffffff;\" ><\/i><p style=\"\">Tramas discursivas. Transposici\u00f3n, reescritura, apropiaci\u00f3n.<\/p><\/div><div class=\"q_icon_list\"><i class=\"qode_icon_font_awesome fa fa-check qode-ili-icon-holder circle\" style=\"font-size: 12px;color: #000000;background-color: #ffffff;\" ><\/i><p style=\"\">Acervos, colecciones, patrimonio material e inmaterial.<\/p><\/div><div class=\"q_icon_list\"><i class=\"qode_icon_font_awesome fa fa-check qode-ili-icon-holder circle\" style=\"font-size: 12px;color: #000000;background-color: #ffffff;\" ><\/i><p style=\"\">Consumo, mediatizaci\u00f3n, cr\u00edtica y curadur\u00eda.<\/p><\/div><div class=\"q_icon_list\"><i class=\"qode_icon_font_awesome fa fa-check qode-ili-icon-holder circle\" style=\"font-size: 12px;color: #000000;background-color: #ffffff;\" ><\/i><p style=\"\">Desarrollo territorial y construcci\u00f3n de ciudadan\u00eda.<\/p><\/div><div class=\"q_icon_list\"><i class=\"qode_icon_font_awesome fa fa-check qode-ili-icon-holder circle\" style=\"font-size: 12px;color: #000000;background-color: #ffffff;\" ><\/i><p style=\"\">Pol\u00edticas culturales, experiencias de gesti\u00f3n, desarrollo cultural y tur\u00edstico.<\/p><\/div><div class=\"q_icon_list\"><i class=\"qode_icon_font_awesome fa fa-check qode-ili-icon-holder circle\" style=\"font-size: 12px;color: #000000;background-color: #ffffff;\" ><\/i><p style=\"\">Pr\u00e1cticas pedag\u00f3gicas y construcci\u00f3n de conocimiento art\u00edstico.<\/p><\/div><div class=\"q_icon_list\"><i class=\"qode_icon_font_awesome fa fa-check qode-ili-icon-holder circle\" style=\"font-size: 12px;color: #000000;background-color: #ffffff;\" ><\/i><p style=\"\">Mercado, industrias culturales y econom\u00edas creativas.<\/p><\/div>[vc_empty_space height=&#8221;30px&#8221;][\/vc_column_inner][\/vc_row_inner][\/vc_column][\/vc_row][vc_row css_animation=&#8221;&#8221; row_type=&#8221;row&#8221; use_row_as_full_screen_section=&#8221;no&#8221; type=&#8221;full_width&#8221; angled_section=&#8221;no&#8221; text_align=&#8221;left&#8221; background_image_as_pattern=&#8221;without_pattern&#8221; background_color=&#8221;#000000&#8243; z_index=&#8221;&#8221;][vc_column css_animation=&#8221;fadeInLeftBig&#8221; offset=&#8221;vc_hidden-lg vc_hidden-md vc_hidden-sm vc_hidden-xs&#8221;][vc_empty_space height=&#8221;50px&#8221;][vc_row_inner row_type=&#8221;row&#8221; type=&#8221;grid&#8221; text_align=&#8221;left&#8221; css_animation=&#8221;&#8221;][vc_column_inner][vc_column_text]\n<h2 style=\"text-align: left; color: #ffffff;\"><strong>CRONOGRAMA<\/strong><\/h2>\n[\/vc_column_text][vc_separator css_animation=&#8221;none&#8221; type=&#8221;small&#8221; position=&#8221;left&#8221; color=&#8221;#ffffff&#8221; width=&#8221;50&#8243;][\/vc_column_inner][\/vc_row_inner][vc_empty_space height=&#8221;10px&#8221;][vc_row_inner row_type=&#8221;row&#8221; type=&#8221;grid&#8221; text_align=&#8221;left&#8221; css_animation=&#8221;&#8221;][vc_column_inner width=&#8221;1\/3&#8243;][vc_single_image image=&#8221;7521&#8243; img_size=&#8221;full&#8221; alignment=&#8221;center&#8221; qode_css_animation=&#8221;&#8221;][vc_empty_space height=&#8221;30px&#8221;][\/vc_column_inner][vc_column_inner width=&#8221;1\/3&#8243;][vc_single_image image=&#8221;7524&#8243; img_size=&#8221;full&#8221; alignment=&#8221;center&#8221; qode_css_animation=&#8221;&#8221;][vc_empty_space height=&#8221;30px&#8221;][\/vc_column_inner][vc_column_inner width=&#8221;1\/3&#8243;][vc_single_image image=&#8221;7525&#8243; img_size=&#8221;full&#8221; alignment=&#8221;center&#8221; qode_css_animation=&#8221;&#8221;][vc_empty_space height=&#8221;30px&#8221;][\/vc_column_inner][\/vc_row_inner][vc_empty_space height=&#8221;60px&#8221;][\/vc_column][\/vc_row][vc_row css_animation=&#8221;&#8221; row_type=&#8221;row&#8221; use_row_as_full_screen_section=&#8221;no&#8221; type=&#8221;grid&#8221; angled_section=&#8221;no&#8221; text_align=&#8221;left&#8221; background_image_as_pattern=&#8221;without_pattern&#8221; z_index=&#8221;&#8221;][vc_column css_animation=&#8221;none&#8221; offset=&#8221;vc_hidden-lg vc_hidden-md vc_hidden-sm vc_hidden-xs&#8221;][vc_row_inner row_type=&#8221;row&#8221; type=&#8221;grid&#8221; text_align=&#8221;left&#8221; css_animation=&#8221;&#8221;][vc_column_inner css=&#8221;.vc_custom_1578324962289{margin-top: -45px !important;}&#8221; offset=&#8221;vc_hidden-sm vc_hidden-xs&#8221;][vc_single_image image=&#8221;7529&#8243; img_size=&#8221;full&#8221; onclick=&#8221;custom_link&#8221; qode_css_animation=&#8221;&#8221; link=&#8221;mailto: congresodeartesfadycc@gmail.com&#8221;][\/vc_column_inner][\/vc_row_inner][vc_row_inner row_type=&#8221;row&#8221; type=&#8221;grid&#8221; text_align=&#8221;left&#8221; css_animation=&#8221;&#8221;][vc_column_inner offset=&#8221;vc_hidden-lg vc_hidden-md&#8221;][vc_single_image image=&#8221;7545&#8243; img_size=&#8221;full&#8221; onclick=&#8221;custom_link&#8221; qode_css_animation=&#8221;&#8221; link=&#8221;mailto: congresodeartesfadycc@gmail.com&#8221;][\/vc_column_inner][\/vc_row_inner][vc_empty_space height=&#8221;50px&#8221;][vc_row_inner row_type=&#8221;row&#8221; type=&#8221;full_width&#8221; text_align=&#8221;left&#8221; css_animation=&#8221;&#8221;][vc_column_inner width=&#8221;1\/2&#8243;][vc_column_text]\n<h5 style=\"text-align: left;\"><strong>FORMATO DE PRESENTACI\u00d3N DE ABSTRACTS PARA PROPUESTAS<br \/>\nDE PONENCIAS, SIMPOSIOS Y WORKSHOPS<\/strong><\/h5>\n[\/vc_column_text][vc_separator css_animation=&#8221;none&#8221; type=&#8221;small&#8221; position=&#8221;left&#8221; color=&#8221;#000000&#8243; width=&#8221;50&#8243;][vc_empty_space height=&#8221;10px&#8221;][vc_column_text]\n<h5 style=\"text-align: left; text-transform: none;\"><strong>Caracter\u00edsticas<\/strong><\/h5>\n[\/vc_column_text][vc_empty_space height=&#8221;10px&#8221;]<div class=\"q_icon_list\"><i class=\"qode_icon_font_awesome fa fa-check qode-ili-icon-holder circle\" style=\"font-size: 12px;color: #000000;background-color: #ffffff;\" ><\/i><p style=\"\">El archivo debe\u00e1 incluir Nombre de autor\/es, correo electr\u00f3nico, instituci\u00f3n de pertenencia, eje tem\u00e1tico, t\u00edtulo y entre 3 y 5 palabras claves. Breve CV de 120 palabras<\/p><\/div><div class=\"q_icon_list\"><i class=\"qode_icon_font_awesome fa fa-check qode-ili-icon-holder circle\" style=\"font-size: 12px;color: #000000;background-color: #ffffff;\" ><\/i><p style=\"\">Extensi\u00f3n hasta 250 palabras, formato A4, interlineado 1.5, fuente Times New Roman 12 pt. Formato de archivo .doc.<\/p><\/div>[vc_empty_space height=&#8221;30px&#8221;][vc_single_image image=&#8221;7542&#8243; img_size=&#8221;full&#8221; qode_css_animation=&#8221;&#8221;][vc_empty_space height=&#8221;30px&#8221;][\/vc_column_inner][vc_column_inner width=&#8221;1\/2&#8243;][vc_column_text]\n<h5 style=\"text-align: left;\"><strong>CERTIFICACIONES<br \/>\n<\/strong><\/h5>\n[\/vc_column_text][vc_separator css_animation=&#8221;none&#8221; type=&#8221;small&#8221; position=&#8221;left&#8221; color=&#8221;#000000&#8243; width=&#8221;50&#8243;][vc_empty_space height=&#8221;10px&#8221;]<div class=\"q_icon_list\"><i class=\"qode_icon_font_awesome fa fa-circle qode-ili-icon-holder circle\" style=\"font-size: 12px;color: #000000;background-color: #ffffff;\" ><\/i><p style=\"\">Expositor de Universidades Nacionales: s\/c<\/p><\/div><div class=\"q_icon_list\"><i class=\"qode_icon_font_awesome fa fa-circle qode-ili-icon-holder circle\" style=\"font-size: 12px;color: #000000;background-color: #ffffff;\" ><\/i><p style=\"\">Expositores nacionales: $400.<\/p><\/div><div class=\"q_icon_list\"><i class=\"qode_icon_font_awesome fa fa-circle qode-ili-icon-holder circle\" style=\"font-size: 12px;color: #000000;background-color: #ffffff;\" ><\/i><p style=\"\">Asistentes nacionales $100.<\/p><\/div><div class=\"q_icon_list\"><i class=\"qode_icon_font_awesome fa fa-circle qode-ili-icon-holder circle\" style=\"font-size: 12px;color: #000000;background-color: #ffffff;\" ><\/i><p style=\"\">Expositores internacionales US$100.<\/p><\/div><div class=\"q_icon_list\"><i class=\"qode_icon_font_awesome fa fa-circle qode-ili-icon-holder circle\" style=\"font-size: 12px;color: #000000;background-color: #ffffff;\" ><\/i><p style=\"\">Asistentes internacionales: US$ 50.<\/p><\/div>[vc_empty_space height=&#8221;30px&#8221;][\/vc_column_inner][\/vc_row_inner][\/vc_column][\/vc_row][vc_row css_animation=&#8221;&#8221; row_type=&#8221;row&#8221; use_row_as_full_screen_section=&#8221;no&#8221; type=&#8221;full_width&#8221; angled_section=&#8221;no&#8221; text_align=&#8221;left&#8221; background_image_as_pattern=&#8221;without_pattern&#8221; z_index=&#8221;&#8221;][vc_column][vc_row_inner row_type=&#8221;row&#8221; type=&#8221;grid&#8221; text_align=&#8221;left&#8221; css_animation=&#8221;&#8221;][vc_column_inner width=&#8221;1\/2&#8243;][vc_single_image image=&#8221;7542&#8243; img_size=&#8221;full&#8221; qode_css_animation=&#8221;&#8221;][vc_empty_space height=&#8221;30px&#8221;][\/vc_column_inner][vc_column_inner width=&#8221;1\/2&#8243;][\/vc_column_inner][\/vc_row_inner][vc_empty_space height=&#8221;50px&#8221;][vc_single_image image=&#8221;7550&#8243; img_size=&#8221;full&#8221; alignment=&#8221;center&#8221; qode_css_animation=&#8221;&#8221;][vc_row_inner row_type=&#8221;row&#8221; type=&#8221;grid&#8221; text_align=&#8221;left&#8221; css_animation=&#8221;&#8221;][vc_column_inner width=&#8221;1\/5&#8243;][vc_single_image image=&#8221;7553&#8243; img_size=&#8221;full&#8221; alignment=&#8221;center&#8221; qode_css_animation=&#8221;&#8221;][\/vc_column_inner][vc_column_inner width=&#8221;1\/5&#8243;][vc_single_image image=&#8221;7554&#8243; img_size=&#8221;full&#8221; alignment=&#8221;center&#8221; qode_css_animation=&#8221;&#8221;][\/vc_column_inner][vc_column_inner width=&#8221;1\/5&#8243;][vc_single_image image=&#8221;7555&#8243; img_size=&#8221;full&#8221; alignment=&#8221;center&#8221; qode_css_animation=&#8221;&#8221;][\/vc_column_inner][vc_column_inner width=&#8221;1\/5&#8243;][vc_single_image image=&#8221;7556&#8243; img_size=&#8221;full&#8221; alignment=&#8221;center&#8221; qode_css_animation=&#8221;&#8221;][\/vc_column_inner][vc_column_inner width=&#8221;1\/5&#8243;][vc_single_image image=&#8221;7557&#8243; img_size=&#8221;full&#8221; alignment=&#8221;center&#8221; qode_css_animation=&#8221;&#8221;][\/vc_column_inner][\/vc_row_inner][\/vc_column][\/vc_row]\n","protected":false},"excerpt":{"rendered":"<p>[vc_row css_animation=&#8221;&#8221; row_type=&#8221;row&#8221; use_row_as_full_screen_section=&#8221;no&#8221; type=&#8221;full_width&#8221; angled_section=&#8221;no&#8221; text_align=&#8221;left&#8221; background_image_as_pattern=&#8221;without_pattern&#8221; z_index=&#8221;&#8221;][vc_column offset=&#8221;vc_hidden-sm vc_hidden-xs&#8221;][vc_single_image image=&#8221;8767&#8243; img_size=&#8221;full&#8221; qode_css_animation=&#8221;&#8221;][\/vc_column][\/vc_row][vc_row css_animation=&#8221;&#8221; row_type=&#8221;row&#8221; use_row_as_full_screen_section=&#8221;no&#8221; type=&#8221;full_width&#8221; angled_section=&#8221;no&#8221; text_align=&#8221;left&#8221; background_image_as_pattern=&#8221;without_pattern&#8221; z_index=&#8221;&#8221;][vc_column offset=&#8221;vc_hidden-lg vc_hidden-md&#8221;][vc_single_image image=&#8221;8766&#8243; img_size=&#8221;full&#8221; qode_css_animation=&#8221;&#8221;][\/vc_column][\/vc_row][vc_row css_animation=&#8221;&#8221; row_type=&#8221;row&#8221; use_row_as_full_screen_section=&#8221;no&#8221; type=&#8221;grid&#8221; angled_section=&#8221;no&#8221; text_align=&#8221;left&#8221; background_image_as_pattern=&#8221;without_pattern&#8221; z_index=&#8221;&#8221;][vc_column css_animation=&#8221;fadeInLeftBig&#8221;][vc_empty_space height=&#8221;50px&#8221;][vc_column_text]III Congreso Internacional de Artes &#8211; L\u00edmites y Fronteras[\/vc_column_text][vc_column_text]20&#8230;<\/p>\n","protected":false},"author":3,"featured_media":0,"parent":0,"menu_order":0,"comment_status":"closed","ping_status":"closed","template":"full_width.php","meta":{"footnotes":""},"_links":{"self":[{"href":"https:\/\/www.bienaldelchaco.org\/2022\/wp-json\/wp\/v2\/pages\/7496"}],"collection":[{"href":"https:\/\/www.bienaldelchaco.org\/2022\/wp-json\/wp\/v2\/pages"}],"about":[{"href":"https:\/\/www.bienaldelchaco.org\/2022\/wp-json\/wp\/v2\/types\/page"}],"author":[{"embeddable":true,"href":"https:\/\/www.bienaldelchaco.org\/2022\/wp-json\/wp\/v2\/users\/3"}],"replies":[{"embeddable":true,"href":"https:\/\/www.bienaldelchaco.org\/2022\/wp-json\/wp\/v2\/comments?post=7496"}],"version-history":[{"count":76,"href":"https:\/\/www.bienaldelchaco.org\/2022\/wp-json\/wp\/v2\/pages\/7496\/revisions"}],"predecessor-version":[{"id":8770,"href":"https:\/\/www.bienaldelchaco.org\/2022\/wp-json\/wp\/v2\/pages\/7496\/revisions\/8770"}],"wp:attachment":[{"href":"https:\/\/www.bienaldelchaco.org\/2022\/wp-json\/wp\/v2\/media?parent=7496"}],"curies":[{"name":"wp","href":"https:\/\/api.w.org\/{rel}","templated":true}]}}