{"id":9010,"date":"2022-05-06T19:12:03","date_gmt":"2022-05-06T22:12:03","guid":{"rendered":"https:\/\/www.bienaldelchaco.org\/2022\/?page_id=9010"},"modified":"2022-07-15T10:03:23","modified_gmt":"2022-07-15T13:03:23","slug":"seminario-de-arte-derecho-patrimonio-y-urbanismo","status":"publish","type":"page","link":"https:\/\/www.bienaldelchaco.org\/2022\/seminario-de-arte-derecho-patrimonio-y-urbanismo\/","title":{"rendered":"Seminario de arte, derecho, patrimonio y urbanismo"},"content":{"rendered":"[vc_row css_animation=&#8221;&#8221; row_type=&#8221;row&#8221; use_row_as_full_screen_section=&#8221;no&#8221; type=&#8221;full_width&#8221; angled_section=&#8221;no&#8221; text_align=&#8221;left&#8221; background_image_as_pattern=&#8221;without_pattern&#8221; z_index=&#8221;&#8221;][vc_column offset=&#8221;vc_hidden-sm vc_hidden-xs&#8221;][vc_single_image image=&#8221;8366&#8243; img_size=&#8221;full&#8221; qode_css_animation=&#8221;&#8221;][\/vc_column][\/vc_row][vc_row css_animation=&#8221;&#8221; row_type=&#8221;row&#8221; use_row_as_full_screen_section=&#8221;no&#8221; type=&#8221;full_width&#8221; angled_section=&#8221;no&#8221; text_align=&#8221;left&#8221; background_image_as_pattern=&#8221;without_pattern&#8221; z_index=&#8221;&#8221;][vc_column offset=&#8221;vc_hidden-lg vc_hidden-md&#8221;][vc_single_image image=&#8221;8367&#8243; img_size=&#8221;full&#8221; qode_css_animation=&#8221;&#8221;][\/vc_column][\/vc_row][vc_row css_animation=&#8221;&#8221; row_type=&#8221;row&#8221; use_row_as_full_screen_section=&#8221;no&#8221; type=&#8221;grid&#8221; angled_section=&#8221;no&#8221; text_align=&#8221;left&#8221; background_image_as_pattern=&#8221;without_pattern&#8221; z_index=&#8221;&#8221;][vc_column css_animation=&#8221;fadeInLeftBig&#8221;][vc_empty_space height=&#8221;50px&#8221;][vc_column_text]<span style=\"font-family: 'Muli'; font-size: 30px; font-weight: bold;\">Seminario de arte, derecho, patrimonio y urbanismo<\/span>[\/vc_column_text][vc_column_text]<span style=\"font-family: 'Muli'; font-size: 20px; color: #696969;\">21 de julio de 2022 &#8211; de 9:00 a 12:00 hs. &#8211; Auditorio OSDE &#8211; Pueyrred\u00f3n 152 Resistencia, Chaco<\/span>[\/vc_column_text][vc_separator css_animation=&#8221;none&#8221; type=&#8221;small&#8221; position=&#8221;left&#8221; color=&#8221;#000000&#8243; width=&#8221;50&#8243;][vc_empty_space height=&#8221;10px&#8221;][vc_row_inner row_type=&#8221;row&#8221; type=&#8221;full_width&#8221; text_align=&#8221;left&#8221; css_animation=&#8221;&#8221;][vc_column_inner][vc_column_text]Coordinado por el Centro de Estudios de la Fundaci\u00f3n Urunday, el II <strong>SEMINARIO DE ARTE, DERECHO, PATRIMONIO Y URBANISMO<\/strong> nos propone un encuentro acad\u00e9mico para comprender las relaciones entre el Arte, el Derecho, la Protecci\u00f3n Patrimonial y el Urbanismo, motivado por el fen\u00f3meno singular de las obras de arte ubicadas en el espacio p\u00fablico.<\/p>\n<p>&nbsp;<\/p>\n<p><strong>ORGANIZA:<\/strong><\/p>\n<p><strong>Centro de Estudios de la Fundaci\u00f3n Urunday<\/strong><\/p>\n<p>&nbsp;<\/p>\n<p><strong>AUSPICIAN:<\/strong><\/p>\n<p><strong>Facultad de Artes, Dise\u00f1o y Ciencias de la Cultura<\/strong><\/p>\n<p><strong>Empresa OSDE<\/strong>[\/vc_column_text][vc_empty_space height=&#8221;50px&#8221;][vc_column_text]<span style=\"font-family: Muli;\"><span style=\"font-size: 22px;\"><b>Autoridades<\/b><\/span><\/span>[\/vc_column_text][vc_separator css_animation=&#8221;none&#8221; type=&#8221;small&#8221; position=&#8221;left&#8221; color=&#8221;#000000&#8243; width=&#8221;50&#8243;][vc_column_text]Director: Abog. Diego Marcelo Daniel Tolosa<\/p>\n<p>Coordinador: Abog. Pablo Silvestri Raffin[\/vc_column_text][vc_empty_space height=&#8221;50px&#8221;][vc_column_text]<span style=\"font-family: Muli;\"><span style=\"font-size: 22px;\"><b>Disertantes<\/b><\/span><\/span>[\/vc_column_text][vc_separator css_animation=&#8221;none&#8221; type=&#8221;small&#8221; position=&#8221;left&#8221; color=&#8221;#000000&#8243; width=&#8221;50&#8243;][vc_column_text]<strong>Prof. Adriana Ortolani:<\/strong><\/p>\n<p>Profesora de Bellas Artes (Esc. Nac. de Bellas Artes \u201cPrilidiano Pueyrred\u00f3n\u201d).<\/p>\n<p>Disertante, autora y profesora de cursos relacionados con el patrimonio escult\u00f3rico y monumental y los museos de Bs. As. en el Museo de Artes Pl\u00e1sticas Eduardo S\u00edvori; Museo, Biblioteca y Archivo Hist\u00f3rico Municipal \u201cDr. Horacio Beccar\u201d (San Isidro); Foro de las Ciencias y las Artes (Vte. L\u00f3pez), Ferias del libro de San Nicol\u00e1s de los Arroyos, etc.<\/p>\n<p>Docente Titular en Universidad Nacional de las Artes (Museo de la C\u00e1rcova), en charlas, cursos y seminarios sobre Museos y Patrimonio Cultural Urbano.<br \/>\nDocente visitante en Universidad ESEADE,\u00a0en la materia Programa de Patrimonio P\u00fablico II (C\u00e1tedra Lic. Juan L\u00e1zara) de la Licenciatura en Curadur\u00eda y Gesti\u00f3n en Arte.<br \/>\nProfesora del \u201cCurso de capacitaci\u00f3n y est\u00edmulo para gu\u00edas y auxiliares de sala del Museo Pueyrred\u00f3n\u201d, Museo Brigadier General Juan Mart\u00edn de Pueyrred\u00f3n, San Isidro.<br \/>\nCapacitadora Docente, por concurso de proyectos, a trav\u00e9s del Consejo Municipal de Educaci\u00f3n de Tigre (2004 \u2013 2008).<\/p>\n<p>&nbsp;<\/p>\n<p>&nbsp;<\/p>\n<p><strong>Prof. Oscar de Bueno<\/strong><\/p>\n<p>Escultor. Ha participado en m\u00e1s de cien muestras y eventos de escultura en el pa\u00eds y en el exterior. Obtuvo numerosos premios: 1er., 2do, y 3er Premio del Sal\u00f3n \u201cManuel Belgrano\u201d (2016, 2014 y 2000), 2do. y 3er. Premio del Sal\u00f3n Nacional (2016 y 2015). Premio Subsidio a la Creaci\u00f3n del Fondo Cultura BA para el proyecto \u201cDesde la orilla\u201d (2005).\u00a0 Docente \u2013 Investigador y Profesor Titular de la C\u00e1tedra OTAV Escultura de la U.N.A. <strong>Licenciado en Artes Visuales<\/strong>\u00a0orientaci\u00f3n Escultura CUM LAUDE. U.N.A. <strong>Profesor de Arte en Artes Visuales<\/strong>\u00a0egresado de la U.N.A. y <strong>Profesor Nacional de Escultura<\/strong>\u00a0egresado de la Escuela Nacional de Bellas Artes \u201cPrilidiano Pueyrred\u00f3n\u201d con Diploma de Honor.<\/p>\n<p><strong>\u00a0<\/strong><\/p>\n<p>&nbsp;<\/p>\n<p><strong>Prof. Enrique Gonzalez de Navas<\/strong><\/p>\n<p>Artista pl\u00e1stico \u2013 docente investigador UNLP.<br \/>\nActualmente se desempe\u00f1a como Profesor Titular de Escultura B\u00e1sica III y IV en la UNLP; y de la preparaci\u00f3n de egresados (Trabajo final de Cursada) y tutor\u00eda de tesistas Trabajo Final de Licenciatura).<\/p>\n<p>Integr\u00f3 un equipo de investigaci\u00f3n en la UNLP, dedicado al estudio de \u00abT\u00e9cnicas y normas de preservaci\u00f3n, restauraci\u00f3n y emplazamiento de esculturas y monumentos\u00bb desde 1995 hasta 2005, especializ\u00e1ndose en el emplazamiento de esculturas en relaci\u00f3n con el entorno (arquitect\u00f3nico, urban\u00edstico, paisaj\u00edstico). Realiz\u00f3 relevamientos de casos de Escultura en Espacios Exteriores en Argentina (Buenos Aires, Resistencia, Tandil, Misiones, La Plata); Brasil (Sao Paulo); Israel (Jerusal\u00e9n, Tel Aviv); Egipto (Luxor, Abu Simbel), Holanda (Museo Kr\u00f6ller M\u00fcller, Rotterdam, Amsterdam y otros sitios de Holanda); Francia (Par\u00eds); Brasil (Sao Paulo); Espa\u00f1a (Barcelona, Madrid, Bilbao); China continental (Beijing, Shangh\u00e1i). En ese marco de actividades, public\u00f3 varios ensayos y art\u00edculos sobre \u201cescultura y monumentos en los espacios exteriores\u201d en la Revista de Investigaciones Cient\u00edficas de la Facultad de Bellas Artes y en otros medios.<\/p>\n<p>&nbsp;<\/p>\n<p>&nbsp;<\/p>\n<p><strong>Prof. Arq. Linda Peso<\/strong><\/p>\n<p>Mag\u00edster en Procesos de Integraci\u00f3n Regional Universidad Nacional del Nordeste Argentina. C\u00e1tedra Conservaci\u00f3n del Patrimonio Arquitect\u00f3nico. FAU-UNNE., Argentina. Secretaria de Posgrado de la Facultad de Arquitectura y Urbanismo de la Unne. Delegada de la Comisi\u00f3n Nacional de Monumentos, de Lugares y Bienes Hist\u00f3ricos.<\/p>\n<p>&nbsp;<\/p>\n<p>&nbsp;<\/p>\n<p><strong>Arq. Luisa Alegre Levrino:<\/strong><\/p>\n<p>Arquitecta. Master en Urbanismo de la Universidad Polit\u00e9cnica de Catalu\u00f1a, Barcelona.<\/p>\n<p>&nbsp;<\/p>\n<p>&nbsp;<\/p>\n<p><strong>Prof. Federico Valdez<\/strong><\/p>\n<p>Abogado especializado en propiedad intelectual, es agente de la propiedad intelectual INPI y est\u00e1 a cargo del \u00e1rea de propiedad intelectual de la unidad de vinculaci\u00f3n tecnol\u00f3gica de la Facultad Regional Resistencia de la Universidad Tecnol\u00f3gica Nacional (FRRe UTN). Es profesor titular de la c\u00e1tedra de Derecho a la Cultura y Protecci\u00f3n Legal de Bienes Culturales en Facultad de Artes, Dise\u00f1o y Ciencias de la Cultura de la Universidad Nacional del Nordeste (FADDYC UNNE).[\/vc_column_text][\/vc_column_inner][\/vc_row_inner][vc_empty_space height=&#8221;100px&#8221;][vc_single_image image=&#8221;9949&#8243; img_size=&#8221;full&#8221; onclick=&#8221;custom_link&#8221; qode_css_animation=&#8221;&#8221; qode_hover_animation=&#8221;zoom_in&#8221; link=&#8221;https:\/\/www.bienaldelchaco.org\/2022\/events\/seminario-de-arte-derecho-patrimonio-y-urbanismo-coord-dr-diego-tolosa\/&#8221;][vc_empty_space height=&#8221;100px&#8221;][\/vc_column][\/vc_row][vc_row css_animation=&#8221;&#8221; row_type=&#8221;row&#8221; use_row_as_full_screen_section=&#8221;no&#8221; type=&#8221;full_width&#8221; angled_section=&#8221;no&#8221; text_align=&#8221;left&#8221; background_image_as_pattern=&#8221;without_pattern&#8221; background_color=&#8221;#000000&#8243; z_index=&#8221;&#8221;][vc_column][vc_row_inner row_type=&#8221;row&#8221; type=&#8221;grid&#8221; text_align=&#8221;left&#8221; css_animation=&#8221;&#8221;][vc_column_inner][vc_single_image image=&#8221;9034&#8243; img_size=&#8221;full&#8221; qode_css_animation=&#8221;&#8221; css=&#8221;.vc_custom_1652211145801{margin-top: -4% !important;}&#8221;][vc_empty_space height=&#8221;40px&#8221;][\/vc_column_inner][\/vc_row_inner][vc_row_inner row_type=&#8221;row&#8221; type=&#8221;grid&#8221; text_align=&#8221;left&#8221; css_animation=&#8221;&#8221;][vc_column_inner offset=&#8221;vc_hidden-sm vc_hidden-xs&#8221;][vc_single_image image=&#8221;9821&#8243; img_size=&#8221;full&#8221; alignment=&#8221;center&#8221; qode_css_animation=&#8221;&#8221; css=&#8221;.vc_custom_1657055749971{margin-top: -4% !important;}&#8221;][vc_empty_space height=&#8221;20px&#8221;][\/vc_column_inner][\/vc_row_inner][vc_row_inner row_type=&#8221;row&#8221; type=&#8221;full_width&#8221; text_align=&#8221;left&#8221; css_animation=&#8221;&#8221;][vc_column_inner offset=&#8221;vc_hidden-lg vc_hidden-md&#8221;][vc_single_image image=&#8221;9821&#8243; img_size=&#8221;full&#8221; alignment=&#8221;center&#8221; qode_css_animation=&#8221;&#8221; css=&#8221;.vc_custom_1657055749971{margin-top: -4% !important;}&#8221;][vc_empty_space height=&#8221;20px&#8221;][\/vc_column_inner][\/vc_row_inner][\/vc_column][\/vc_row][vc_row css_animation=&#8221;&#8221; row_type=&#8221;row&#8221; use_row_as_full_screen_section=&#8221;no&#8221; type=&#8221;full_width&#8221; angled_section=&#8221;no&#8221; text_align=&#8221;left&#8221; background_image_as_pattern=&#8221;without_pattern&#8221;][vc_column][vc_row_inner row_type=&#8221;row&#8221; type=&#8221;grid&#8221; text_align=&#8221;left&#8221; css_animation=&#8221;&#8221;][vc_column_inner][vc_empty_space][vc_column_text]\n<p style=\"text-align: center;\"><img decoding=\"async\" src=\"https:\/\/www.bienaldelchaco.org\/2022\/wp-content\/uploads\/2022\/05\/logo-certificado.fw_.png\" alt=\"\" \/>\u00a0 \u00a0<span style=\"font-size: 19px; vertical-align: top;\">Con certificaci\u00f3n de la Facultad de Artes, Dise\u00f1o y Ciencias de la Cultura de la UNNE (Resoluci\u00f3n &#8211; 159\/18 CD).<\/span><\/p>\n[\/vc_column_text][vc_empty_space height=&#8221;100px&#8221;][vc_column_text]<span style=\"font-family: 'Muli'; font-size: 20px; padding: 8px; background-color: #000000; color: #ffffff; line-height: 30px;\">Inscripciones finalizadas<\/span>[\/vc_column_text][vc_empty_space height=&#8221;100px&#8221;][\/vc_column_inner][\/vc_row_inner][\/vc_column][\/vc_row][vc_row css_animation=&#8221;&#8221; row_type=&#8221;row&#8221; use_row_as_full_screen_section=&#8221;no&#8221; type=&#8221;full_width&#8221; angled_section=&#8221;no&#8221; text_align=&#8221;left&#8221; background_image_as_pattern=&#8221;without_pattern&#8221; z_index=&#8221;&#8221;][vc_column][vc_gmaps link=&#8221;#E-8_JTNDaWZyYW1lJTIwc3JjJTNEJTIyaHR0cHMlM0ElMkYlMkZ3d3cuZ29vZ2xlLmNvbSUyRm1hcHMlMkZlbWJlZCUzRnBiJTNEJTIxMW0xNCUyMTFtOCUyMTFtMyUyMTFkMTQxNjQuMTA4NTQ3NzY3MjElMjEyZC01OC45ODEzNiUyMTNkLTI3LjQzNzI2NSUyMTNtMiUyMTFpMTAyNCUyMTJpNzY4JTIxNGYxMy4xJTIxM20zJTIxMW0yJTIxMXMweDAlMjUzQTB4ODkxNjE5YzIxNzc3ODg3YiUyMTJzUHJlZGlvJTJCZGUlMkJsYXMlMkJCaWVuYWxlcyUyMTVlMCUyMTNtMiUyMTFzZXMlMjEyc2FyJTIxNHYxNTQzMzM0MjMzNTkxJTIyJTIwd2lkdGglM0QlMjI4MDAlMjIlMjBoZWlnaHQlM0QlMjI2MDAlMjIlMjBmcmFtZWJvcmRlciUzRCUyMjAlMjIlMjBzdHlsZSUzRCUyMmJvcmRlciUzQTAlMjIlMjBhbGxvd2Z1bGxzY3JlZW4lM0UlM0MlMkZpZnJhbWUlM0U=&#8221;][\/vc_column][\/vc_row][vc_row css_animation=&#8221;&#8221; row_type=&#8221;row&#8221; use_row_as_full_screen_section=&#8221;no&#8221; type=&#8221;full_width&#8221; angled_section=&#8221;no&#8221; text_align=&#8221;left&#8221; background_image_as_pattern=&#8221;without_pattern&#8221; css=&#8221;.vc_custom_1547758416598{background-color: #d9d9d9 !important;}&#8221; z_index=&#8221;&#8221;][vc_column][vc_row_inner row_type=&#8221;row&#8221; type=&#8221;grid&#8221; text_align=&#8221;left&#8221; css_animation=&#8221;&#8221;][vc_column_inner width=&#8221;1\/12&#8243;][\/vc_column_inner][vc_column_inner width=&#8221;5\/12&#8243; css=&#8221;.vc_custom_1547821470341{margin-top: -150px !important;background-color: #ffffff !important;}&#8221;][vc_column_text]\n<div class=\"wpcf7 no-js\" id=\"wpcf7-f256-o1\" lang=\"en-US\" dir=\"ltr\">\n<div class=\"screen-reader-response\"><p role=\"status\" aria-live=\"polite\" aria-atomic=\"true\"><\/p> <ul><\/ul><\/div>\n<form action=\"\/2022\/wp-json\/wp\/v2\/pages\/9010#wpcf7-f256-o1\" method=\"post\" class=\"wpcf7-form init\" aria-label=\"Contact form\" novalidate=\"novalidate\" data-status=\"init\">\n<div style=\"display: none;\">\n<input type=\"hidden\" name=\"_wpcf7\" value=\"256\" \/>\n<input type=\"hidden\" name=\"_wpcf7_version\" value=\"5.8.6\" \/>\n<input type=\"hidden\" name=\"_wpcf7_locale\" value=\"en_US\" \/>\n<input type=\"hidden\" name=\"_wpcf7_unit_tag\" value=\"wpcf7-f256-o1\" \/>\n<input type=\"hidden\" name=\"_wpcf7_container_post\" value=\"0\" \/>\n<input type=\"hidden\" name=\"_wpcf7_posted_data_hash\" value=\"\" \/>\n<input type=\"hidden\" name=\"_wpcf7cf_hidden_group_fields\" value=\"[]\" \/>\n<input type=\"hidden\" name=\"_wpcf7cf_hidden_groups\" value=\"[]\" \/>\n<input type=\"hidden\" name=\"_wpcf7cf_visible_groups\" value=\"[]\" \/>\n<input type=\"hidden\" name=\"_wpcf7cf_repeaters\" value=\"[]\" \/>\n<input type=\"hidden\" name=\"_wpcf7cf_steps\" value=\"{}\" \/>\n<input type=\"hidden\" name=\"_wpcf7cf_options\" value=\"{&quot;form_id&quot;:256,&quot;conditions&quot;:[],&quot;settings&quot;:{&quot;animation&quot;:&quot;yes&quot;,&quot;animation_intime&quot;:200,&quot;animation_outtime&quot;:200,&quot;conditions_ui&quot;:&quot;normal&quot;,&quot;notice_dismissed&quot;:false,&quot;notice_dismissed_rollback-cf7-5.3.2&quot;:true}}\" \/>\n<input type=\"hidden\" name=\"_wpcf7_recaptcha_response\" value=\"\" \/>\n<\/div>\n<p>Apellido y Nombre (requerido)\n<\/p>\n<p><span class=\"wpcf7-form-control-wrap\" data-name=\"nombre\"><input size=\"125\" class=\"wpcf7-form-control wpcf7-text wpcf7-validates-as-required\" aria-required=\"true\" aria-invalid=\"false\" value=\"\" type=\"text\" name=\"nombre\" \/><\/span>\n<\/p>\n<p>Email (requerido)\n<\/p>\n<p><span class=\"wpcf7-form-control-wrap\" data-name=\"email\"><input size=\"106\" class=\"wpcf7-form-control wpcf7-email wpcf7-validates-as-required wpcf7-text wpcf7-validates-as-email\" aria-required=\"true\" aria-invalid=\"false\" value=\"\" type=\"email\" name=\"email\" \/><\/span>\n<\/p>\n<p>Asunto\n<\/p>\n<p><span class=\"wpcf7-form-control-wrap\" data-name=\"asunto\"><input size=\"125\" class=\"wpcf7-form-control wpcf7-text wpcf7-validates-as-required\" aria-required=\"true\" aria-invalid=\"false\" value=\"\" type=\"text\" name=\"asunto\" \/><\/span>\n<\/p>\n<p>Consulta \/ Mensaje\n<\/p>\n<p><span class=\"wpcf7-form-control-wrap\" data-name=\"mensaje\"><textarea cols=\"100\" rows=\"5\" class=\"wpcf7-form-control wpcf7-textarea\" aria-invalid=\"false\" name=\"mensaje\"><\/textarea><\/span>\n<\/p>\n<p>&nbsp;\n<\/p>\n<p><input class=\"wpcf7-form-control wpcf7-submit has-spinner\" type=\"submit\" value=\"Enviar\" \/>\n<\/p><div class=\"wpcf7-response-output\" aria-hidden=\"true\"><\/div>\n<\/form>\n<\/div>\n[\/vc_column_text][\/vc_column_inner][vc_column_inner width=&#8221;5\/12&#8243; css=&#8221;.vc_custom_1547827816955{margin-top: -150px !important;background-color: #ffffff !important;}&#8221; offset=&#8221;vc_hidden-sm vc_hidden-xs&#8221;][vc_column_text css=&#8221;.vc_custom_1560283669445{padding-top: 100px !important;padding-bottom: 240px !important;}&#8221;]\n<h2 style=\"text-align: center;\"><strong>Visite la Bienal<\/strong><\/h2>\n<p>&nbsp;<\/p>\n<p style=\"text-align: center;\"><strong>Avenida de los Inmigrantes 1001 &#8211; H3504DMA<\/strong><br \/>\n<strong>Resistencia, Chaco &#8211; Argentina<\/strong><\/p>\n<p>&nbsp;<\/p>\n<p style=\"text-align: center;\">Tel: +54 362 4415020<br \/>\nurunday@bienaldelchaco.com<\/p>\n[\/vc_column_text][\/vc_column_inner][vc_column_inner width=&#8221;1\/12&#8243;][\/vc_column_inner][\/vc_row_inner][vc_empty_space height=&#8221;50px&#8221;][\/vc_column][\/vc_row]\n","protected":false},"excerpt":{"rendered":"<p>[vc_row css_animation=&#8221;&#8221; row_type=&#8221;row&#8221; use_row_as_full_screen_section=&#8221;no&#8221; type=&#8221;full_width&#8221; angled_section=&#8221;no&#8221; text_align=&#8221;left&#8221; background_image_as_pattern=&#8221;without_pattern&#8221; z_index=&#8221;&#8221;][vc_column offset=&#8221;vc_hidden-sm vc_hidden-xs&#8221;][vc_single_image image=&#8221;8366&#8243; img_size=&#8221;full&#8221; qode_css_animation=&#8221;&#8221;][\/vc_column][\/vc_row][vc_row css_animation=&#8221;&#8221; row_type=&#8221;row&#8221; use_row_as_full_screen_section=&#8221;no&#8221; type=&#8221;full_width&#8221; angled_section=&#8221;no&#8221; text_align=&#8221;left&#8221; background_image_as_pattern=&#8221;without_pattern&#8221; z_index=&#8221;&#8221;][vc_column offset=&#8221;vc_hidden-lg vc_hidden-md&#8221;][vc_single_image image=&#8221;8367&#8243; img_size=&#8221;full&#8221; qode_css_animation=&#8221;&#8221;][\/vc_column][\/vc_row][vc_row css_animation=&#8221;&#8221; row_type=&#8221;row&#8221; use_row_as_full_screen_section=&#8221;no&#8221; type=&#8221;grid&#8221; angled_section=&#8221;no&#8221; text_align=&#8221;left&#8221; background_image_as_pattern=&#8221;without_pattern&#8221; z_index=&#8221;&#8221;][vc_column css_animation=&#8221;fadeInLeftBig&#8221;][vc_empty_space height=&#8221;50px&#8221;][vc_column_text]Seminario de arte, derecho, patrimonio y urbanismo[\/vc_column_text][vc_column_text]21 de julio&#8230;<\/p>\n","protected":false},"author":3,"featured_media":0,"parent":0,"menu_order":0,"comment_status":"closed","ping_status":"closed","template":"full_width.php","meta":{"footnotes":""},"_links":{"self":[{"href":"https:\/\/www.bienaldelchaco.org\/2022\/wp-json\/wp\/v2\/pages\/9010"}],"collection":[{"href":"https:\/\/www.bienaldelchaco.org\/2022\/wp-json\/wp\/v2\/pages"}],"about":[{"href":"https:\/\/www.bienaldelchaco.org\/2022\/wp-json\/wp\/v2\/types\/page"}],"author":[{"embeddable":true,"href":"https:\/\/www.bienaldelchaco.org\/2022\/wp-json\/wp\/v2\/users\/3"}],"replies":[{"embeddable":true,"href":"https:\/\/www.bienaldelchaco.org\/2022\/wp-json\/wp\/v2\/comments?post=9010"}],"version-history":[{"count":34,"href":"https:\/\/www.bienaldelchaco.org\/2022\/wp-json\/wp\/v2\/pages\/9010\/revisions"}],"predecessor-version":[{"id":9966,"href":"https:\/\/www.bienaldelchaco.org\/2022\/wp-json\/wp\/v2\/pages\/9010\/revisions\/9966"}],"wp:attachment":[{"href":"https:\/\/www.bienaldelchaco.org\/2022\/wp-json\/wp\/v2\/media?parent=9010"}],"curies":[{"name":"wp","href":"https:\/\/api.w.org\/{rel}","templated":true}]}}