{"id":9142,"date":"2022-05-12T11:24:54","date_gmt":"2022-05-12T14:24:54","guid":{"rendered":"https:\/\/www.bienaldelchaco.org\/2022\/?page_id=9142"},"modified":"2022-07-15T18:06:15","modified_gmt":"2022-07-15T21:06:15","slug":"escultores-invitados","status":"publish","type":"page","link":"https:\/\/www.bienaldelchaco.org\/2022\/escultores-invitados\/","title":{"rendered":"Escultores Invitados"},"content":{"rendered":"[vc_row css_animation=&#8221;&#8221; row_type=&#8221;row&#8221; use_row_as_full_screen_section=&#8221;no&#8221; type=&#8221;full_width&#8221; angled_section=&#8221;no&#8221; text_align=&#8221;left&#8221; background_image_as_pattern=&#8221;without_pattern&#8221; z_index=&#8221;&#8221;][vc_column offset=&#8221;vc_hidden-sm vc_hidden-xs&#8221;][vc_single_image image=&#8221;8360&#8243; img_size=&#8221;full&#8221; qode_css_animation=&#8221;&#8221;][\/vc_column][\/vc_row][vc_row css_animation=&#8221;&#8221; row_type=&#8221;row&#8221; use_row_as_full_screen_section=&#8221;no&#8221; type=&#8221;full_width&#8221; angled_section=&#8221;no&#8221; text_align=&#8221;left&#8221; background_image_as_pattern=&#8221;without_pattern&#8221; z_index=&#8221;&#8221;][vc_column offset=&#8221;vc_hidden-lg vc_hidden-md&#8221;][vc_single_image image=&#8221;8361&#8243; img_size=&#8221;full&#8221; qode_css_animation=&#8221;&#8221;][\/vc_column][\/vc_row][vc_row css_animation=&#8221;&#8221; row_type=&#8221;row&#8221; use_row_as_full_screen_section=&#8221;no&#8221; type=&#8221;grid&#8221; angled_section=&#8221;no&#8221; text_align=&#8221;left&#8221; background_image_as_pattern=&#8221;without_pattern&#8221; background_color=&#8221;#ebebeb&#8221; z_index=&#8221;&#8221;][vc_column css_animation=&#8221;fadeInLeftBig&#8221;][vc_empty_space height=&#8221;50px&#8221;][vc_column_text]<span style=\"font-family: 'Muli'; font-size: 30px; font-weight: bold;\">Encuentro de Escultores Invitados<\/span>[\/vc_column_text][vc_column_text]<span style=\"font-family: 'Muli'; font-size: 20px; color: #696969;\">16 al 23 de julio de 2022<\/span>[\/vc_column_text][vc_separator css_animation=&#8221;none&#8221; type=&#8221;small&#8221; position=&#8221;left&#8221; color=&#8221;#000000&#8243; width=&#8221;50&#8243;][vc_empty_space height=&#8221;10px&#8221;][vc_row_inner row_type=&#8221;row&#8221; type=&#8221;full_width&#8221; text_align=&#8221;left&#8221; css_animation=&#8221;&#8221;][vc_column_inner][vc_column_text]El <strong>ENCUENTRO DE ESCULTORES INVITADOS <\/strong>re\u00fane 8 artistas de Argentina y Latinoam\u00e9rica que elaborar\u00e1n sus obras con una amplia libertad de t\u00e9cnicas y materiales. Sus propuestas muestrean lo ancho del universo de la creaci\u00f3n contempor\u00e1nea y las posibilidades multiplicadoras, vivificantes y siempre originales del arte.[\/vc_column_text][vc_empty_space height=&#8221;30px&#8221;][\/vc_column_inner][\/vc_row_inner][vc_empty_space height=&#8221;50px&#8221;][\/vc_column][\/vc_row][vc_row css_animation=&#8221;&#8221; row_type=&#8221;row&#8221; use_row_as_full_screen_section=&#8221;no&#8221; type=&#8221;full_width&#8221; angled_section=&#8221;no&#8221; text_align=&#8221;left&#8221; background_image_as_pattern=&#8221;without_pattern&#8221; background_color=&#8221;#ebebeb&#8221; z_index=&#8221;&#8221;][vc_column css_animation=&#8221;fadeInLeftBig&#8221;][vc_empty_space height=&#8221;50px&#8221;][vc_row_inner row_type=&#8221;row&#8221; type=&#8221;grid&#8221; text_align=&#8221;left&#8221; css_animation=&#8221;&#8221;][vc_column_inner css=&#8221;.vc_custom_1643373532648{padding-left: 20px !important;}&#8221;][vc_column_text]\n<h2 style=\"text-align: left; color: #ffffff; font-family: 'Muli';\"><span style=\"color: #000000;\">Escultores Seleccionados<\/span><\/h2>\n[\/vc_column_text][vc_separator css_animation=&#8221;none&#8221; type=&#8221;small&#8221; position=&#8221;left&#8221; color=&#8221;#000000&#8243; width=&#8221;50&#8243;][\/vc_column_inner][\/vc_row_inner][vc_empty_space height=&#8221;10px&#8221;][vc_row_inner row_type=&#8221;row&#8221; type=&#8221;grid&#8221; text_align=&#8221;left&#8221; css_animation=&#8221;&#8221;][vc_column_inner width=&#8221;1\/4&#8243;][vc_single_image image=&#8221;9160&#8243; img_size=&#8221;full&#8221; alignment=&#8221;center&#8221; onclick=&#8221;custom_link&#8221; qode_css_animation=&#8221;element_from_fade&#8221; qode_hover_animation=&#8221;zoom_in&#8221; link=&#8221;\/2022\/escultores-invitados-norma-siguelboim\/&#8221;][vc_empty_space height=&#8221;30px&#8221;][\/vc_column_inner][vc_column_inner width=&#8221;1\/4&#8243;][vc_single_image image=&#8221;9166&#8243; img_size=&#8221;full&#8221; alignment=&#8221;center&#8221; onclick=&#8221;custom_link&#8221; qode_css_animation=&#8221;element_from_fade&#8221; qode_hover_animation=&#8221;zoom_in&#8221; link=&#8221;\/2022\/escultores-invitados-gerardo-suter\/&#8221;][vc_empty_space height=&#8221;30px&#8221;][\/vc_column_inner][vc_column_inner width=&#8221;1\/4&#8243;][vc_single_image image=&#8221;9225&#8243; img_size=&#8221;full&#8221; alignment=&#8221;center&#8221; onclick=&#8221;custom_link&#8221; qode_css_animation=&#8221;element_from_fade&#8221; qode_hover_animation=&#8221;zoom_in&#8221; link=&#8221;\/2022\/escultores-invitados-monica-souza\/&#8221;][vc_empty_space height=&#8221;30px&#8221;][\/vc_column_inner][vc_column_inner width=&#8221;1\/4&#8243;][vc_single_image image=&#8221;9226&#8243; img_size=&#8221;full&#8221; alignment=&#8221;center&#8221; onclick=&#8221;custom_link&#8221; qode_css_animation=&#8221;element_from_fade&#8221; qode_hover_animation=&#8221;zoom_in&#8221; link=&#8221;\/2022\/escultores-invitados-juan-sorrentino\/&#8221;][vc_empty_space height=&#8221;30px&#8221;][\/vc_column_inner][\/vc_row_inner][vc_row_inner row_type=&#8221;row&#8221; type=&#8221;grid&#8221; text_align=&#8221;left&#8221; css_animation=&#8221;&#8221;][vc_column_inner width=&#8221;1\/4&#8243;][vc_single_image image=&#8221;9227&#8243; img_size=&#8221;full&#8221; add_caption=&#8221;yes&#8221; alignment=&#8221;center&#8221; onclick=&#8221;custom_link&#8221; qode_css_animation=&#8221;element_from_fade&#8221; qode_hover_animation=&#8221;zoom_in&#8221; link=&#8221;\/2022\/escultores-invitados-alejandro-arce\/&#8221;][vc_empty_space height=&#8221;30px&#8221;][\/vc_column_inner][vc_column_inner width=&#8221;1\/4&#8243;][vc_single_image image=&#8221;9228&#8243; img_size=&#8221;full&#8221; alignment=&#8221;center&#8221; onclick=&#8221;custom_link&#8221; qode_css_animation=&#8221;element_from_fade&#8221; qode_hover_animation=&#8221;zoom_in&#8221; link=&#8221;\/2022\/escultores-invitados-fabiana-larrea\/&#8221;][vc_empty_space height=&#8221;30px&#8221;][\/vc_column_inner][vc_column_inner width=&#8221;1\/4&#8243;][\/vc_column_inner][vc_column_inner width=&#8221;1\/4&#8243;][\/vc_column_inner][\/vc_row_inner][vc_empty_space height=&#8221;60px&#8221;][\/vc_column][\/vc_row][vc_row css_animation=&#8221;&#8221; row_type=&#8221;row&#8221; use_row_as_full_screen_section=&#8221;no&#8221; type=&#8221;full_width&#8221; angled_section=&#8221;no&#8221; text_align=&#8221;left&#8221; background_image_as_pattern=&#8221;without_pattern&#8221;][vc_column][vc_row_inner row_type=&#8221;row&#8221; type=&#8221;grid&#8221; text_align=&#8221;left&#8221; css_animation=&#8221;&#8221;][vc_column_inner width=&#8221;2\/3&#8243;][vc_empty_space height=&#8221;60px&#8221;][vc_column_text]\n<p style=\"text-align: center;\"><img loading=\"lazy\" decoding=\"async\" class=\"size-full wp-image-8242\" src=\"http:\/\/www.bienaldelchaco.org\/2022\/wp-content\/uploads\/2021\/11\/01-Mecenazgo.png\" alt=\"\" width=\"333\" height=\"66\" srcset=\"https:\/\/www.bienaldelchaco.org\/2022\/wp-content\/uploads\/2021\/11\/01-Mecenazgo.png 333w, https:\/\/www.bienaldelchaco.org\/2022\/wp-content\/uploads\/2021\/11\/01-Mecenazgo-300x59.png 300w\" sizes=\"(max-width: 333px) 100vw, 333px\" \/><img loading=\"lazy\" decoding=\"async\" class=\"size-full wp-image-8243\" src=\"http:\/\/www.bienaldelchaco.org\/2022\/wp-content\/uploads\/2021\/11\/02-Cultura-y-Loteria.png\" alt=\"\" width=\"333\" height=\"66\" srcset=\"https:\/\/www.bienaldelchaco.org\/2022\/wp-content\/uploads\/2021\/11\/02-Cultura-y-Loteria.png 333w, https:\/\/www.bienaldelchaco.org\/2022\/wp-content\/uploads\/2021\/11\/02-Cultura-y-Loteria-300x59.png 300w\" sizes=\"(max-width: 333px) 100vw, 333px\" \/><br \/>\n<img loading=\"lazy\" decoding=\"async\" class=\"size-full wp-image-8245\" src=\"http:\/\/www.bienaldelchaco.org\/2022\/wp-content\/uploads\/2021\/11\/03-UNNE-UTN.png\" alt=\"\" width=\"333\" height=\"66\" srcset=\"https:\/\/www.bienaldelchaco.org\/2022\/wp-content\/uploads\/2021\/11\/03-UNNE-UTN.png 333w, https:\/\/www.bienaldelchaco.org\/2022\/wp-content\/uploads\/2021\/11\/03-UNNE-UTN-300x59.png 300w\" sizes=\"(max-width: 333px) 100vw, 333px\" \/><img loading=\"lazy\" decoding=\"async\" class=\"size-full wp-image-8246\" src=\"http:\/\/www.bienaldelchaco.org\/2022\/wp-content\/uploads\/2021\/11\/04-Gobierno-y-Nacion.png\" alt=\"\" width=\"333\" height=\"66\" srcset=\"https:\/\/www.bienaldelchaco.org\/2022\/wp-content\/uploads\/2021\/11\/04-Gobierno-y-Nacion.png 333w, https:\/\/www.bienaldelchaco.org\/2022\/wp-content\/uploads\/2021\/11\/04-Gobierno-y-Nacion-300x59.png 300w\" sizes=\"(max-width: 333px) 100vw, 333px\" \/><br \/>\n<img loading=\"lazy\" decoding=\"async\" class=\"size-full wp-image-8247\" src=\"http:\/\/www.bienaldelchaco.org\/2022\/wp-content\/uploads\/2021\/11\/05-Ciudad-TurismoChaco-MarcaPais.png\" alt=\"\" width=\"433\" height=\"66\" srcset=\"https:\/\/www.bienaldelchaco.org\/2022\/wp-content\/uploads\/2021\/11\/05-Ciudad-TurismoChaco-MarcaPais.png 433w, https:\/\/www.bienaldelchaco.org\/2022\/wp-content\/uploads\/2021\/11\/05-Ciudad-TurismoChaco-MarcaPais-300x46.png 300w\" sizes=\"(max-width: 433px) 100vw, 433px\" \/><\/p>\n[\/vc_column_text][\/vc_column_inner][vc_column_inner width=&#8221;1\/3&#8243;][vc_empty_space height=&#8221;60px&#8221;][vc_column_text]\n<h2 style=\"text-align: left;\"><strong>Mecenas<\/strong><\/h2>\n[\/vc_column_text][vc_separator type=&#8221;small&#8221; position=&#8221;left&#8221; color=&#8221;#000000&#8243;][vc_column_text]<strong>Haciendo del Arte un Bien de Todos.<\/strong>[\/vc_column_text][vc_empty_space]<a  itemprop=\"url\" href=\"http:\/\/www.bienaldelchaco.org\/2022\/mecenas\/\" target=\"_self\"  class=\"qbutton  medium center default ver_button\" style=\"border-radius: 0px;-moz-border-radius: 0px;-webkit-border-radius: 0px; \">Ver<\/a>[\/vc_column_inner][\/vc_row_inner][vc_empty_space height=&#8221;60px&#8221;][\/vc_column][\/vc_row][vc_row css_animation=&#8221;&#8221; row_type=&#8221;row&#8221; use_row_as_full_screen_section=&#8221;no&#8221; type=&#8221;full_width&#8221; angled_section=&#8221;no&#8221; text_align=&#8221;left&#8221; background_image_as_pattern=&#8221;without_pattern&#8221; z_index=&#8221;&#8221;][vc_column][vc_gmaps link=&#8221;#E-8_JTNDaWZyYW1lJTIwc3JjJTNEJTIyaHR0cHMlM0ElMkYlMkZ3d3cuZ29vZ2xlLmNvbSUyRm1hcHMlMkZlbWJlZCUzRnBiJTNEJTIxMW0xNCUyMTFtOCUyMTFtMyUyMTFkMTQxNjQuMTA4NTQ3NzY3MjElMjEyZC01OC45ODEzNiUyMTNkLTI3LjQzNzI2NSUyMTNtMiUyMTFpMTAyNCUyMTJpNzY4JTIxNGYxMy4xJTIxM20zJTIxMW0yJTIxMXMweDAlMjUzQTB4ODkxNjE5YzIxNzc3ODg3YiUyMTJzUHJlZGlvJTJCZGUlMkJsYXMlMkJCaWVuYWxlcyUyMTVlMCUyMTNtMiUyMTFzZXMlMjEyc2FyJTIxNHYxNTQzMzM0MjMzNTkxJTIyJTIwd2lkdGglM0QlMjI4MDAlMjIlMjBoZWlnaHQlM0QlMjI2MDAlMjIlMjBmcmFtZWJvcmRlciUzRCUyMjAlMjIlMjBzdHlsZSUzRCUyMmJvcmRlciUzQTAlMjIlMjBhbGxvd2Z1bGxzY3JlZW4lM0UlM0MlMkZpZnJhbWUlM0U=&#8221;][\/vc_column][\/vc_row][vc_row css_animation=&#8221;&#8221; row_type=&#8221;row&#8221; use_row_as_full_screen_section=&#8221;no&#8221; type=&#8221;full_width&#8221; angled_section=&#8221;no&#8221; text_align=&#8221;left&#8221; background_image_as_pattern=&#8221;without_pattern&#8221; css=&#8221;.vc_custom_1547758416598{background-color: #d9d9d9 !important;}&#8221; z_index=&#8221;&#8221;][vc_column][vc_row_inner row_type=&#8221;row&#8221; type=&#8221;grid&#8221; text_align=&#8221;left&#8221; css_animation=&#8221;&#8221;][vc_column_inner width=&#8221;1\/12&#8243;][\/vc_column_inner][vc_column_inner width=&#8221;5\/12&#8243; css=&#8221;.vc_custom_1547821470341{margin-top: -150px !important;background-color: #ffffff !important;}&#8221;][vc_column_text]\n<div class=\"wpcf7 no-js\" id=\"wpcf7-f256-o1\" lang=\"en-US\" dir=\"ltr\">\n<div class=\"screen-reader-response\"><p role=\"status\" aria-live=\"polite\" aria-atomic=\"true\"><\/p> <ul><\/ul><\/div>\n<form action=\"\/2022\/wp-json\/wp\/v2\/pages\/9142#wpcf7-f256-o1\" method=\"post\" class=\"wpcf7-form init\" aria-label=\"Contact form\" novalidate=\"novalidate\" data-status=\"init\">\n<div style=\"display: none;\">\n<input type=\"hidden\" name=\"_wpcf7\" value=\"256\" \/>\n<input type=\"hidden\" name=\"_wpcf7_version\" value=\"5.8.6\" \/>\n<input type=\"hidden\" name=\"_wpcf7_locale\" value=\"en_US\" \/>\n<input type=\"hidden\" name=\"_wpcf7_unit_tag\" value=\"wpcf7-f256-o1\" \/>\n<input type=\"hidden\" name=\"_wpcf7_container_post\" value=\"0\" \/>\n<input type=\"hidden\" name=\"_wpcf7_posted_data_hash\" value=\"\" \/>\n<input type=\"hidden\" name=\"_wpcf7cf_hidden_group_fields\" value=\"[]\" \/>\n<input type=\"hidden\" name=\"_wpcf7cf_hidden_groups\" value=\"[]\" \/>\n<input type=\"hidden\" name=\"_wpcf7cf_visible_groups\" value=\"[]\" \/>\n<input type=\"hidden\" name=\"_wpcf7cf_repeaters\" value=\"[]\" \/>\n<input type=\"hidden\" name=\"_wpcf7cf_steps\" value=\"{}\" \/>\n<input type=\"hidden\" name=\"_wpcf7cf_options\" value=\"{&quot;form_id&quot;:256,&quot;conditions&quot;:[],&quot;settings&quot;:{&quot;animation&quot;:&quot;yes&quot;,&quot;animation_intime&quot;:200,&quot;animation_outtime&quot;:200,&quot;conditions_ui&quot;:&quot;normal&quot;,&quot;notice_dismissed&quot;:false,&quot;notice_dismissed_rollback-cf7-5.3.2&quot;:true}}\" \/>\n<input type=\"hidden\" name=\"_wpcf7_recaptcha_response\" value=\"\" \/>\n<\/div>\n<p>Apellido y Nombre (requerido)\n<\/p>\n<p><span class=\"wpcf7-form-control-wrap\" data-name=\"nombre\"><input size=\"125\" class=\"wpcf7-form-control wpcf7-text wpcf7-validates-as-required\" aria-required=\"true\" aria-invalid=\"false\" value=\"\" type=\"text\" name=\"nombre\" \/><\/span>\n<\/p>\n<p>Email (requerido)\n<\/p>\n<p><span class=\"wpcf7-form-control-wrap\" data-name=\"email\"><input size=\"106\" class=\"wpcf7-form-control wpcf7-email wpcf7-validates-as-required wpcf7-text wpcf7-validates-as-email\" aria-required=\"true\" aria-invalid=\"false\" value=\"\" type=\"email\" name=\"email\" \/><\/span>\n<\/p>\n<p>Asunto\n<\/p>\n<p><span class=\"wpcf7-form-control-wrap\" data-name=\"asunto\"><input size=\"125\" class=\"wpcf7-form-control wpcf7-text wpcf7-validates-as-required\" aria-required=\"true\" aria-invalid=\"false\" value=\"\" type=\"text\" name=\"asunto\" \/><\/span>\n<\/p>\n<p>Consulta \/ Mensaje\n<\/p>\n<p><span class=\"wpcf7-form-control-wrap\" data-name=\"mensaje\"><textarea cols=\"100\" rows=\"5\" class=\"wpcf7-form-control wpcf7-textarea\" aria-invalid=\"false\" name=\"mensaje\"><\/textarea><\/span>\n<\/p>\n<p>&nbsp;\n<\/p>\n<p><input class=\"wpcf7-form-control wpcf7-submit has-spinner\" type=\"submit\" value=\"Enviar\" \/>\n<\/p><div class=\"wpcf7-response-output\" aria-hidden=\"true\"><\/div>\n<\/form>\n<\/div>\n[\/vc_column_text][\/vc_column_inner][vc_column_inner width=&#8221;5\/12&#8243; css=&#8221;.vc_custom_1547827816955{margin-top: -150px !important;background-color: #ffffff !important;}&#8221; offset=&#8221;vc_hidden-sm vc_hidden-xs&#8221;][vc_column_text css=&#8221;.vc_custom_1560283669445{padding-top: 100px !important;padding-bottom: 240px !important;}&#8221;]\n<h2 style=\"text-align: center;\"><strong>Visite la Bienal<\/strong><\/h2>\n<p>&nbsp;<\/p>\n<p style=\"text-align: center;\"><strong>Avenida de los Inmigrantes 1001 &#8211; H3504DMA<\/strong><br \/>\n<strong>Resistencia, Chaco &#8211; Argentina<\/strong><\/p>\n<p>&nbsp;<\/p>\n<p style=\"text-align: center;\">Tel: +54 362 4415020<br \/>\nurunday@bienaldelchaco.com<\/p>\n[\/vc_column_text][\/vc_column_inner][vc_column_inner width=&#8221;1\/12&#8243;][\/vc_column_inner][\/vc_row_inner][vc_empty_space height=&#8221;50px&#8221;][\/vc_column][\/vc_row]\n","protected":false},"excerpt":{"rendered":"<p>[vc_row css_animation=&#8221;&#8221; row_type=&#8221;row&#8221; use_row_as_full_screen_section=&#8221;no&#8221; type=&#8221;full_width&#8221; angled_section=&#8221;no&#8221; text_align=&#8221;left&#8221; background_image_as_pattern=&#8221;without_pattern&#8221; z_index=&#8221;&#8221;][vc_column offset=&#8221;vc_hidden-sm vc_hidden-xs&#8221;][vc_single_image image=&#8221;8360&#8243; img_size=&#8221;full&#8221; qode_css_animation=&#8221;&#8221;][\/vc_column][\/vc_row][vc_row css_animation=&#8221;&#8221; row_type=&#8221;row&#8221; use_row_as_full_screen_section=&#8221;no&#8221; type=&#8221;full_width&#8221; angled_section=&#8221;no&#8221; text_align=&#8221;left&#8221; background_image_as_pattern=&#8221;without_pattern&#8221; z_index=&#8221;&#8221;][vc_column offset=&#8221;vc_hidden-lg vc_hidden-md&#8221;][vc_single_image image=&#8221;8361&#8243; img_size=&#8221;full&#8221; qode_css_animation=&#8221;&#8221;][\/vc_column][\/vc_row][vc_row css_animation=&#8221;&#8221; row_type=&#8221;row&#8221; use_row_as_full_screen_section=&#8221;no&#8221; type=&#8221;grid&#8221; angled_section=&#8221;no&#8221; text_align=&#8221;left&#8221; background_image_as_pattern=&#8221;without_pattern&#8221; background_color=&#8221;#ebebeb&#8221; z_index=&#8221;&#8221;][vc_column css_animation=&#8221;fadeInLeftBig&#8221;][vc_empty_space height=&#8221;50px&#8221;][vc_column_text]Encuentro de Escultores Invitados[\/vc_column_text][vc_column_text]16 al 23 de julio&#8230;<\/p>\n","protected":false},"author":3,"featured_media":0,"parent":0,"menu_order":0,"comment_status":"closed","ping_status":"closed","template":"full_width.php","meta":{"footnotes":""},"_links":{"self":[{"href":"https:\/\/www.bienaldelchaco.org\/2022\/wp-json\/wp\/v2\/pages\/9142"}],"collection":[{"href":"https:\/\/www.bienaldelchaco.org\/2022\/wp-json\/wp\/v2\/pages"}],"about":[{"href":"https:\/\/www.bienaldelchaco.org\/2022\/wp-json\/wp\/v2\/types\/page"}],"author":[{"embeddable":true,"href":"https:\/\/www.bienaldelchaco.org\/2022\/wp-json\/wp\/v2\/users\/3"}],"replies":[{"embeddable":true,"href":"https:\/\/www.bienaldelchaco.org\/2022\/wp-json\/wp\/v2\/comments?post=9142"}],"version-history":[{"count":13,"href":"https:\/\/www.bienaldelchaco.org\/2022\/wp-json\/wp\/v2\/pages\/9142\/revisions"}],"predecessor-version":[{"id":9980,"href":"https:\/\/www.bienaldelchaco.org\/2022\/wp-json\/wp\/v2\/pages\/9142\/revisions\/9980"}],"wp:attachment":[{"href":"https:\/\/www.bienaldelchaco.org\/2022\/wp-json\/wp\/v2\/media?parent=9142"}],"curies":[{"name":"wp","href":"https:\/\/api.w.org\/{rel}","templated":true}]}}