{"id":12444,"date":"2024-05-17T20:46:48","date_gmt":"2024-05-17T23:46:48","guid":{"rendered":"https:\/\/www.bienaldelchaco.org\/2024\/?page_id=12444"},"modified":"2024-07-30T19:15:56","modified_gmt":"2024-07-30T22:15:56","slug":"camilo_guinot","status":"publish","type":"page","link":"https:\/\/www.bienaldelchaco.org\/2024\/escultores-invitados\/camilo_guinot\/","title":{"rendered":"Camilo Guinot"},"content":{"rendered":"[vc_row css_animation=&#8221;&#8221; row_type=&#8221;row&#8221; use_row_as_full_screen_section=&#8221;no&#8221; type=&#8221;full_width&#8221; angled_section=&#8221;no&#8221; text_align=&#8221;center&#8221; background_image_as_pattern=&#8221;without_pattern&#8221; z_index=&#8221;&#8221;][vc_column offset=&#8221;vc_hidden-xs&#8221;][layerslider_vc id=&#8221;13&#8243;][\/vc_column][\/vc_row][vc_row css_animation=&#8221;&#8221; row_type=&#8221;row&#8221; use_row_as_full_screen_section=&#8221;no&#8221; type=&#8221;full_width&#8221; angled_section=&#8221;no&#8221; text_align=&#8221;center&#8221; background_image_as_pattern=&#8221;without_pattern&#8221; z_index=&#8221;&#8221;][vc_column offset=&#8221;vc_hidden-lg vc_hidden-md vc_hidden-sm&#8221;][layerslider_vc id=&#8221;12&#8243;][\/vc_column][\/vc_row][vc_row css_animation=&#8221;&#8221; row_type=&#8221;row&#8221; use_row_as_full_screen_section=&#8221;no&#8221; type=&#8221;grid&#8221; angled_section=&#8221;no&#8221; text_align=&#8221;left&#8221; background_image_as_pattern=&#8221;without_pattern&#8221; z_index=&#8221;&#8221;][vc_column css_animation=&#8221;fadeInLeftBig&#8221;][vc_empty_space height=&#8221;50px&#8221;][vc_row_inner row_type=&#8221;row&#8221; type=&#8221;full_width&#8221; text_align=&#8221;left&#8221; css_animation=&#8221;&#8221;][vc_column_inner width=&#8221;2\/3&#8243;][vc_column_text]<span style=\"font-family: 'Muli'; font-size: 30px; font-weight: bold;\">Encuentro de Escultores Invitados<\/span>[\/vc_column_text][\/vc_column_inner][vc_column_inner width=&#8221;1\/3&#8243;][vc_column_text]\n<p style=\"text-align: right;\"><span style=\"color: #000000;\"><a style=\"color: #000000;\" href=\"https:\/\/www.bienaldelchaco.org\/2024\/escultores-invitados\/\"><span style=\"font-family: 'Muli'; font-size: 22px;\">&lt; Volver<\/span><\/a><\/span><\/p>\n[\/vc_column_text][\/vc_column_inner][\/vc_row_inner][vc_column_text]<span style=\"font-family: 'Muli'; font-size: 20px; color: #696969;\">13 al 20 de julio de 2024<\/span>[\/vc_column_text][vc_separator css_animation=&#8221;none&#8221; type=&#8221;small&#8221; position=&#8221;left&#8221; color=&#8221;#000000&#8243; width=&#8221;50&#8243;][vc_empty_space height=&#8221;25px&#8221;][\/vc_column][\/vc_row][vc_row css_animation=&#8221;&#8221; row_type=&#8221;row&#8221; use_row_as_full_screen_section=&#8221;no&#8221; type=&#8221;full_width&#8221; angled_section=&#8221;no&#8221; text_align=&#8221;left&#8221; background_image_as_pattern=&#8221;without_pattern&#8221; z_index=&#8221;&#8221;][vc_column parallax=&#8221;content-moving-fade&#8221; parallax_image=&#8221;12029&#8243; parallax_speed_bg=&#8221;3.5&#8243; css_animation=&#8221;none&#8221;][vc_row_inner row_type=&#8221;row&#8221; type=&#8221;grid&#8221; text_align=&#8221;left&#8221; css_animation=&#8221;&#8221;][vc_column_inner css=&#8221;.vc_custom_1713884337213{padding-left: 20px !important;}&#8221; offset=&#8221;vc_hidden-sm vc_hidden-xs&#8221;][vc_empty_space height=&#8221;50px&#8221;][vc_column_text]\n<h2 style=\"text-align: left; color: #ffffff;\"><strong>Escultores Seleccionados<\/strong><\/h2>\n[\/vc_column_text][vc_separator css_animation=&#8221;none&#8221; type=&#8221;small&#8221; position=&#8221;left&#8221; color=&#8221;#ffffff&#8221; width=&#8221;50&#8243;][vc_empty_space height=&#8221;10px&#8221;][vc_empty_space height=&#8221;60px&#8221;][\/vc_column_inner][\/vc_row_inner][vc_row_inner row_type=&#8221;row&#8221; type=&#8221;grid&#8221; text_align=&#8221;left&#8221; css_animation=&#8221;&#8221;][vc_column_inner css=&#8221;.vc_custom_1713884344908{padding-left: 20px !important;}&#8221; offset=&#8221;vc_hidden-lg vc_hidden-md&#8221;][vc_empty_space height=&#8221;20px&#8221;][vc_column_text]\n<h2 style=\"text-align: left; color: #ffffff;\"><strong>Escultores Seleccionados<\/strong><\/h2>\n[\/vc_column_text][vc_separator css_animation=&#8221;none&#8221; type=&#8221;small&#8221; position=&#8221;left&#8221; color=&#8221;#ffffff&#8221; width=&#8221;50&#8243;][vc_empty_space height=&#8221;40px&#8221;][\/vc_column_inner][\/vc_row_inner][\/vc_column][\/vc_row][vc_row css_animation=&#8221;element_from_bottom&#8221; row_type=&#8221;row&#8221; use_row_as_full_screen_section=&#8221;no&#8221; type=&#8221;full_width&#8221; angled_section=&#8221;no&#8221; text_align=&#8221;left&#8221; background_image_as_pattern=&#8221;without_pattern&#8221; transition_delay=&#8221;1600&#8243; z_index=&#8221;&#8221;][vc_column offset=&#8221;vc_hidden-sm vc_hidden-xs&#8221;][vc_row_inner row_type=&#8221;row&#8221; type=&#8221;grid&#8221; text_align=&#8221;left&#8221; css_animation=&#8221;&#8221;][vc_column_inner width=&#8221;1\/3&#8243;][vc_single_image image=&#8221;12214&#8243; img_size=&#8221;full&#8221; qode_css_animation=&#8221;&#8221;][vc_empty_space height=&#8221;160px&#8221;][vc_column_text]<span style=\"font-family: Arial; font-size: 36px; font-weight: bold; color: #000000;\">Camilo<br \/>\nGuinot<\/span>[\/vc_column_text][vc_empty_space height=&#8221;10px&#8221;][vc_column_text]\n<h6><em><span style=\"font-size: 28px; font-weight: bold; color: #000000;\">Buenos Aires<\/span><\/em><\/h6>\n[\/vc_column_text][vc_empty_space height=&#8221;50px&#8221;][\/vc_column_inner][vc_column_inner width=&#8221;2\/3&#8243; css=&#8221;.vc_custom_1713976524333{margin-top: -35% !important;}&#8221;][vc_single_image image=&#8221;12445&#8243; img_size=&#8221;full&#8221; onclick=&#8221;custom_link&#8221; img_link_target=&#8221;_blank&#8221; qode_css_animation=&#8221;&#8221; link=&#8221;https:\/\/www.instagram.com\/camiloguinot&#8221;][\/vc_column_inner][\/vc_row_inner][\/vc_column][\/vc_row][vc_row css_animation=&#8221;element_from_bottom&#8221; row_type=&#8221;row&#8221; use_row_as_full_screen_section=&#8221;no&#8221; type=&#8221;full_width&#8221; angled_section=&#8221;no&#8221; text_align=&#8221;left&#8221; background_image_as_pattern=&#8221;without_pattern&#8221; transition_delay=&#8221;1000&#8243; z_index=&#8221;&#8221;][vc_column offset=&#8221;vc_hidden-lg vc_hidden-md&#8221;][vc_row_inner row_type=&#8221;row&#8221; type=&#8221;grid&#8221; text_align=&#8221;left&#8221; css_animation=&#8221;&#8221;][vc_column_inner width=&#8221;2\/3&#8243; css=&#8221;.vc_custom_1713977901517{margin-top: -12% !important;}&#8221;][vc_single_image image=&#8221;12445&#8243; img_size=&#8221;full&#8221; onclick=&#8221;custom_link&#8221; img_link_target=&#8221;_blank&#8221; qode_css_animation=&#8221;&#8221; link=&#8221;https:\/\/www.instagram.com\/camiloguinot&#8221;][\/vc_column_inner][vc_column_inner width=&#8221;1\/3&#8243;][vc_empty_space height=&#8221;50px&#8221;][vc_single_image image=&#8221;12214&#8243; img_size=&#8221;full&#8221; qode_css_animation=&#8221;&#8221;][vc_empty_space height=&#8221;50px&#8221;][vc_column_text]<span style=\"font-family: Arial; font-size: 36px; font-weight: bold; color: #000000;\">Camilo<br \/>\nGuinot<\/span>[\/vc_column_text][vc_empty_space height=&#8221;10px&#8221;][vc_column_text]\n<h6><em><span style=\"font-size: 28px; font-weight: bold; color: #000000;\">Buenos Aires<\/span><\/em><\/h6>\n[\/vc_column_text][vc_empty_space height=&#8221;50px&#8221;][\/vc_column_inner][\/vc_row_inner][\/vc_column][\/vc_row][vc_row css_animation=&#8221;element_from_left&#8221; row_type=&#8221;row&#8221; use_row_as_full_screen_section=&#8221;no&#8221; type=&#8221;full_width&#8221; angled_section=&#8221;no&#8221; text_align=&#8221;left&#8221; background_image_as_pattern=&#8221;without_pattern&#8221; z_index=&#8221;&#8221;][vc_column offset=&#8221;vc_hidden-sm vc_hidden-xs&#8221;][vc_row_inner row_type=&#8221;row&#8221; type=&#8221;grid&#8221; text_align=&#8221;left&#8221; css_animation=&#8221;&#8221;][vc_column_inner width=&#8221;2\/3&#8243;][vc_empty_space][vc_column_text]<span style=\"font-family: Muli; font-size: 20px; font-weight: bold; color: #000000;\">Proyecto<\/span>[\/vc_column_text][vc_separator css_animation=&#8221;none&#8221; type=&#8221;small&#8221; position=&#8221;left&#8221; color=&#8221;#000000&#8243; width=&#8221;30&#8243; down=&#8221;35&#8243;][vc_column_text]\n<h6><em><span style=\"font-size: 45px; font-weight: 300; color: #000000;\">Cono 09<\/span><\/em><\/h6>\n[\/vc_column_text][vc_empty_space][vc_column_text]Esta obra pertenece a la serie de esculturas Progresi\u00f3n f\u00edsica que consiste en ejercicios formales en torno a la relaci\u00f3n entre materia, proceso, forma y tiempo. A partir de f\u00f3sforos usados, en calidad de elemento cotidiano y en su condici\u00f3n de desecho, cada uno de ellos funciona como patr\u00f3n constructivo y medida temporal. La forma se constituye por acumulaci\u00f3n en espiral remitiendo a procesos de crecimiento vegetal y la sedimentaci\u00f3n mineral. Presenta una textura pixelada y homog\u00e9nea de alternancia crom\u00e1tica regular y binaria. Es una forma abierta y cerrada a la vez, es vector y cavidad. La superficie, la estructura y la forma son lo mismo. El afuera y el adentro son visibles. No tiene estructura oculta. Es una traducci\u00f3n de tiempo a materia.[\/vc_column_text][vc_empty_space][vc_single_image image=&#8221;12449&#8243; img_size=&#8221;full&#8221; alignment=&#8221;center&#8221; qode_css_animation=&#8221;&#8221;][vc_empty_space height=&#8221;55px&#8221;][vc_single_image image=&#8221;12451&#8243; img_size=&#8221;full&#8221; alignment=&#8221;center&#8221; qode_css_animation=&#8221;&#8221;][vc_empty_space][\/vc_column_inner][vc_column_inner width=&#8221;1\/3&#8243;][vc_empty_space][vc_column_text]<strong>Distinciones:<\/strong>[\/vc_column_text][vc_empty_space height=&#8221;12px&#8221;][vc_column_text css=&#8221;.vc_custom_1716017344586{padding-right: 25% !important;}&#8221;]<strong>2024.<\/strong> Beca Fundaci\u00f3n Pollock-Krasner (Estados Unidos). <strong>2023. <\/strong>Seleccionado para el Premio Alberto J. Trabucco (escultura) de la Academia Nacional Bellas Artes (Argentina). Premio Bienal Semana del Arte del Ministerio de Cultura de la Ciudad de Buenos Aires. <strong>2022. <\/strong>Realiz\u00f3 la Residencia Curadora (Santa Fe). <strong>2021. <\/strong>Premio Est\u00edmulo (video) en el 97\u00b0 Sal\u00f3n Anual Nacional de Santa Fe (Argentina). Beca Creaci\u00f3n Fondo Nacional de las Artes<\/p>\n<p>(Argentina). <strong>2019. <\/strong>Menci\u00f3n (secci\u00f3n dibujo) en el 108<sup>.<\/sup> Sal\u00f3n Nacional de Artes Visuales (Argentina). <strong>2018. <\/strong>Residencia Espacio de Arte Contempor\u00e1neo de Montevideo (Uruguay). <strong>2017. <\/strong>Beca Creaci\u00f3n Fondo Nacional de las Artes (Argentina). Programa Becar Cultura para Intercambio Internacional del Ministerio de Cultura (Argentina). <strong>2014. <\/strong>Residencia Lugar a dudas de Cali (Colombia). <strong>2013. <\/strong>Residencia Sur Polar de la Base Esperanza (Ant\u00e1rtida Argentina). <strong>2011. <\/strong>Tercer Premio de la Segunda Edici\u00f3n del Premio Ita\u00fa de la Fundaci\u00f3n Ita\u00fa Cultural (Argentina). <strong>2010. <\/strong>Residencia Museo Castagnino+Macro de Rosario (Santa Fe). <strong>2008. <\/strong>Cl\u00ednica de obra con Alicia Herrero. Laboratorio de Investigaci\u00f3n en Pr\u00e1cticas Art\u00edsticas Contempor\u00e1neas del Centro Cultural Ricardo Rojas de la Universidad Nacional de Buenos Aires (Argentina) <strong>2007. <\/strong>Programa Tutor\u00edas Artes Visuales del Centro Cultural Ricardo Rojas de la Universidad de Buenos Aires (Argentina). <strong>2002. <\/strong>Cl\u00ednica de obra con Pablo Siquier. Realiz\u00f3 exposiciones colectivas e individuales en museos oficiales y privados; su obra integra colecciones de Argentina, Uruguay y Estados Unidos.[\/vc_column_text][vc_empty_space][\/vc_column_inner][\/vc_row_inner][\/vc_column][\/vc_row][vc_row css_animation=&#8221;&#8221; row_type=&#8221;row&#8221; use_row_as_full_screen_section=&#8221;no&#8221; type=&#8221;full_width&#8221; angled_section=&#8221;no&#8221; text_align=&#8221;left&#8221; background_image_as_pattern=&#8221;without_pattern&#8221; transition_delay=&#8221;1000&#8243; z_index=&#8221;&#8221;][vc_column css_animation=&#8221;fadeInLeft&#8221; offset=&#8221;vc_hidden-lg vc_hidden-md&#8221;][vc_row_inner row_type=&#8221;row&#8221; type=&#8221;grid&#8221; text_align=&#8221;left&#8221; css_animation=&#8221;&#8221;][vc_column_inner][vc_empty_space][vc_column_text]<strong>Distinciones:<\/strong>[\/vc_column_text][vc_empty_space height=&#8221;12px&#8221;][vc_column_text]<strong>2024.<\/strong> Beca Fundaci\u00f3n Pollock-Krasner (Estados Unidos). <strong>2023. <\/strong>Seleccionado para el Premio Alberto J. Trabucco (escultura) de la Academia Nacional Bellas Artes (Argentina). Premio Bienal Semana del Arte del Ministerio de Cultura de la Ciudad de Buenos Aires. <strong>2022. <\/strong>Realiz\u00f3 la Residencia Curadora (Santa Fe). <strong>2021. <\/strong>Premio Est\u00edmulo (video) en el 97\u00b0 Sal\u00f3n Anual Nacional de Santa Fe (Argentina). Beca Creaci\u00f3n Fondo Nacional de las Artes<\/p>\n<p>(Argentina). <strong>2019. <\/strong>Menci\u00f3n (secci\u00f3n dibujo) en el 108<sup>.<\/sup> Sal\u00f3n Nacional de Artes Visuales (Argentina). <strong>2018. <\/strong>Residencia Espacio de Arte Contempor\u00e1neo de Montevideo (Uruguay). <strong>2017. <\/strong>Beca Creaci\u00f3n Fondo Nacional de las Artes (Argentina). Programa Becar Cultura para Intercambio Internacional del Ministerio de Cultura (Argentina). <strong>2014. <\/strong>Residencia Lugar a dudas de Cali (Colombia). <strong>2013. <\/strong>Residencia Sur Polar de la Base Esperanza (Ant\u00e1rtida Argentina). <strong>2011. <\/strong>Tercer Premio de la Segunda Edici\u00f3n del Premio Ita\u00fa de la Fundaci\u00f3n Ita\u00fa Cultural (Argentina). <strong>2010. <\/strong>Residencia Museo Castagnino+Macro de Rosario (Santa Fe). <strong>2008. <\/strong>Cl\u00ednica de obra con Alicia Herrero. Laboratorio de Investigaci\u00f3n en Pr\u00e1cticas Art\u00edsticas Contempor\u00e1neas del Centro Cultural Ricardo Rojas de la Universidad Nacional de Buenos Aires (Argentina) <strong>2007. <\/strong>Programa Tutor\u00edas Artes Visuales del Centro Cultural Ricardo Rojas de la Universidad de Buenos Aires (Argentina). <strong>2002. <\/strong>Cl\u00ednica de obra con Pablo Siquier. Realiz\u00f3 exposiciones colectivas e individuales en museos oficiales y privados; su obra integra colecciones de Argentina, Uruguay y Estados Unidos.[\/vc_column_text][vc_empty_space height=&#8221;65px&#8221;][vc_column_text]<span style=\"font-family: Muli; font-size: 20px; font-weight: bold; color: #000000;\">Proyecto<\/span>[\/vc_column_text][vc_separator css_animation=&#8221;none&#8221; type=&#8221;small&#8221; position=&#8221;left&#8221; color=&#8221;#000000&#8243; width=&#8221;30&#8243; down=&#8221;35&#8243;][vc_column_text]\n<h6><em><span style=\"font-size: 45px; font-weight: 300; color: #000000;\">Cono 09<\/span><\/em><\/h6>\n[\/vc_column_text][vc_empty_space height=&#8221;30px&#8221;][vc_column_text]\n<p style=\"text-align: left; padding-bottom: 10px;\">Esta obra pertenece a la serie de esculturas Progresi\u00f3n f\u00edsica que consiste en ejercicios formales en torno a la relaci\u00f3n entre materia, proceso, forma y tiempo. A partir de f\u00f3sforos usados, en calidad de elemento cotidiano y en su condici\u00f3n de desecho, cada uno de ellos funciona como patr\u00f3n constructivo y medida temporal. La forma se constituye por acumulaci\u00f3n en espiral remitiendo a procesos de crecimiento vegetal y la sedimentaci\u00f3n mineral. Presenta una textura pixelada y homog\u00e9nea de alternancia crom\u00e1tica regular y binaria. Es una forma abierta y cerrada a la vez, es vector y cavidad. La superficie, la estructura y la forma son lo mismo. El afuera y el adentro son visibles. No tiene estructura oculta. Es una traducci\u00f3n de tiempo a materia.<\/p>\n[\/vc_column_text][vc_empty_space height=&#8221;50px&#8221;][vc_single_image image=&#8221;12450&#8243; img_size=&#8221;full&#8221; alignment=&#8221;center&#8221; qode_css_animation=&#8221;&#8221;][vc_empty_space][vc_single_image image=&#8221;12451&#8243; img_size=&#8221;full&#8221; alignment=&#8221;center&#8221; qode_css_animation=&#8221;&#8221;][vc_empty_space][\/vc_column_inner][\/vc_row_inner][\/vc_column][\/vc_row][vc_row css_animation=&#8221;&#8221; row_type=&#8221;row&#8221; use_row_as_full_screen_section=&#8221;no&#8221; type=&#8221;grid&#8221; angled_section=&#8221;no&#8221; text_align=&#8221;left&#8221; background_image_as_pattern=&#8221;without_pattern&#8221; z_index=&#8221;&#8221;][vc_column css_animation=&#8221;fadeInLeftBig&#8221;][vc_empty_space height=&#8221;100px&#8221;][vc_row_inner row_type=&#8221;row&#8221; type=&#8221;grid&#8221; text_align=&#8221;left&#8221; css_animation=&#8221;&#8221;][vc_column_inner][vc_column_text]<span style=\"font-family: Muli; font-size: 20px; font-weight: bold; color: #000000;\">Galer\u00eda de Im\u00e1genes<\/span>[\/vc_column_text][vc_separator css_animation=&#8221;none&#8221; type=&#8221;small&#8221; position=&#8221;left&#8221; color=&#8221;#000000&#8243; width=&#8221;30&#8243; down=&#8221;35&#8243;][vc_column_text]<div class=\"uig-img-viewer uig-img-viewer-13942\" gallery_id=\"13942\">\r\n\t<style>\r\n\t\t.uig-img-viewer.uig-img-viewer-13942 .uig_gallery_images .uig-gallery-item {\r\n\t\t\tborder-radius: 0px;\r\n\t\t}\r\n\t<\/style>\r\n\t\t<div class=\"uig-image-gallery-wrapper\">\r\n\t\t\t\t<div id=\"uig_gallery_images_13942\" class=\"uig_gallery_images uig_zoom_gallery uig_masonry_layout three-column five-px\">\r\n\t\t\t\t\t\t\t\t\t<div class=\"uig-gallery-item uig-masonry-gallery-item \">\r\n\t<img decoding=\"async\" src=\"https:\/\/www.bienaldelchaco.org\/2024\/wp-content\/uploads\/2024\/07\/Guinot_9576.jpg\" alt=\"\">\r\n\t\t<\/div><div class=\"uig-gallery-item uig-masonry-gallery-item \">\r\n\t<img decoding=\"async\" src=\"https:\/\/www.bienaldelchaco.org\/2024\/wp-content\/uploads\/2024\/07\/Guinot_2364.jpg\" alt=\"\">\r\n\t\t<\/div><div class=\"uig-gallery-item uig-masonry-gallery-item \">\r\n\t<img decoding=\"async\" src=\"https:\/\/www.bienaldelchaco.org\/2024\/wp-content\/uploads\/2024\/07\/Guinot_3780.jpg\" alt=\"\">\r\n\t\t<\/div><div class=\"uig-gallery-item uig-masonry-gallery-item \">\r\n\t<img decoding=\"async\" src=\"https:\/\/www.bienaldelchaco.org\/2024\/wp-content\/uploads\/2024\/07\/Guinot_1581.jpg\" alt=\"\">\r\n\t\t<\/div><div class=\"uig-gallery-item uig-masonry-gallery-item \">\r\n\t<img decoding=\"async\" src=\"https:\/\/www.bienaldelchaco.org\/2024\/wp-content\/uploads\/2024\/07\/Guinot_1728.jpg\" alt=\"\">\r\n\t\t<\/div><div class=\"uig-gallery-item uig-masonry-gallery-item \">\r\n\t<img decoding=\"async\" src=\"https:\/\/www.bienaldelchaco.org\/2024\/wp-content\/uploads\/2024\/07\/Guinot_0531.jpg\" alt=\"\">\r\n\t\t<\/div><div class=\"uig-gallery-item uig-masonry-gallery-item \">\r\n\t<img decoding=\"async\" src=\"https:\/\/www.bienaldelchaco.org\/2024\/wp-content\/uploads\/2024\/07\/Guinot_0532.jpg\" alt=\"\">\r\n\t\t<\/div><div class=\"uig-gallery-item uig-masonry-gallery-item \">\r\n\t<img decoding=\"async\" src=\"https:\/\/www.bienaldelchaco.org\/2024\/wp-content\/uploads\/2024\/07\/Guinot_0538.jpg\" alt=\"\">\r\n\t\t<\/div><div class=\"uig-gallery-item uig-masonry-gallery-item \">\r\n\t<img decoding=\"async\" src=\"https:\/\/www.bienaldelchaco.org\/2024\/wp-content\/uploads\/2024\/07\/Guinot_0190.jpg\" alt=\"\">\r\n\t\t<\/div>\t\t<\/div>\r\n\t<\/div>\r\n<\/div>[\/vc_column_text][\/vc_column_inner][\/vc_row_inner][vc_empty_space height=&#8221;150px&#8221;][\/vc_column][\/vc_row]\n","protected":false},"excerpt":{"rendered":"<p>[vc_row css_animation=&#8221;&#8221; row_type=&#8221;row&#8221; use_row_as_full_screen_section=&#8221;no&#8221; type=&#8221;full_width&#8221; angled_section=&#8221;no&#8221; text_align=&#8221;center&#8221; background_image_as_pattern=&#8221;without_pattern&#8221; z_index=&#8221;&#8221;][vc_column offset=&#8221;vc_hidden-xs&#8221;][layerslider_vc id=&#8221;13&#8243;][\/vc_column][\/vc_row][vc_row css_animation=&#8221;&#8221; row_type=&#8221;row&#8221; use_row_as_full_screen_section=&#8221;no&#8221; type=&#8221;full_width&#8221; angled_section=&#8221;no&#8221; text_align=&#8221;center&#8221; background_image_as_pattern=&#8221;without_pattern&#8221; z_index=&#8221;&#8221;][vc_column offset=&#8221;vc_hidden-lg vc_hidden-md vc_hidden-sm&#8221;][layerslider_vc id=&#8221;12&#8243;][\/vc_column][\/vc_row][vc_row css_animation=&#8221;&#8221; row_type=&#8221;row&#8221; use_row_as_full_screen_section=&#8221;no&#8221; type=&#8221;grid&#8221; angled_section=&#8221;no&#8221; text_align=&#8221;left&#8221; background_image_as_pattern=&#8221;without_pattern&#8221; z_index=&#8221;&#8221;][vc_column css_animation=&#8221;fadeInLeftBig&#8221;][vc_empty_space height=&#8221;50px&#8221;][vc_row_inner row_type=&#8221;row&#8221; type=&#8221;full_width&#8221; text_align=&#8221;left&#8221; css_animation=&#8221;&#8221;][vc_column_inner width=&#8221;2\/3&#8243;][vc_column_text]Encuentro de Escultores Invitados[\/vc_column_text][\/vc_column_inner][vc_column_inner width=&#8221;1\/3&#8243;][vc_column_text] &lt; Volver [\/vc_column_text][\/vc_column_inner][\/vc_row_inner][vc_column_text]13&#8230;<\/p>\n","protected":false},"author":3,"featured_media":0,"parent":9142,"menu_order":0,"comment_status":"closed","ping_status":"closed","template":"full_width.php","meta":{"footnotes":""},"class_list":["post-12444","page","type-page","status-publish","hentry"],"_links":{"self":[{"href":"https:\/\/www.bienaldelchaco.org\/2024\/wp-json\/wp\/v2\/pages\/12444","targetHints":{"allow":["GET"]}}],"collection":[{"href":"https:\/\/www.bienaldelchaco.org\/2024\/wp-json\/wp\/v2\/pages"}],"about":[{"href":"https:\/\/www.bienaldelchaco.org\/2024\/wp-json\/wp\/v2\/types\/page"}],"author":[{"embeddable":true,"href":"https:\/\/www.bienaldelchaco.org\/2024\/wp-json\/wp\/v2\/users\/3"}],"replies":[{"embeddable":true,"href":"https:\/\/www.bienaldelchaco.org\/2024\/wp-json\/wp\/v2\/comments?post=12444"}],"version-history":[{"count":6,"href":"https:\/\/www.bienaldelchaco.org\/2024\/wp-json\/wp\/v2\/pages\/12444\/revisions"}],"predecessor-version":[{"id":14002,"href":"https:\/\/www.bienaldelchaco.org\/2024\/wp-json\/wp\/v2\/pages\/12444\/revisions\/14002"}],"up":[{"embeddable":true,"href":"https:\/\/www.bienaldelchaco.org\/2024\/wp-json\/wp\/v2\/pages\/9142"}],"wp:attachment":[{"href":"https:\/\/www.bienaldelchaco.org\/2024\/wp-json\/wp\/v2\/media?parent=12444"}],"curies":[{"name":"wp","href":"https:\/\/api.w.org\/{rel}","templated":true}]}}