{"id":12454,"date":"2024-05-18T05:15:09","date_gmt":"2024-05-18T08:15:09","guid":{"rendered":"https:\/\/www.bienaldelchaco.org\/2024\/?page_id=12454"},"modified":"2024-07-30T19:20:18","modified_gmt":"2024-07-30T22:20:18","slug":"gerardo_aranda","status":"publish","type":"page","link":"https:\/\/www.bienaldelchaco.org\/2024\/escultores-invitados\/gerardo_aranda\/","title":{"rendered":"Gerardo Aranda"},"content":{"rendered":"[vc_row css_animation=&#8221;&#8221; row_type=&#8221;row&#8221; use_row_as_full_screen_section=&#8221;no&#8221; type=&#8221;full_width&#8221; angled_section=&#8221;no&#8221; text_align=&#8221;center&#8221; background_image_as_pattern=&#8221;without_pattern&#8221; z_index=&#8221;&#8221;][vc_column offset=&#8221;vc_hidden-xs&#8221;][layerslider_vc id=&#8221;13&#8243;][\/vc_column][\/vc_row][vc_row css_animation=&#8221;&#8221; row_type=&#8221;row&#8221; use_row_as_full_screen_section=&#8221;no&#8221; type=&#8221;full_width&#8221; angled_section=&#8221;no&#8221; text_align=&#8221;center&#8221; background_image_as_pattern=&#8221;without_pattern&#8221; z_index=&#8221;&#8221;][vc_column offset=&#8221;vc_hidden-lg vc_hidden-md vc_hidden-sm&#8221;][layerslider_vc id=&#8221;12&#8243;][\/vc_column][\/vc_row][vc_row css_animation=&#8221;&#8221; row_type=&#8221;row&#8221; use_row_as_full_screen_section=&#8221;no&#8221; type=&#8221;grid&#8221; angled_section=&#8221;no&#8221; text_align=&#8221;left&#8221; background_image_as_pattern=&#8221;without_pattern&#8221; z_index=&#8221;&#8221;][vc_column css_animation=&#8221;fadeInLeftBig&#8221;][vc_empty_space height=&#8221;50px&#8221;][vc_row_inner row_type=&#8221;row&#8221; type=&#8221;full_width&#8221; text_align=&#8221;left&#8221; css_animation=&#8221;&#8221;][vc_column_inner width=&#8221;2\/3&#8243;][vc_column_text]<span style=\"font-family: 'Muli'; font-size: 30px; font-weight: bold;\">Encuentro de Escultores Invitados<\/span>[\/vc_column_text][\/vc_column_inner][vc_column_inner width=&#8221;1\/3&#8243;][vc_column_text]\n<p style=\"text-align: right;\"><span style=\"color: #000000;\"><a style=\"color: #000000;\" href=\"https:\/\/www.bienaldelchaco.org\/2024\/escultores-invitados\/\"><span style=\"font-family: 'Muli'; font-size: 22px;\">&lt; Volver<\/span><\/a><\/span><\/p>\n[\/vc_column_text][\/vc_column_inner][\/vc_row_inner][vc_column_text]<span style=\"font-family: 'Muli'; font-size: 20px; color: #696969;\">13 al 20 de julio de 2024<\/span>[\/vc_column_text][vc_separator css_animation=&#8221;none&#8221; type=&#8221;small&#8221; position=&#8221;left&#8221; color=&#8221;#000000&#8243; width=&#8221;50&#8243;][vc_empty_space height=&#8221;25px&#8221;][\/vc_column][\/vc_row][vc_row css_animation=&#8221;&#8221; row_type=&#8221;row&#8221; use_row_as_full_screen_section=&#8221;no&#8221; type=&#8221;full_width&#8221; angled_section=&#8221;no&#8221; text_align=&#8221;left&#8221; background_image_as_pattern=&#8221;without_pattern&#8221; z_index=&#8221;&#8221;][vc_column parallax=&#8221;content-moving-fade&#8221; parallax_image=&#8221;12029&#8243; parallax_speed_bg=&#8221;3.5&#8243; css_animation=&#8221;none&#8221;][vc_row_inner row_type=&#8221;row&#8221; type=&#8221;grid&#8221; text_align=&#8221;left&#8221; css_animation=&#8221;&#8221;][vc_column_inner css=&#8221;.vc_custom_1713884337213{padding-left: 20px !important;}&#8221; offset=&#8221;vc_hidden-sm vc_hidden-xs&#8221;][vc_empty_space height=&#8221;50px&#8221;][vc_column_text]\n<h2 style=\"text-align: left; color: #ffffff;\"><strong>Escultores Seleccionados<\/strong><\/h2>\n[\/vc_column_text][vc_separator css_animation=&#8221;none&#8221; type=&#8221;small&#8221; position=&#8221;left&#8221; color=&#8221;#ffffff&#8221; width=&#8221;50&#8243;][vc_empty_space height=&#8221;10px&#8221;][vc_empty_space height=&#8221;60px&#8221;][\/vc_column_inner][\/vc_row_inner][vc_row_inner row_type=&#8221;row&#8221; type=&#8221;grid&#8221; text_align=&#8221;left&#8221; css_animation=&#8221;&#8221;][vc_column_inner css=&#8221;.vc_custom_1713884344908{padding-left: 20px !important;}&#8221; offset=&#8221;vc_hidden-lg vc_hidden-md&#8221;][vc_empty_space height=&#8221;20px&#8221;][vc_column_text]\n<h2 style=\"text-align: left; color: #ffffff;\"><strong>Escultores Seleccionados<\/strong><\/h2>\n[\/vc_column_text][vc_separator css_animation=&#8221;none&#8221; type=&#8221;small&#8221; position=&#8221;left&#8221; color=&#8221;#ffffff&#8221; width=&#8221;50&#8243;][vc_empty_space height=&#8221;40px&#8221;][\/vc_column_inner][\/vc_row_inner][\/vc_column][\/vc_row][vc_row css_animation=&#8221;element_from_bottom&#8221; row_type=&#8221;row&#8221; use_row_as_full_screen_section=&#8221;no&#8221; type=&#8221;full_width&#8221; angled_section=&#8221;no&#8221; text_align=&#8221;left&#8221; background_image_as_pattern=&#8221;without_pattern&#8221; transition_delay=&#8221;1600&#8243; z_index=&#8221;&#8221;][vc_column offset=&#8221;vc_hidden-sm vc_hidden-xs&#8221;][vc_row_inner row_type=&#8221;row&#8221; type=&#8221;grid&#8221; text_align=&#8221;left&#8221; css_animation=&#8221;&#8221;][vc_column_inner width=&#8221;1\/3&#8243;][vc_single_image image=&#8221;12214&#8243; img_size=&#8221;full&#8221; qode_css_animation=&#8221;&#8221;][vc_empty_space height=&#8221;160px&#8221;][vc_column_text]<span style=\"font-family: Arial; font-size: 36px; font-weight: bold; color: #000000;\">Gerardo<br \/>\nAranda<\/span>[\/vc_column_text][vc_empty_space height=&#8221;10px&#8221;][vc_column_text]\n<h6><em><span style=\"font-size: 28px; font-weight: bold; color: #000000;\">Chaco &#8211; Originario<\/span><\/em><\/h6>\n[\/vc_column_text][vc_empty_space height=&#8221;50px&#8221;][\/vc_column_inner][vc_column_inner width=&#8221;2\/3&#8243; css=&#8221;.vc_custom_1713976524333{margin-top: -35% !important;}&#8221;][vc_single_image image=&#8221;12455&#8243; img_size=&#8221;full&#8221; qode_css_animation=&#8221;&#8221;][\/vc_column_inner][\/vc_row_inner][\/vc_column][\/vc_row][vc_row css_animation=&#8221;element_from_bottom&#8221; row_type=&#8221;row&#8221; use_row_as_full_screen_section=&#8221;no&#8221; type=&#8221;full_width&#8221; angled_section=&#8221;no&#8221; text_align=&#8221;left&#8221; background_image_as_pattern=&#8221;without_pattern&#8221; transition_delay=&#8221;1000&#8243; z_index=&#8221;&#8221;][vc_column offset=&#8221;vc_hidden-lg vc_hidden-md&#8221;][vc_row_inner row_type=&#8221;row&#8221; type=&#8221;grid&#8221; text_align=&#8221;left&#8221; css_animation=&#8221;&#8221;][vc_column_inner width=&#8221;2\/3&#8243; css=&#8221;.vc_custom_1713977901517{margin-top: -12% !important;}&#8221;][vc_single_image image=&#8221;12455&#8243; img_size=&#8221;full&#8221; qode_css_animation=&#8221;&#8221;][\/vc_column_inner][vc_column_inner width=&#8221;1\/3&#8243;][vc_empty_space height=&#8221;50px&#8221;][vc_single_image image=&#8221;12214&#8243; img_size=&#8221;full&#8221; qode_css_animation=&#8221;&#8221;][vc_empty_space height=&#8221;50px&#8221;][vc_column_text]<span style=\"font-family: Arial; font-size: 36px; font-weight: bold; color: #000000;\">Gerardo<br \/>\nAranda<\/span>[\/vc_column_text][vc_empty_space height=&#8221;10px&#8221;][vc_column_text]\n<h6><em><span style=\"font-size: 28px; font-weight: bold; color: #000000;\">Chaco &#8211; Originario<\/span><\/em><\/h6>\n[\/vc_column_text][vc_empty_space height=&#8221;50px&#8221;][\/vc_column_inner][\/vc_row_inner][\/vc_column][\/vc_row][vc_row css_animation=&#8221;element_from_left&#8221; row_type=&#8221;row&#8221; use_row_as_full_screen_section=&#8221;no&#8221; type=&#8221;full_width&#8221; angled_section=&#8221;no&#8221; text_align=&#8221;left&#8221; background_image_as_pattern=&#8221;without_pattern&#8221; z_index=&#8221;&#8221;][vc_column offset=&#8221;vc_hidden-sm vc_hidden-xs&#8221;][vc_row_inner row_type=&#8221;row&#8221; type=&#8221;grid&#8221; text_align=&#8221;left&#8221; css_animation=&#8221;&#8221;][vc_column_inner width=&#8221;2\/3&#8243;][vc_empty_space][vc_column_text]<span style=\"font-family: Muli; font-size: 20px; font-weight: bold; color: #000000;\">Proyecto<\/span>[\/vc_column_text][vc_separator css_animation=&#8221;none&#8221; type=&#8221;small&#8221; position=&#8221;left&#8221; color=&#8221;#000000&#8243; width=&#8221;30&#8243; down=&#8221;35&#8243;][vc_column_text]\n<h6><em><span style=\"font-size: 45px; font-weight: 300; color: #000000;\">Pit\u00f3n<\/span><\/em><\/h6>\n[\/vc_column_text][vc_empty_space][vc_column_text]En la nobleza de la madera chaque\u00f1a, el trabajo rescata la figura del animal que emerge entrelazada en cada veta y cada surco marcado por el paso del tiempo. Serpenteando con gracia, el animal aparece danzando entre la tierra y el cielo; su cuerpo sinuoso refleja el ritmo ancestral de la naturaleza. Cada escama esculpida con precisi\u00f3n revela historias antiguas que se entrelazan con los susurros del viento. Los ojos de la serpiente observan con desafiante serenidad el devenir de los tiempos. En ellos se evidencia la sabidur\u00eda de las generaciones pasadas, la conexi\u00f3n con la tierra y el respeto por todas las formas de vida. La obra<i>\u00a0<\/i>es un testimonio de armon\u00eda entre hombre y naturaleza, una invitaci\u00f3n a contemplar, reflexionar y celebrar la maravilla de la existencia.[\/vc_column_text][vc_empty_space][vc_single_image image=&#8221;12456&#8243; img_size=&#8221;full&#8221; alignment=&#8221;center&#8221; qode_css_animation=&#8221;&#8221;][vc_empty_space height=&#8221;55px&#8221;][\/vc_column_inner][vc_column_inner width=&#8221;1\/3&#8243;][vc_empty_space][vc_column_text]<strong>Distinciones:<\/strong>[\/vc_column_text][vc_empty_space height=&#8221;12px&#8221;][vc_column_text css=&#8221;.vc_custom_1716019961059{padding-right: 25% !important;}&#8221;]<span data-sider-select-id=\"9a2b9e76-6dec-4ac4-9916-61fffc5de9c0\">Artesano qom que, desde agosto de 2002, realiza esculturas. Primero, mates tallados de palo santo y figuras religiosas; m\u00e1s adelante, obras de gran formato como el Cristo (palo santo, de 5 metros) que est\u00e1 emplazado en la entrada de Miraflores (Chaco). Participante de los encuentros de escultores de San Bernardo (Chaco) y Formosa. Particip\u00f3 en varias ediciones del encuentro de tallistas de la Feria de Artesan\u00eda Ind\u00edgena de Quitilipi, la Fiesta del Inmigrante de Obera (Misiones) y fue invitado en la Bienal del Chaco (2022).<\/span>[\/vc_column_text][vc_empty_space][\/vc_column_inner][\/vc_row_inner][\/vc_column][\/vc_row][vc_row css_animation=&#8221;&#8221; row_type=&#8221;row&#8221; use_row_as_full_screen_section=&#8221;no&#8221; type=&#8221;full_width&#8221; angled_section=&#8221;no&#8221; text_align=&#8221;left&#8221; background_image_as_pattern=&#8221;without_pattern&#8221; transition_delay=&#8221;1000&#8243; z_index=&#8221;&#8221;][vc_column css_animation=&#8221;fadeInLeft&#8221; offset=&#8221;vc_hidden-lg vc_hidden-md&#8221;][vc_row_inner row_type=&#8221;row&#8221; type=&#8221;grid&#8221; text_align=&#8221;left&#8221; css_animation=&#8221;&#8221;][vc_column_inner][vc_empty_space][vc_column_text]<strong>Distinciones:<\/strong>[\/vc_column_text][vc_empty_space height=&#8221;12px&#8221;][vc_column_text]<span data-sider-select-id=\"9a2b9e76-6dec-4ac4-9916-61fffc5de9c0\">Artesano qom que, desde agosto de 2002, realiza esculturas. Primero, mates tallados de palo santo y figuras religiosas; m\u00e1s adelante, obras de gran formato como el Cristo (palo santo, de 5 metros) que est\u00e1 emplazado en la entrada de Miraflores (Chaco). Participante de los encuentros de escultores de San Bernardo (Chaco) y Formosa. Particip\u00f3 en varias ediciones del encuentro de tallistas de la Feria de Artesan\u00eda Ind\u00edgena de Quitilipi, la Fiesta del Inmigrante de Obera (Misiones) y fue invitado en la Bienal del Chaco (2022).<\/span>[\/vc_column_text][vc_empty_space height=&#8221;65px&#8221;][vc_column_text]<span style=\"font-family: Muli; font-size: 20px; font-weight: bold; color: #000000;\">Proyecto<\/span>[\/vc_column_text][vc_separator css_animation=&#8221;none&#8221; type=&#8221;small&#8221; position=&#8221;left&#8221; color=&#8221;#000000&#8243; width=&#8221;30&#8243; down=&#8221;35&#8243;][vc_column_text]\n<h6><em><span style=\"font-size: 45px; font-weight: 300; color: #000000;\">Pit\u00f3n<\/span><\/em><\/h6>\n[\/vc_column_text][vc_empty_space height=&#8221;30px&#8221;][vc_column_text]\n<p style=\"text-align: left; padding-bottom: 10px;\">En la nobleza de la madera chaque\u00f1a, el trabajo rescata la figura del animal que emerge entrelazada en cada veta y cada surco marcado por el paso del tiempo. Serpenteando con gracia, el animal aparece danzando entre la tierra y el cielo; su cuerpo sinuoso refleja el ritmo ancestral de la naturaleza. Cada escama esculpida con precisi\u00f3n revela historias antiguas que se entrelazan con los susurros del viento. Los ojos de la serpiente observan con desafiante serenidad el devenir de los tiempos. En ellos se evidencia la sabidur\u00eda de las generaciones pasadas, la conexi\u00f3n con la tierra y el respeto por todas las formas de vida. La obra<i>\u00a0<\/i>es un testimonio de armon\u00eda entre hombre y naturaleza, una invitaci\u00f3n a contemplar, reflexionar y celebrar la maravilla de la existencia.<\/p>\n[\/vc_column_text][vc_empty_space height=&#8221;50px&#8221;][vc_single_image image=&#8221;12456&#8243; img_size=&#8221;full&#8221; alignment=&#8221;center&#8221; qode_css_animation=&#8221;&#8221;][vc_empty_space][\/vc_column_inner][\/vc_row_inner][\/vc_column][\/vc_row][vc_row css_animation=&#8221;&#8221; row_type=&#8221;row&#8221; use_row_as_full_screen_section=&#8221;no&#8221; type=&#8221;grid&#8221; angled_section=&#8221;no&#8221; text_align=&#8221;left&#8221; background_image_as_pattern=&#8221;without_pattern&#8221; z_index=&#8221;&#8221;][vc_column css_animation=&#8221;fadeInLeftBig&#8221;][vc_empty_space height=&#8221;100px&#8221;][vc_row_inner row_type=&#8221;row&#8221; type=&#8221;grid&#8221; text_align=&#8221;left&#8221; css_animation=&#8221;&#8221;][vc_column_inner][vc_column_text]<span style=\"font-family: Muli; font-size: 20px; font-weight: bold; color: #000000;\">Galer\u00eda de Im\u00e1genes<\/span>[\/vc_column_text][vc_separator css_animation=&#8221;none&#8221; type=&#8221;small&#8221; position=&#8221;left&#8221; color=&#8221;#000000&#8243; width=&#8221;30&#8243; down=&#8221;35&#8243;][vc_column_text]<div class=\"uig-img-viewer uig-img-viewer-13952\" gallery_id=\"13952\">\r\n\t<style>\r\n\t\t.uig-img-viewer.uig-img-viewer-13952 .uig_gallery_images .uig-gallery-item {\r\n\t\t\tborder-radius: 0px;\r\n\t\t}\r\n\t<\/style>\r\n\t\t<div class=\"uig-image-gallery-wrapper\">\r\n\t\t\t\t<div id=\"uig_gallery_images_13952\" class=\"uig_gallery_images uig_zoom_gallery uig_masonry_layout three-column five-px\">\r\n\t\t\t\t\t\t\t\t\t<div class=\"uig-gallery-item uig-masonry-gallery-item \">\r\n\t<img decoding=\"async\" src=\"https:\/\/www.bienaldelchaco.org\/2024\/wp-content\/uploads\/2024\/07\/Aranda_8492.jpg\" alt=\"\">\r\n\t\t<\/div><div class=\"uig-gallery-item uig-masonry-gallery-item \">\r\n\t<img decoding=\"async\" src=\"https:\/\/www.bienaldelchaco.org\/2024\/wp-content\/uploads\/2024\/07\/Aranda_8342.jpg\" alt=\"\">\r\n\t\t<\/div><div class=\"uig-gallery-item uig-masonry-gallery-item \">\r\n\t<img decoding=\"async\" src=\"https:\/\/www.bienaldelchaco.org\/2024\/wp-content\/uploads\/2024\/07\/Aranda_8351.jpg\" alt=\"\">\r\n\t\t<\/div><div class=\"uig-gallery-item uig-masonry-gallery-item \">\r\n\t<img decoding=\"async\" src=\"https:\/\/www.bienaldelchaco.org\/2024\/wp-content\/uploads\/2024\/07\/Aranda_3152.jpg\" alt=\"\">\r\n\t\t<\/div><div class=\"uig-gallery-item uig-masonry-gallery-item \">\r\n\t<img decoding=\"async\" src=\"https:\/\/www.bienaldelchaco.org\/2024\/wp-content\/uploads\/2024\/07\/Aranda_3156.jpg\" alt=\"\">\r\n\t\t<\/div><div class=\"uig-gallery-item uig-masonry-gallery-item \">\r\n\t<img decoding=\"async\" src=\"https:\/\/www.bienaldelchaco.org\/2024\/wp-content\/uploads\/2024\/07\/Aranda_3159.jpg\" alt=\"\">\r\n\t\t<\/div><div class=\"uig-gallery-item uig-masonry-gallery-item \">\r\n\t<img decoding=\"async\" src=\"https:\/\/www.bienaldelchaco.org\/2024\/wp-content\/uploads\/2024\/07\/Aranda_1542.jpg\" alt=\"\">\r\n\t\t<\/div><div class=\"uig-gallery-item uig-masonry-gallery-item \">\r\n\t<img decoding=\"async\" src=\"https:\/\/www.bienaldelchaco.org\/2024\/wp-content\/uploads\/2024\/07\/Aranda_1894.jpg\" alt=\"\">\r\n\t\t<\/div><div class=\"uig-gallery-item uig-masonry-gallery-item \">\r\n\t<img decoding=\"async\" src=\"https:\/\/www.bienaldelchaco.org\/2024\/wp-content\/uploads\/2024\/07\/Aranda_3027.jpg\" alt=\"\">\r\n\t\t<\/div><div class=\"uig-gallery-item uig-masonry-gallery-item \">\r\n\t<img decoding=\"async\" src=\"https:\/\/www.bienaldelchaco.org\/2024\/wp-content\/uploads\/2024\/07\/Aranda_1096.jpg\" alt=\"\">\r\n\t\t<\/div><div class=\"uig-gallery-item uig-masonry-gallery-item \">\r\n\t<img decoding=\"async\" src=\"https:\/\/www.bienaldelchaco.org\/2024\/wp-content\/uploads\/2024\/07\/Aranda_1118.jpg\" alt=\"\">\r\n\t\t<\/div><div class=\"uig-gallery-item uig-masonry-gallery-item \">\r\n\t<img decoding=\"async\" src=\"https:\/\/www.bienaldelchaco.org\/2024\/wp-content\/uploads\/2024\/07\/Aranda_0364.jpg\" alt=\"\">\r\n\t\t<\/div><div class=\"uig-gallery-item uig-masonry-gallery-item \">\r\n\t<img decoding=\"async\" src=\"https:\/\/www.bienaldelchaco.org\/2024\/wp-content\/uploads\/2024\/07\/Aranda_0345.jpg\" alt=\"\">\r\n\t\t<\/div><div class=\"uig-gallery-item uig-masonry-gallery-item \">\r\n\t<img decoding=\"async\" src=\"https:\/\/www.bienaldelchaco.org\/2024\/wp-content\/uploads\/2024\/07\/Aranda_0361.jpg\" alt=\"\">\r\n\t\t<\/div>\t\t<\/div>\r\n\t<\/div>\r\n<\/div>[\/vc_column_text][\/vc_column_inner][\/vc_row_inner][vc_empty_space height=&#8221;150px&#8221;][\/vc_column][\/vc_row]\n","protected":false},"excerpt":{"rendered":"<p>[vc_row css_animation=&#8221;&#8221; row_type=&#8221;row&#8221; use_row_as_full_screen_section=&#8221;no&#8221; type=&#8221;full_width&#8221; angled_section=&#8221;no&#8221; text_align=&#8221;center&#8221; background_image_as_pattern=&#8221;without_pattern&#8221; z_index=&#8221;&#8221;][vc_column offset=&#8221;vc_hidden-xs&#8221;][layerslider_vc id=&#8221;13&#8243;][\/vc_column][\/vc_row][vc_row css_animation=&#8221;&#8221; row_type=&#8221;row&#8221; use_row_as_full_screen_section=&#8221;no&#8221; type=&#8221;full_width&#8221; angled_section=&#8221;no&#8221; text_align=&#8221;center&#8221; background_image_as_pattern=&#8221;without_pattern&#8221; z_index=&#8221;&#8221;][vc_column offset=&#8221;vc_hidden-lg vc_hidden-md vc_hidden-sm&#8221;][layerslider_vc id=&#8221;12&#8243;][\/vc_column][\/vc_row][vc_row css_animation=&#8221;&#8221; row_type=&#8221;row&#8221; use_row_as_full_screen_section=&#8221;no&#8221; type=&#8221;grid&#8221; angled_section=&#8221;no&#8221; text_align=&#8221;left&#8221; background_image_as_pattern=&#8221;without_pattern&#8221; z_index=&#8221;&#8221;][vc_column css_animation=&#8221;fadeInLeftBig&#8221;][vc_empty_space height=&#8221;50px&#8221;][vc_row_inner row_type=&#8221;row&#8221; type=&#8221;full_width&#8221; text_align=&#8221;left&#8221; css_animation=&#8221;&#8221;][vc_column_inner width=&#8221;2\/3&#8243;][vc_column_text]Encuentro de Escultores Invitados[\/vc_column_text][\/vc_column_inner][vc_column_inner width=&#8221;1\/3&#8243;][vc_column_text] &lt; Volver [\/vc_column_text][\/vc_column_inner][\/vc_row_inner][vc_column_text]13&#8230;<\/p>\n","protected":false},"author":3,"featured_media":0,"parent":9142,"menu_order":0,"comment_status":"closed","ping_status":"closed","template":"full_width.php","meta":{"footnotes":""},"class_list":["post-12454","page","type-page","status-publish","hentry"],"_links":{"self":[{"href":"https:\/\/www.bienaldelchaco.org\/2024\/wp-json\/wp\/v2\/pages\/12454","targetHints":{"allow":["GET"]}}],"collection":[{"href":"https:\/\/www.bienaldelchaco.org\/2024\/wp-json\/wp\/v2\/pages"}],"about":[{"href":"https:\/\/www.bienaldelchaco.org\/2024\/wp-json\/wp\/v2\/types\/page"}],"author":[{"embeddable":true,"href":"https:\/\/www.bienaldelchaco.org\/2024\/wp-json\/wp\/v2\/users\/3"}],"replies":[{"embeddable":true,"href":"https:\/\/www.bienaldelchaco.org\/2024\/wp-json\/wp\/v2\/comments?post=12454"}],"version-history":[{"count":3,"href":"https:\/\/www.bienaldelchaco.org\/2024\/wp-json\/wp\/v2\/pages\/12454\/revisions"}],"predecessor-version":[{"id":14005,"href":"https:\/\/www.bienaldelchaco.org\/2024\/wp-json\/wp\/v2\/pages\/12454\/revisions\/14005"}],"up":[{"embeddable":true,"href":"https:\/\/www.bienaldelchaco.org\/2024\/wp-json\/wp\/v2\/pages\/9142"}],"wp:attachment":[{"href":"https:\/\/www.bienaldelchaco.org\/2024\/wp-json\/wp\/v2\/media?parent=12454"}],"curies":[{"name":"wp","href":"https:\/\/api.w.org\/{rel}","templated":true}]}}