{"id":12460,"date":"2024-05-18T05:36:12","date_gmt":"2024-05-18T08:36:12","guid":{"rendered":"https:\/\/www.bienaldelchaco.org\/2024\/?page_id=12460"},"modified":"2024-07-30T19:22:10","modified_gmt":"2024-07-30T22:22:10","slug":"hernan_lira","status":"publish","type":"page","link":"https:\/\/www.bienaldelchaco.org\/2024\/escultores-invitados\/hernan_lira\/","title":{"rendered":"Hern\u00e1n Lira"},"content":{"rendered":"[vc_row css_animation=&#8221;&#8221; row_type=&#8221;row&#8221; use_row_as_full_screen_section=&#8221;no&#8221; type=&#8221;full_width&#8221; angled_section=&#8221;no&#8221; text_align=&#8221;center&#8221; background_image_as_pattern=&#8221;without_pattern&#8221; z_index=&#8221;&#8221;][vc_column offset=&#8221;vc_hidden-xs&#8221;][layerslider_vc id=&#8221;13&#8243;][\/vc_column][\/vc_row][vc_row css_animation=&#8221;&#8221; row_type=&#8221;row&#8221; use_row_as_full_screen_section=&#8221;no&#8221; type=&#8221;full_width&#8221; angled_section=&#8221;no&#8221; text_align=&#8221;center&#8221; background_image_as_pattern=&#8221;without_pattern&#8221; z_index=&#8221;&#8221;][vc_column offset=&#8221;vc_hidden-lg vc_hidden-md vc_hidden-sm&#8221;][layerslider_vc id=&#8221;12&#8243;][\/vc_column][\/vc_row][vc_row css_animation=&#8221;&#8221; row_type=&#8221;row&#8221; use_row_as_full_screen_section=&#8221;no&#8221; type=&#8221;grid&#8221; angled_section=&#8221;no&#8221; text_align=&#8221;left&#8221; background_image_as_pattern=&#8221;without_pattern&#8221; z_index=&#8221;&#8221;][vc_column css_animation=&#8221;fadeInLeftBig&#8221;][vc_empty_space height=&#8221;50px&#8221;][vc_row_inner row_type=&#8221;row&#8221; type=&#8221;full_width&#8221; text_align=&#8221;left&#8221; css_animation=&#8221;&#8221;][vc_column_inner width=&#8221;2\/3&#8243;][vc_column_text]<span style=\"font-family: 'Muli'; font-size: 30px; font-weight: bold;\">Encuentro de Escultores Invitados<\/span>[\/vc_column_text][\/vc_column_inner][vc_column_inner width=&#8221;1\/3&#8243;][vc_column_text]\n<p style=\"text-align: right;\"><span style=\"color: #000000;\"><a style=\"color: #000000;\" href=\"https:\/\/www.bienaldelchaco.org\/2024\/escultores-invitados\/\"><span style=\"font-family: 'Muli'; font-size: 22px;\">&lt; Volver<\/span><\/a><\/span><\/p>\n[\/vc_column_text][\/vc_column_inner][\/vc_row_inner][vc_column_text]<span style=\"font-family: 'Muli'; font-size: 20px; color: #696969;\">13 al 20 de julio de 2024<\/span>[\/vc_column_text][vc_separator css_animation=&#8221;none&#8221; type=&#8221;small&#8221; position=&#8221;left&#8221; color=&#8221;#000000&#8243; width=&#8221;50&#8243;][vc_empty_space height=&#8221;25px&#8221;][\/vc_column][\/vc_row][vc_row css_animation=&#8221;&#8221; row_type=&#8221;row&#8221; use_row_as_full_screen_section=&#8221;no&#8221; type=&#8221;full_width&#8221; angled_section=&#8221;no&#8221; text_align=&#8221;left&#8221; background_image_as_pattern=&#8221;without_pattern&#8221; z_index=&#8221;&#8221;][vc_column parallax=&#8221;content-moving-fade&#8221; parallax_image=&#8221;12029&#8243; parallax_speed_bg=&#8221;3.5&#8243; css_animation=&#8221;none&#8221;][vc_row_inner row_type=&#8221;row&#8221; type=&#8221;grid&#8221; text_align=&#8221;left&#8221; css_animation=&#8221;&#8221;][vc_column_inner css=&#8221;.vc_custom_1713884337213{padding-left: 20px !important;}&#8221; offset=&#8221;vc_hidden-sm vc_hidden-xs&#8221;][vc_empty_space height=&#8221;50px&#8221;][vc_column_text]\n<h2 style=\"text-align: left; color: #ffffff;\"><strong>Escultores Seleccionados<\/strong><\/h2>\n[\/vc_column_text][vc_separator css_animation=&#8221;none&#8221; type=&#8221;small&#8221; position=&#8221;left&#8221; color=&#8221;#ffffff&#8221; width=&#8221;50&#8243;][vc_empty_space height=&#8221;10px&#8221;][vc_empty_space height=&#8221;60px&#8221;][\/vc_column_inner][\/vc_row_inner][vc_row_inner row_type=&#8221;row&#8221; type=&#8221;grid&#8221; text_align=&#8221;left&#8221; css_animation=&#8221;&#8221;][vc_column_inner css=&#8221;.vc_custom_1713884344908{padding-left: 20px !important;}&#8221; offset=&#8221;vc_hidden-lg vc_hidden-md&#8221;][vc_empty_space height=&#8221;20px&#8221;][vc_column_text]\n<h2 style=\"text-align: left; color: #ffffff;\"><strong>Escultores Seleccionados<\/strong><\/h2>\n[\/vc_column_text][vc_separator css_animation=&#8221;none&#8221; type=&#8221;small&#8221; position=&#8221;left&#8221; color=&#8221;#ffffff&#8221; width=&#8221;50&#8243;][vc_empty_space height=&#8221;40px&#8221;][\/vc_column_inner][\/vc_row_inner][\/vc_column][\/vc_row][vc_row css_animation=&#8221;element_from_bottom&#8221; row_type=&#8221;row&#8221; use_row_as_full_screen_section=&#8221;no&#8221; type=&#8221;full_width&#8221; angled_section=&#8221;no&#8221; text_align=&#8221;left&#8221; background_image_as_pattern=&#8221;without_pattern&#8221; transition_delay=&#8221;1600&#8243; z_index=&#8221;&#8221;][vc_column offset=&#8221;vc_hidden-sm vc_hidden-xs&#8221;][vc_row_inner row_type=&#8221;row&#8221; type=&#8221;grid&#8221; text_align=&#8221;left&#8221; css_animation=&#8221;&#8221;][vc_column_inner width=&#8221;1\/3&#8243;][vc_single_image image=&#8221;12214&#8243; img_size=&#8221;full&#8221; qode_css_animation=&#8221;&#8221;][vc_empty_space height=&#8221;160px&#8221;][vc_column_text]<span style=\"font-family: Arial; font-size: 36px; font-weight: bold; color: #000000;\">Hern\u00e1n<br \/>\nLira<\/span>[\/vc_column_text][vc_empty_space height=&#8221;10px&#8221;][vc_column_text]\n<h6><em><span style=\"font-size: 28px; font-weight: bold; color: #000000;\">Buenos Aires<\/span><\/em><\/h6>\n[\/vc_column_text][vc_empty_space height=&#8221;50px&#8221;][\/vc_column_inner][vc_column_inner width=&#8221;2\/3&#8243; css=&#8221;.vc_custom_1713976524333{margin-top: -35% !important;}&#8221;][vc_single_image image=&#8221;12462&#8243; img_size=&#8221;full&#8221; qode_css_animation=&#8221;&#8221;][\/vc_column_inner][\/vc_row_inner][\/vc_column][\/vc_row][vc_row css_animation=&#8221;element_from_bottom&#8221; row_type=&#8221;row&#8221; use_row_as_full_screen_section=&#8221;no&#8221; type=&#8221;full_width&#8221; angled_section=&#8221;no&#8221; text_align=&#8221;left&#8221; background_image_as_pattern=&#8221;without_pattern&#8221; transition_delay=&#8221;1000&#8243; z_index=&#8221;&#8221;][vc_column offset=&#8221;vc_hidden-lg vc_hidden-md&#8221;][vc_row_inner row_type=&#8221;row&#8221; type=&#8221;grid&#8221; text_align=&#8221;left&#8221; css_animation=&#8221;&#8221;][vc_column_inner width=&#8221;2\/3&#8243; css=&#8221;.vc_custom_1713977901517{margin-top: -12% !important;}&#8221;][vc_single_image image=&#8221;12462&#8243; img_size=&#8221;full&#8221; qode_css_animation=&#8221;&#8221;][\/vc_column_inner][vc_column_inner width=&#8221;1\/3&#8243;][vc_empty_space height=&#8221;50px&#8221;][vc_single_image image=&#8221;12214&#8243; img_size=&#8221;full&#8221; qode_css_animation=&#8221;&#8221;][vc_empty_space height=&#8221;50px&#8221;][vc_column_text]<span style=\"font-family: Arial; font-size: 36px; font-weight: bold; color: #000000;\">Hern\u00e1n<br \/>\nLira<\/span>[\/vc_column_text][vc_empty_space height=&#8221;10px&#8221;][vc_column_text]\n<h6><em><span style=\"font-size: 28px; font-weight: bold; color: #000000;\">Buenos Aires<\/span><\/em><\/h6>\n[\/vc_column_text][vc_empty_space height=&#8221;50px&#8221;][\/vc_column_inner][\/vc_row_inner][\/vc_column][\/vc_row][vc_row css_animation=&#8221;element_from_left&#8221; row_type=&#8221;row&#8221; use_row_as_full_screen_section=&#8221;no&#8221; type=&#8221;full_width&#8221; angled_section=&#8221;no&#8221; text_align=&#8221;left&#8221; background_image_as_pattern=&#8221;without_pattern&#8221; z_index=&#8221;&#8221;][vc_column offset=&#8221;vc_hidden-sm vc_hidden-xs&#8221;][vc_row_inner row_type=&#8221;row&#8221; type=&#8221;grid&#8221; text_align=&#8221;left&#8221; css_animation=&#8221;&#8221;][vc_column_inner width=&#8221;2\/3&#8243;][vc_empty_space][vc_column_text]<span style=\"font-family: Muli; font-size: 20px; font-weight: bold; color: #000000;\">Proyecto<\/span>[\/vc_column_text][vc_separator css_animation=&#8221;none&#8221; type=&#8221;small&#8221; position=&#8221;left&#8221; color=&#8221;#000000&#8243; width=&#8221;30&#8243; down=&#8221;35&#8243;][vc_column_text]\n<h6><em><span style=\"font-size: 45px; font-weight: 300; color: #000000;\">El canoero<\/span><\/em><\/h6>\n[\/vc_column_text][vc_empty_space][vc_column_text]Hace m\u00e1s de 20 a\u00f1os que construye peque\u00f1as escenas con movimiento que hablan de oficios o situaciones dom\u00e9sticas de personajes comunes. Con mecanismos sencillos, da vida en acciones que se repiten con sistemas de m\u00e1quinas simples (bielas, engranajes, poleas y palancas). Los aut\u00f3matas -juguetes mec\u00e1nicos u objetos de arte cin\u00e9tico- repiten su movimiento en ciclos de acciones tras recibir un impulso manual mediante manivelas o palancas.<br \/>\nEste trabajo -a gran escala- tendr\u00e1 un sistema de transmisi\u00f3n por engranajes, activado con manivela y bielas. La acci\u00f3n que repetir\u00e1 el personaje es balancear su cuerpo mientras simula remar con la pala al comp\u00e1s del mecer de las aguas. Los materiales predominantes ser\u00e1n madera y metal, con accesorios de bulones y tuercas.<br \/>\nLa obra es la representaci\u00f3n del hombre de rio que navega las aguas de los m\u00e1rgenes del predio donde se realiza la Bienal del Chaco y ser\u00e1 un reflejo del personaje litorale\u00f1o que convive cotidianamente abrazado a sus grandes r\u00edos.[\/vc_column_text][vc_empty_space][vc_single_image image=&#8221;12464&#8243; img_size=&#8221;full&#8221; alignment=&#8221;center&#8221; qode_css_animation=&#8221;&#8221;][vc_empty_space height=&#8221;55px&#8221;][\/vc_column_inner][vc_column_inner width=&#8221;1\/3&#8243;][vc_empty_space][vc_column_text]<strong>Distinciones:<\/strong>[\/vc_column_text][vc_empty_space height=&#8221;12px&#8221;][vc_column_text css=&#8221;.vc_custom_1716023032823{padding-right: 25% !important;}&#8221;]<strong>2022.<\/strong> Expositor y tallerista de la 49\u00b0 Muestra Internacional de Artesan\u00edas de la Universidad Cat\u00f3lica (Chile) y en el Festival Am\u00e9rica del Sur Pantanal de Corumba (Brasil). <strong>2019.<\/strong> Funciones de marionetas en el Festival Am\u00e9rica del Sur Pantanal de Corumba (Brasil). Expositor y tallerista de construcci\u00f3n de aut\u00f3matas en Barcelona, Alicante, Albaida y Madrid (Espa\u00f1a). Expositor, tallerista y funciones de marionetas en el Festival Sonamos Latinoam\u00e9rica de Bruselas (B\u00e9lgica). Expone y realiza objetos para la puesta &#8220;Aqu\u00ed hay leones&#8221; del teatro de objetos en el Festival Mundial de Marionetas de Charleville Mezieres (Francia). Montaje de escenas mec\u00e1nicas de la vida de Justo J. de Urquiza en el Palacio San Jos\u00e9 (Entre R\u00edos). <strong>2017.<\/strong> Participa de la Exposici\u00f3n Artilugios curiosos y ofrece talleres en el Museo Exploratorium de San Francisco (Estados Unidos). Participa en el Festival de Artes y Oficios de Jerusal\u00e9n (Israel). <strong>2016.<\/strong> Participa del Pabell\u00f3n Internacional Unesco en el Festival de Artesan\u00edas de Cuenca (Ecuador) y del Mercado Internacional de Arte Popular de Santa Fe, Nuevo M\u00e9xico (Estados Unidos). <strong>2015.<\/strong> Participa de la 42\u00b0 Muestra de Artesan\u00eda A\u00f1o de Juegos y Juguetes de la Universidad Cat\u00f3lica de Santiago (Chile), del Festival Am\u00e9rica del Sur Pantanal de Corumba (Brasil) y de la Feria de la Econom\u00eda Solidaria de Santa Mar\u00eda, R\u00edo grande do Sol (Brasil).[\/vc_column_text][vc_empty_space][\/vc_column_inner][\/vc_row_inner][\/vc_column][\/vc_row][vc_row css_animation=&#8221;&#8221; row_type=&#8221;row&#8221; use_row_as_full_screen_section=&#8221;no&#8221; type=&#8221;full_width&#8221; angled_section=&#8221;no&#8221; text_align=&#8221;left&#8221; background_image_as_pattern=&#8221;without_pattern&#8221; transition_delay=&#8221;1000&#8243; z_index=&#8221;&#8221;][vc_column css_animation=&#8221;fadeInLeft&#8221; offset=&#8221;vc_hidden-lg vc_hidden-md&#8221;][vc_row_inner row_type=&#8221;row&#8221; type=&#8221;grid&#8221; text_align=&#8221;left&#8221; css_animation=&#8221;&#8221;][vc_column_inner][vc_empty_space][vc_column_text]<strong>Distinciones:<\/strong>[\/vc_column_text][vc_empty_space height=&#8221;12px&#8221;][vc_column_text]<strong>2022.<\/strong> Expositor y tallerista de la 49\u00b0 Muestra Internacional de Artesan\u00edas de la Universidad Cat\u00f3lica (Chile) y en el Festival Am\u00e9rica del Sur Pantanal de Corumba (Brasil). <strong>2019.<\/strong> Funciones de marionetas en el Festival Am\u00e9rica del Sur Pantanal de Corumba (Brasil). Expositor y tallerista de construcci\u00f3n de aut\u00f3matas en Barcelona, Alicante, Albaida y Madrid (Espa\u00f1a). Expositor, tallerista y funciones de marionetas en el Festival Sonamos Latinoam\u00e9rica de Bruselas (B\u00e9lgica). Expone y realiza objetos para la puesta &#8220;Aqu\u00ed hay leones&#8221; del teatro de objetos en el Festival Mundial de Marionetas de Charleville Mezieres (Francia). Montaje de escenas mec\u00e1nicas de la vida de Justo J. de Urquiza en el Palacio San Jos\u00e9 (Entre R\u00edos). <strong>2017.<\/strong> Participa de la Exposici\u00f3n Artilugios curiosos y ofrece talleres en el Museo Exploratorium de San Francisco (Estados Unidos). Participa en el Festival de Artes y Oficios de Jerusal\u00e9n (Israel). <strong>2016.<\/strong> Participa del Pabell\u00f3n Internacional Unesco en el Festival de Artesan\u00edas de Cuenca (Ecuador) y del Mercado Internacional de Arte Popular de Santa Fe, Nuevo M\u00e9xico (Estados Unidos). <strong>2015.<\/strong> Participa de la 42\u00b0 Muestra de Artesan\u00eda A\u00f1o de Juegos y Juguetes de la Universidad Cat\u00f3lica de Santiago (Chile), del Festival Am\u00e9rica del Sur Pantanal de Corumba (Brasil) y de la Feria de la Econom\u00eda Solidaria de Santa Mar\u00eda, R\u00edo grande do Sol (Brasil).[\/vc_column_text][vc_empty_space height=&#8221;65px&#8221;][vc_column_text]<span style=\"font-family: Muli; font-size: 20px; font-weight: bold; color: #000000;\">Proyecto<\/span>[\/vc_column_text][vc_separator css_animation=&#8221;none&#8221; type=&#8221;small&#8221; position=&#8221;left&#8221; color=&#8221;#000000&#8243; width=&#8221;30&#8243; down=&#8221;35&#8243;][vc_column_text]\n<h6><em><span style=\"font-size: 45px; font-weight: 300; color: #000000;\">El canoero<\/span><\/em><\/h6>\n[\/vc_column_text][vc_empty_space height=&#8221;30px&#8221;][vc_column_text]\n<p style=\"text-align: left; padding-bottom: 10px;\">Hace m\u00e1s de 20 a\u00f1os que construye peque\u00f1as escenas con movimiento que hablan de oficios o situaciones dom\u00e9sticas de personajes comunes. Con mecanismos sencillos, da vida en acciones que se repiten con sistemas de m\u00e1quinas simples (bielas, engranajes, poleas y palancas). Los aut\u00f3matas -juguetes mec\u00e1nicos u objetos de arte cin\u00e9tico- repiten su movimiento en ciclos de acciones tras recibir un impulso manual mediante manivelas o palancas.<br \/>\nEste trabajo -a gran escala- tendr\u00e1 un sistema de transmisi\u00f3n por engranajes, activado con manivela y bielas. La acci\u00f3n que repetir\u00e1 el personaje es balancear su cuerpo mientras simula remar con la pala al comp\u00e1s del mecer de las aguas. Los materiales predominantes ser\u00e1n madera y metal, con accesorios de bulones y tuercas.<br \/>\nLa obra es la representaci\u00f3n del hombre de rio que navega las aguas de los m\u00e1rgenes del predio donde se realiza la Bienal del Chaco y ser\u00e1 un reflejo del personaje litorale\u00f1o que convive cotidianamente abrazado a sus grandes r\u00edos.<\/p>\n[\/vc_column_text][vc_empty_space height=&#8221;50px&#8221;][vc_single_image image=&#8221;12464&#8243; img_size=&#8221;full&#8221; alignment=&#8221;center&#8221; qode_css_animation=&#8221;&#8221;][vc_empty_space][\/vc_column_inner][\/vc_row_inner][\/vc_column][\/vc_row][vc_row css_animation=&#8221;&#8221; row_type=&#8221;row&#8221; use_row_as_full_screen_section=&#8221;no&#8221; type=&#8221;grid&#8221; angled_section=&#8221;no&#8221; text_align=&#8221;left&#8221; background_image_as_pattern=&#8221;without_pattern&#8221; z_index=&#8221;&#8221;][vc_column css_animation=&#8221;fadeInLeftBig&#8221;][vc_empty_space height=&#8221;100px&#8221;][vc_row_inner row_type=&#8221;row&#8221; type=&#8221;grid&#8221; text_align=&#8221;left&#8221; css_animation=&#8221;&#8221;][vc_column_inner][vc_column_text]<span style=\"font-family: Muli; font-size: 20px; font-weight: bold; color: #000000;\">Galer\u00eda de Im\u00e1genes<\/span>[\/vc_column_text][vc_separator css_animation=&#8221;none&#8221; type=&#8221;small&#8221; position=&#8221;left&#8221; color=&#8221;#000000&#8243; width=&#8221;30&#8243; down=&#8221;35&#8243;][vc_column_text]<div class=\"uig-img-viewer uig-img-viewer-13967\" gallery_id=\"13967\">\r\n\t<style>\r\n\t\t.uig-img-viewer.uig-img-viewer-13967 .uig_gallery_images .uig-gallery-item {\r\n\t\t\tborder-radius: 0px;\r\n\t\t}\r\n\t<\/style>\r\n\t\t<div class=\"uig-image-gallery-wrapper\">\r\n\t\t\t\t<div id=\"uig_gallery_images_13967\" class=\"uig_gallery_images uig_zoom_gallery uig_masonry_layout three-column five-px\">\r\n\t\t\t\t\t\t\t\t\t<div class=\"uig-gallery-item uig-masonry-gallery-item \">\r\n\t<img decoding=\"async\" src=\"https:\/\/www.bienaldelchaco.org\/2024\/wp-content\/uploads\/2024\/07\/Lira_8654.jpg\" alt=\"\">\r\n\t\t<\/div><div class=\"uig-gallery-item uig-masonry-gallery-item \">\r\n\t<img decoding=\"async\" src=\"https:\/\/www.bienaldelchaco.org\/2024\/wp-content\/uploads\/2024\/07\/Lira_3143.jpg\" alt=\"\">\r\n\t\t<\/div><div class=\"uig-gallery-item uig-masonry-gallery-item \">\r\n\t<img decoding=\"async\" src=\"https:\/\/www.bienaldelchaco.org\/2024\/wp-content\/uploads\/2024\/07\/Lira_8332.jpg\" alt=\"\">\r\n\t\t<\/div><div class=\"uig-gallery-item uig-masonry-gallery-item \">\r\n\t<img decoding=\"async\" src=\"https:\/\/www.bienaldelchaco.org\/2024\/wp-content\/uploads\/2024\/07\/Lira_2321.jpg\" alt=\"\">\r\n\t\t<\/div><div class=\"uig-gallery-item uig-masonry-gallery-item \">\r\n\t<img decoding=\"async\" src=\"https:\/\/www.bienaldelchaco.org\/2024\/wp-content\/uploads\/2024\/07\/Lira_2336.jpg\" alt=\"\">\r\n\t\t<\/div><div class=\"uig-gallery-item uig-masonry-gallery-item \">\r\n\t<img decoding=\"async\" src=\"https:\/\/www.bienaldelchaco.org\/2024\/wp-content\/uploads\/2024\/07\/Lira_3061.jpg\" alt=\"\">\r\n\t\t<\/div><div class=\"uig-gallery-item uig-masonry-gallery-item \">\r\n\t<img decoding=\"async\" src=\"https:\/\/www.bienaldelchaco.org\/2024\/wp-content\/uploads\/2024\/07\/Lira_2307.jpg\" alt=\"\">\r\n\t\t<\/div><div class=\"uig-gallery-item uig-masonry-gallery-item \">\r\n\t<img decoding=\"async\" src=\"https:\/\/www.bienaldelchaco.org\/2024\/wp-content\/uploads\/2024\/07\/Lira_2313.jpg\" alt=\"\">\r\n\t\t<\/div><div class=\"uig-gallery-item uig-masonry-gallery-item \">\r\n\t<img decoding=\"async\" src=\"https:\/\/www.bienaldelchaco.org\/2024\/wp-content\/uploads\/2024\/07\/Lira_1124.jpg\" alt=\"\">\r\n\t\t<\/div><div class=\"uig-gallery-item uig-masonry-gallery-item \">\r\n\t<img decoding=\"async\" src=\"https:\/\/www.bienaldelchaco.org\/2024\/wp-content\/uploads\/2024\/07\/Lira_1531.jpg\" alt=\"\">\r\n\t\t<\/div><div class=\"uig-gallery-item uig-masonry-gallery-item \">\r\n\t<img decoding=\"async\" src=\"https:\/\/www.bienaldelchaco.org\/2024\/wp-content\/uploads\/2024\/07\/Lira_1555.jpg\" alt=\"\">\r\n\t\t<\/div><div class=\"uig-gallery-item uig-masonry-gallery-item \">\r\n\t<img decoding=\"async\" src=\"https:\/\/www.bienaldelchaco.org\/2024\/wp-content\/uploads\/2024\/07\/Lira_0357.jpg\" alt=\"\">\r\n\t\t<\/div><div class=\"uig-gallery-item uig-masonry-gallery-item \">\r\n\t<img decoding=\"async\" src=\"https:\/\/www.bienaldelchaco.org\/2024\/wp-content\/uploads\/2024\/07\/Lira_1092.jpg\" alt=\"\">\r\n\t\t<\/div><div class=\"uig-gallery-item uig-masonry-gallery-item \">\r\n\t<img decoding=\"async\" src=\"https:\/\/www.bienaldelchaco.org\/2024\/wp-content\/uploads\/2024\/07\/Lira_0342.jpg\" alt=\"\">\r\n\t\t<\/div><div class=\"uig-gallery-item uig-masonry-gallery-item \">\r\n\t<img decoding=\"async\" src=\"https:\/\/www.bienaldelchaco.org\/2024\/wp-content\/uploads\/2024\/07\/Lira_0351.jpg\" alt=\"\">\r\n\t\t<\/div>\t\t<\/div>\r\n\t<\/div>\r\n<\/div>[\/vc_column_text][\/vc_column_inner][\/vc_row_inner][vc_empty_space height=&#8221;150px&#8221;][\/vc_column][\/vc_row]\n","protected":false},"excerpt":{"rendered":"<p>[vc_row css_animation=&#8221;&#8221; row_type=&#8221;row&#8221; use_row_as_full_screen_section=&#8221;no&#8221; type=&#8221;full_width&#8221; angled_section=&#8221;no&#8221; text_align=&#8221;center&#8221; background_image_as_pattern=&#8221;without_pattern&#8221; z_index=&#8221;&#8221;][vc_column offset=&#8221;vc_hidden-xs&#8221;][layerslider_vc id=&#8221;13&#8243;][\/vc_column][\/vc_row][vc_row css_animation=&#8221;&#8221; row_type=&#8221;row&#8221; use_row_as_full_screen_section=&#8221;no&#8221; type=&#8221;full_width&#8221; angled_section=&#8221;no&#8221; text_align=&#8221;center&#8221; background_image_as_pattern=&#8221;without_pattern&#8221; z_index=&#8221;&#8221;][vc_column offset=&#8221;vc_hidden-lg vc_hidden-md vc_hidden-sm&#8221;][layerslider_vc id=&#8221;12&#8243;][\/vc_column][\/vc_row][vc_row css_animation=&#8221;&#8221; row_type=&#8221;row&#8221; use_row_as_full_screen_section=&#8221;no&#8221; type=&#8221;grid&#8221; angled_section=&#8221;no&#8221; text_align=&#8221;left&#8221; background_image_as_pattern=&#8221;without_pattern&#8221; z_index=&#8221;&#8221;][vc_column css_animation=&#8221;fadeInLeftBig&#8221;][vc_empty_space height=&#8221;50px&#8221;][vc_row_inner row_type=&#8221;row&#8221; type=&#8221;full_width&#8221; text_align=&#8221;left&#8221; css_animation=&#8221;&#8221;][vc_column_inner width=&#8221;2\/3&#8243;][vc_column_text]Encuentro de Escultores Invitados[\/vc_column_text][\/vc_column_inner][vc_column_inner width=&#8221;1\/3&#8243;][vc_column_text] &lt; Volver [\/vc_column_text][\/vc_column_inner][\/vc_row_inner][vc_column_text]13&#8230;<\/p>\n","protected":false},"author":3,"featured_media":0,"parent":9142,"menu_order":0,"comment_status":"closed","ping_status":"closed","template":"full_width.php","meta":{"footnotes":""},"class_list":["post-12460","page","type-page","status-publish","hentry"],"_links":{"self":[{"href":"https:\/\/www.bienaldelchaco.org\/2024\/wp-json\/wp\/v2\/pages\/12460","targetHints":{"allow":["GET"]}}],"collection":[{"href":"https:\/\/www.bienaldelchaco.org\/2024\/wp-json\/wp\/v2\/pages"}],"about":[{"href":"https:\/\/www.bienaldelchaco.org\/2024\/wp-json\/wp\/v2\/types\/page"}],"author":[{"embeddable":true,"href":"https:\/\/www.bienaldelchaco.org\/2024\/wp-json\/wp\/v2\/users\/3"}],"replies":[{"embeddable":true,"href":"https:\/\/www.bienaldelchaco.org\/2024\/wp-json\/wp\/v2\/comments?post=12460"}],"version-history":[{"count":4,"href":"https:\/\/www.bienaldelchaco.org\/2024\/wp-json\/wp\/v2\/pages\/12460\/revisions"}],"predecessor-version":[{"id":14006,"href":"https:\/\/www.bienaldelchaco.org\/2024\/wp-json\/wp\/v2\/pages\/12460\/revisions\/14006"}],"up":[{"embeddable":true,"href":"https:\/\/www.bienaldelchaco.org\/2024\/wp-json\/wp\/v2\/pages\/9142"}],"wp:attachment":[{"href":"https:\/\/www.bienaldelchaco.org\/2024\/wp-json\/wp\/v2\/media?parent=12460"}],"curies":[{"name":"wp","href":"https:\/\/api.w.org\/{rel}","templated":true}]}}