{"id":12466,"date":"2024-05-18T06:13:15","date_gmt":"2024-05-18T09:13:15","guid":{"rendered":"https:\/\/www.bienaldelchaco.org\/2024\/?page_id=12466"},"modified":"2024-07-30T19:01:40","modified_gmt":"2024-07-30T22:01:40","slug":"milagro_tejerina","status":"publish","type":"page","link":"https:\/\/www.bienaldelchaco.org\/2024\/escultores-invitados\/milagro_tejerina\/","title":{"rendered":"Milagro Tejerina"},"content":{"rendered":"[vc_row css_animation=&#8221;&#8221; row_type=&#8221;row&#8221; use_row_as_full_screen_section=&#8221;no&#8221; type=&#8221;full_width&#8221; angled_section=&#8221;no&#8221; text_align=&#8221;center&#8221; background_image_as_pattern=&#8221;without_pattern&#8221; z_index=&#8221;&#8221;][vc_column offset=&#8221;vc_hidden-xs&#8221;][layerslider_vc id=&#8221;13&#8243;][\/vc_column][\/vc_row][vc_row css_animation=&#8221;&#8221; row_type=&#8221;row&#8221; use_row_as_full_screen_section=&#8221;no&#8221; type=&#8221;full_width&#8221; angled_section=&#8221;no&#8221; text_align=&#8221;center&#8221; background_image_as_pattern=&#8221;without_pattern&#8221; z_index=&#8221;&#8221;][vc_column offset=&#8221;vc_hidden-lg vc_hidden-md vc_hidden-sm&#8221;][layerslider_vc id=&#8221;12&#8243;][\/vc_column][\/vc_row][vc_row css_animation=&#8221;&#8221; row_type=&#8221;row&#8221; use_row_as_full_screen_section=&#8221;no&#8221; type=&#8221;grid&#8221; angled_section=&#8221;no&#8221; text_align=&#8221;left&#8221; background_image_as_pattern=&#8221;without_pattern&#8221; z_index=&#8221;&#8221;][vc_column css_animation=&#8221;fadeInLeftBig&#8221;][vc_empty_space height=&#8221;50px&#8221;][vc_row_inner row_type=&#8221;row&#8221; type=&#8221;full_width&#8221; text_align=&#8221;left&#8221; css_animation=&#8221;&#8221;][vc_column_inner width=&#8221;2\/3&#8243;][vc_column_text]<span style=\"font-family: 'Muli'; font-size: 30px; font-weight: bold;\">Encuentro de Escultores Invitados<\/span>[\/vc_column_text][\/vc_column_inner][vc_column_inner width=&#8221;1\/3&#8243;][vc_column_text]\n<p style=\"text-align: right;\"><span style=\"color: #000000;\"><a style=\"color: #000000;\" href=\"https:\/\/www.bienaldelchaco.org\/2024\/escultores-invitados\/\"><span style=\"font-family: 'Muli'; font-size: 22px;\">&lt; Volver<\/span><\/a><\/span><\/p>\n[\/vc_column_text][\/vc_column_inner][\/vc_row_inner][vc_column_text]<span style=\"font-family: 'Muli'; font-size: 20px; color: #696969;\">13 al 20 de julio de 2024<\/span>[\/vc_column_text][vc_separator css_animation=&#8221;none&#8221; type=&#8221;small&#8221; position=&#8221;left&#8221; color=&#8221;#000000&#8243; width=&#8221;50&#8243;][vc_empty_space height=&#8221;25px&#8221;][\/vc_column][\/vc_row][vc_row css_animation=&#8221;&#8221; row_type=&#8221;row&#8221; use_row_as_full_screen_section=&#8221;no&#8221; type=&#8221;full_width&#8221; angled_section=&#8221;no&#8221; text_align=&#8221;left&#8221; background_image_as_pattern=&#8221;without_pattern&#8221; z_index=&#8221;&#8221;][vc_column parallax=&#8221;content-moving-fade&#8221; parallax_image=&#8221;12029&#8243; parallax_speed_bg=&#8221;3.5&#8243; css_animation=&#8221;none&#8221;][vc_row_inner row_type=&#8221;row&#8221; type=&#8221;grid&#8221; text_align=&#8221;left&#8221; css_animation=&#8221;&#8221;][vc_column_inner css=&#8221;.vc_custom_1713884337213{padding-left: 20px !important;}&#8221; offset=&#8221;vc_hidden-sm vc_hidden-xs&#8221;][vc_empty_space height=&#8221;50px&#8221;][vc_column_text]\n<h2 style=\"text-align: left; color: #ffffff;\"><strong>Escultores Seleccionados<\/strong><\/h2>\n[\/vc_column_text][vc_separator css_animation=&#8221;none&#8221; type=&#8221;small&#8221; position=&#8221;left&#8221; color=&#8221;#ffffff&#8221; width=&#8221;50&#8243;][vc_empty_space height=&#8221;10px&#8221;][vc_empty_space height=&#8221;60px&#8221;][\/vc_column_inner][\/vc_row_inner][vc_row_inner row_type=&#8221;row&#8221; type=&#8221;grid&#8221; text_align=&#8221;left&#8221; css_animation=&#8221;&#8221;][vc_column_inner css=&#8221;.vc_custom_1713884344908{padding-left: 20px !important;}&#8221; offset=&#8221;vc_hidden-lg vc_hidden-md&#8221;][vc_empty_space height=&#8221;20px&#8221;][vc_column_text]\n<h2 style=\"text-align: left; color: #ffffff;\"><strong>Escultores Seleccionados<\/strong><\/h2>\n[\/vc_column_text][vc_separator css_animation=&#8221;none&#8221; type=&#8221;small&#8221; position=&#8221;left&#8221; color=&#8221;#ffffff&#8221; width=&#8221;50&#8243;][vc_empty_space height=&#8221;40px&#8221;][\/vc_column_inner][\/vc_row_inner][\/vc_column][\/vc_row][vc_row css_animation=&#8221;element_from_bottom&#8221; row_type=&#8221;row&#8221; use_row_as_full_screen_section=&#8221;no&#8221; type=&#8221;full_width&#8221; angled_section=&#8221;no&#8221; text_align=&#8221;left&#8221; background_image_as_pattern=&#8221;without_pattern&#8221; transition_delay=&#8221;1600&#8243; z_index=&#8221;&#8221;][vc_column offset=&#8221;vc_hidden-sm vc_hidden-xs&#8221;][vc_row_inner row_type=&#8221;row&#8221; type=&#8221;grid&#8221; text_align=&#8221;left&#8221; css_animation=&#8221;&#8221;][vc_column_inner width=&#8221;1\/3&#8243;][vc_single_image image=&#8221;12214&#8243; img_size=&#8221;full&#8221; qode_css_animation=&#8221;&#8221;][vc_empty_space height=&#8221;160px&#8221;][vc_column_text]<span style=\"font-family: Arial; font-size: 36px; font-weight: bold; color: #000000;\">Milagro<br \/>\nTejerina<\/span>[\/vc_column_text][vc_empty_space height=&#8221;10px&#8221;][vc_column_text]\n<h6><em><span style=\"font-size: 28px; font-weight: bold; color: #000000;\">Jujuy<\/span><\/em><\/h6>\n[\/vc_column_text][vc_empty_space height=&#8221;50px&#8221;][\/vc_column_inner][vc_column_inner width=&#8221;2\/3&#8243; css=&#8221;.vc_custom_1713976524333{margin-top: -35% !important;}&#8221;][vc_single_image image=&#8221;12468&#8243; img_size=&#8221;full&#8221; onclick=&#8221;custom_link&#8221; img_link_target=&#8221;_blank&#8221; qode_css_animation=&#8221;&#8221; link=&#8221;https:\/\/www.instagram.com\/justadelmilagro.tejerina&#8221;][\/vc_column_inner][\/vc_row_inner][\/vc_column][\/vc_row][vc_row css_animation=&#8221;element_from_bottom&#8221; row_type=&#8221;row&#8221; use_row_as_full_screen_section=&#8221;no&#8221; type=&#8221;full_width&#8221; angled_section=&#8221;no&#8221; text_align=&#8221;left&#8221; background_image_as_pattern=&#8221;without_pattern&#8221; transition_delay=&#8221;1000&#8243; z_index=&#8221;&#8221;][vc_column offset=&#8221;vc_hidden-lg vc_hidden-md&#8221;][vc_row_inner row_type=&#8221;row&#8221; type=&#8221;grid&#8221; text_align=&#8221;left&#8221; css_animation=&#8221;&#8221;][vc_column_inner width=&#8221;2\/3&#8243; css=&#8221;.vc_custom_1713977901517{margin-top: -12% !important;}&#8221;][vc_single_image image=&#8221;12468&#8243; img_size=&#8221;full&#8221; onclick=&#8221;custom_link&#8221; img_link_target=&#8221;_blank&#8221; qode_css_animation=&#8221;&#8221; link=&#8221;https:\/\/www.instagram.com\/justadelmilagro.tejerina&#8221;][\/vc_column_inner][vc_column_inner width=&#8221;1\/3&#8243;][vc_empty_space height=&#8221;50px&#8221;][vc_single_image image=&#8221;12214&#8243; img_size=&#8221;full&#8221; qode_css_animation=&#8221;&#8221;][vc_empty_space height=&#8221;50px&#8221;][vc_column_text]<span style=\"font-family: Arial; font-size: 36px; font-weight: bold; color: #000000;\">Milagro<br \/>\nTejerina<\/span>[\/vc_column_text][vc_empty_space height=&#8221;10px&#8221;][vc_column_text]\n<h6><em><span style=\"font-size: 28px; font-weight: bold; color: #000000;\">Jujuy<\/span><\/em><\/h6>\n[\/vc_column_text][vc_empty_space height=&#8221;50px&#8221;][\/vc_column_inner][\/vc_row_inner][\/vc_column][\/vc_row][vc_row css_animation=&#8221;element_from_left&#8221; row_type=&#8221;row&#8221; use_row_as_full_screen_section=&#8221;no&#8221; type=&#8221;full_width&#8221; angled_section=&#8221;no&#8221; text_align=&#8221;left&#8221; background_image_as_pattern=&#8221;without_pattern&#8221; z_index=&#8221;&#8221;][vc_column offset=&#8221;vc_hidden-sm vc_hidden-xs&#8221;][vc_row_inner row_type=&#8221;row&#8221; type=&#8221;grid&#8221; text_align=&#8221;left&#8221; css_animation=&#8221;&#8221;][vc_column_inner width=&#8221;2\/3&#8243;][vc_empty_space][vc_column_text]<span style=\"font-family: Muli; font-size: 20px; font-weight: bold; color: #000000;\">Proyecto<\/span>[\/vc_column_text][vc_separator css_animation=&#8221;none&#8221; type=&#8221;small&#8221; position=&#8221;left&#8221; color=&#8221;#000000&#8243; width=&#8221;30&#8243; down=&#8221;35&#8243;][vc_column_text]\n<h6><em><span style=\"font-size: 45px; font-weight: 300; color: #000000;\">Ceiba: naturaleza sagrada.<\/span><\/em><\/h6>\n[\/vc_column_text][vc_empty_space][vc_column_text]<strong>El \u00e1rbol de Am\u00e9rica.<\/strong><\/p>\n<p>El palo borracho -tambi\u00e9n conocido como yuch\u00e1n, palo botella, toborochi, palo rosado, samoh\u00fa, chemlak- es un \u00e1rbol sagrado para distintas culturas de Am\u00e9rica. Los mitos y leyendas construidas a su alrededor van cambiando dependiendo del lugar en el que se encuentre ubicado el \u00e1rbol. Para la cultura maya es un \u00e1rbol divino, considerado &#8220;El \u00e1rbol de la vida&#8221;; sus ramas forman el cielo, el tronco el plano terrenal y sus ra\u00edces tejen el inframundo, conectando as\u00ed los tres niveles cosmog\u00f3nicos.<\/p>\n<p>La leyenda del Popol Vuh cuenta que los dioses creadores sembraron en los cuatro rumbos del cosmos sus respectivas ceibas sagradas: al Este, la ceiba roja; al Oeste, la ceiba negra; al Sur, la ceiba amarilla; y al Norte, la ceiba blanca. Finalmente, sembraron una quinta al centro de todos estos rumbos, en las ra\u00edces ubicaron la morada de los muertos, en su base la tierra que habitamos los seres vivos y en sus ramas establecieron la morada de los dioses. Mientras que en la cima de su copa habitaba el origen de todos los dioses en la forma de un ave, el quetzal celestial. La leyenda de la cultura wich\u00ed dicen que de su tronco surgen los r\u00edos Amazonas, Bermejo y Pilcomayo. As\u00ed, dependiendo del pa\u00eds o de la cultura, el mito cambia pero siempre sigue siendo un \u00e1rbol sagrado.<\/p>\n<p>El palo borracho convive en nuestro h\u00e1bitat y es un testigo hist\u00f3rico originario de Am\u00e9rica. Los mascareros de las comunidades wich\u00eds, tallan su madera para construir canoas, sogas, pailas y m\u00e1scaras ceremoniales. Este proyecto busca fomentar el cuidado y preservaci\u00f3n de los recursos naturales, as\u00ed como el respeto hacia las culturas originarias y su patrimonio cultural tangible e intangible. Al mismo tiempo, promover la creatividad y el uso sostenible de los recursos textiles. Asimismo, integrar mitos y leyendas provenientes de las culturas originarias a lo largo del continente americano.[\/vc_column_text][vc_empty_space][\/vc_column_inner][vc_column_inner width=&#8221;1\/3&#8243;][vc_empty_space][vc_column_text]<strong>Distinciones:<\/strong>[\/vc_column_text][vc_empty_space height=&#8221;12px&#8221;][vc_column_text css=&#8221;.vc_custom_1716024866394{padding-right: 25% !important;}&#8221;]Emprendedora y dise\u00f1adora de La Justa Dise\u00f1o Textil (Jujuy). Docente, fieltrista e investigadora textil, tambi\u00e9n luchadora por los derechos de las mujeres. T\u00e9cnica de Mujeres Artesanas Wich\u00ed de las comunidades de Santa Victoria Este: El Cruce, La Sierra y La Puntana (Salta). Trabaja ad honorem con el Grupo Mujeres Esperanza del Pueblo Kolla de Iruya (Salta). Capacitadora de artesanas para la Mesa de Lana en las comunidades de Amaicha, Taf\u00ed del Valle, San Javier y Potrero de Rodeo Grande (Tucum\u00e1n). Capacitadora en talleres de aprovechamiento y valor agregado en origen de las fibras de lana de oveja, fibra de llama y de vicu\u00f1a en las comunidades de El C\u00f3ndor &#8211; Yavi, Lagunillas del Farall\u00f3n, Ci\u00e9nega de Paicone (Jujuy). Coordinadora de actividades del Espacio de Arte Nicasio Fern\u00e1ndez Mar de Tilcara (Jujuy). <strong>2023. <\/strong>Docente del M\u00f3dulo Tiempo, Escuela de Artes y Oficios del CCK (Buenos Aires). <strong>2022. <\/strong>Primer Premio -Categor\u00eda Textil- del 110\u00b0 Sal\u00f3n Nacional de Artes Visuales (Argentina). Curadora de la muestra &#8220;Los objetos de nuestros afectos &#8211; Arqueolog\u00edas de lo cotidiano&#8221; que expuso el trabajo de ni\u00f1os de escuelas rurales de Tilcara (Jujuy). Participa en la muestra &#8220;La crianza mutua: cultivo, domesticaci\u00f3n y<\/p>\n<p>amparo textil&#8221; con alumnos de la C\u00e1tedra Laboratorio Textil de la Tecnicatura Universitaria de Dise\u00f1o de Indumentaria y Textil de la Universidad Nacional de Tucum\u00e1n. Asesora del libro Voces de la Artesan\u00eda &#8211; Di\u00e1logos para pr\u00e1cticas sustentables editado por The British Council; Red Federal Interuniversitaria de Dise\u00f1o de Indumentaria y Textil y Craft Revival Trust. <strong>2019. <\/strong>Particip\u00f3 en el Programa Innovart como docente de la Universidad Nacional de Tucum\u00e1n para la realizaci\u00f3n de la Colecci\u00f3n H\u00e1bito-H\u00e1bitat, de la yunga al oasis que se present\u00f3 en Tours (Francia). <strong>2017. <\/strong>Particip\u00f3 en la muestra Future Fabrics organizada por la ONG The Sustainable Angle en Londres (Inglaterra). <strong>2016. <\/strong>Organizadora del Primer Ayllu Textil, Espacio de Arte Nicasio Fern\u00e1ndez Mar de Tilcara (Jujuy). <strong>2014. <\/strong>Premio &#8220;Mejor Dise\u00f1ador de Provincias&#8221; en la Feria Puro Dise\u00f1o (Buenos Aires). Sello del Buen Dise\u00f1o Argentino bajo la inscripci\u00f3n N\u00b0 1021 de la Secretar\u00eda de Industria y Desarrollo Productivo del Ministerio de Econom\u00eda de la Naci\u00f3n.[\/vc_column_text][vc_empty_space][\/vc_column_inner][\/vc_row_inner][\/vc_column][\/vc_row][vc_row css_animation=&#8221;&#8221; row_type=&#8221;row&#8221; use_row_as_full_screen_section=&#8221;no&#8221; type=&#8221;full_width&#8221; angled_section=&#8221;no&#8221; text_align=&#8221;left&#8221; background_image_as_pattern=&#8221;without_pattern&#8221; transition_delay=&#8221;1000&#8243; z_index=&#8221;&#8221;][vc_column css_animation=&#8221;fadeInLeft&#8221; offset=&#8221;vc_hidden-lg vc_hidden-md&#8221;][vc_row_inner row_type=&#8221;row&#8221; type=&#8221;grid&#8221; text_align=&#8221;left&#8221; css_animation=&#8221;&#8221;][vc_column_inner][vc_empty_space][vc_column_text]<strong>Distinciones:<\/strong>[\/vc_column_text][vc_empty_space height=&#8221;12px&#8221;][vc_column_text]Emprendedora y dise\u00f1adora de La Justa Dise\u00f1o Textil (Jujuy). Docente, fieltrista e investigadora textil, tambi\u00e9n luchadora por los derechos de las mujeres. T\u00e9cnica de Mujeres Artesanas Wich\u00ed de las comunidades de Santa Victoria Este: El Cruce, La Sierra y La Puntana (Salta). Trabaja ad honorem con el Grupo Mujeres Esperanza del Pueblo Kolla de Iruya (Salta). Capacitadora de artesanas para la Mesa de Lana en las comunidades de Amaicha, Taf\u00ed del Valle, San Javier y Potrero de Rodeo Grande (Tucum\u00e1n). Capacitadora en talleres de aprovechamiento y valor agregado en origen de las fibras de lana de oveja, fibra de llama y de vicu\u00f1a en las comunidades de El C\u00f3ndor &#8211; Yavi, Lagunillas del Farall\u00f3n, Ci\u00e9nega de Paicone (Jujuy). Coordinadora de actividades del Espacio de Arte Nicasio Fern\u00e1ndez Mar de Tilcara (Jujuy). <strong>2023. <\/strong>Docente del M\u00f3dulo Tiempo, Escuela de Artes y Oficios del CCK (Buenos Aires). <strong>2022. <\/strong>Primer Premio -Categor\u00eda Textil- del 110\u00b0 Sal\u00f3n Nacional de Artes Visuales (Argentina). Curadora de la muestra &#8220;Los objetos de nuestros afectos &#8211; Arqueolog\u00edas de lo cotidiano&#8221; que expuso el trabajo de ni\u00f1os de escuelas rurales de Tilcara (Jujuy). Participa en la muestra &#8220;La crianza mutua: cultivo, domesticaci\u00f3n y<\/p>\n<p>amparo textil&#8221; con alumnos de la C\u00e1tedra Laboratorio Textil de la Tecnicatura Universitaria de Dise\u00f1o de Indumentaria y Textil de la Universidad Nacional de Tucum\u00e1n. Asesora del libro Voces de la Artesan\u00eda &#8211; Di\u00e1logos para pr\u00e1cticas sustentables editado por The British Council; Red Federal Interuniversitaria de Dise\u00f1o de Indumentaria y Textil y Craft Revival Trust. <strong>2019. <\/strong>Particip\u00f3 en el Programa Innovart como docente de la Universidad Nacional de Tucum\u00e1n para la realizaci\u00f3n de la Colecci\u00f3n H\u00e1bito-H\u00e1bitat, de la yunga al oasis que se present\u00f3 en Tours (Francia). <strong>2017. <\/strong>Particip\u00f3 en la muestra Future Fabrics organizada por la ONG The Sustainable Angle en Londres (Inglaterra). <strong>2016. <\/strong>Organizadora del Primer Ayllu Textil, Espacio de Arte Nicasio Fern\u00e1ndez Mar de Tilcara (Jujuy). <strong>2014. <\/strong>Premio &#8220;Mejor Dise\u00f1ador de Provincias&#8221; en la Feria Puro Dise\u00f1o (Buenos Aires). Sello del Buen Dise\u00f1o Argentino bajo la inscripci\u00f3n N\u00b0 1021 de la Secretar\u00eda de Industria y Desarrollo Productivo del Ministerio de Econom\u00eda de la Naci\u00f3n.[\/vc_column_text][vc_empty_space height=&#8221;65px&#8221;][vc_column_text]<span style=\"font-family: Muli; font-size: 20px; font-weight: bold; color: #000000;\">Proyecto<\/span>[\/vc_column_text][vc_separator css_animation=&#8221;none&#8221; type=&#8221;small&#8221; position=&#8221;left&#8221; color=&#8221;#000000&#8243; width=&#8221;30&#8243; down=&#8221;35&#8243;][vc_column_text]\n<h6><em><span style=\"font-size: 45px; font-weight: 300; color: #000000;\">Ceiba: naturaleza sagrada.<\/span><\/em><\/h6>\n[\/vc_column_text][vc_empty_space height=&#8221;30px&#8221;][vc_column_text]<strong>El \u00e1rbol de Am\u00e9rica.<\/strong><\/p>\n<p>El palo borracho -tambi\u00e9n conocido como yuch\u00e1n, palo botella, toborochi, palo rosado, samoh\u00fa, chemlak- es un \u00e1rbol sagrado para distintas culturas de Am\u00e9rica. Los mitos y leyendas construidas a su alrededor van cambiando dependiendo del lugar en el que se encuentre ubicado el \u00e1rbol. Para la cultura maya es un \u00e1rbol divino, considerado &#8220;El \u00e1rbol de la vida&#8221;; sus ramas forman el cielo, el tronco el plano terrenal y sus ra\u00edces tejen el inframundo, conectando as\u00ed los tres niveles cosmog\u00f3nicos.<\/p>\n<p>La leyenda del Popol Vuh cuenta que los dioses creadores sembraron en los cuatro rumbos del cosmos sus respectivas ceibas sagradas: al Este, la ceiba roja; al Oeste, la ceiba negra; al Sur, la ceiba amarilla; y al Norte, la ceiba blanca. Finalmente, sembraron una quinta al centro de todos estos rumbos, en las ra\u00edces ubicaron la morada de los muertos, en su base la tierra que habitamos los seres vivos y en sus ramas establecieron la morada de los dioses. Mientras que en la cima de su copa habitaba el origen de todos los dioses en la forma de un ave, el quetzal celestial. La leyenda de la cultura wich\u00ed dicen que de su tronco surgen los r\u00edos Amazonas, Bermejo y Pilcomayo. As\u00ed, dependiendo del pa\u00eds o de la cultura, el mito cambia pero siempre sigue siendo un \u00e1rbol sagrado.<\/p>\n<p>El palo borracho convive en nuestro h\u00e1bitat y es un testigo hist\u00f3rico originario de Am\u00e9rica. Los mascareros de las comunidades wich\u00eds, tallan su madera para construir canoas, sogas, pailas y m\u00e1scaras ceremoniales. Este proyecto busca fomentar el cuidado y preservaci\u00f3n de los recursos naturales, as\u00ed como el respeto hacia las culturas originarias y su patrimonio cultural tangible e intangible. Al mismo tiempo, promover la creatividad y el uso sostenible de los recursos textiles. Asimismo, integrar mitos y leyendas provenientes de las culturas originarias a lo largo del continente americano.[\/vc_column_text][vc_empty_space height=&#8221;50px&#8221;][\/vc_column_inner][\/vc_row_inner][\/vc_column][\/vc_row][vc_row css_animation=&#8221;&#8221; row_type=&#8221;row&#8221; use_row_as_full_screen_section=&#8221;no&#8221; type=&#8221;grid&#8221; angled_section=&#8221;no&#8221; text_align=&#8221;left&#8221; background_image_as_pattern=&#8221;without_pattern&#8221; z_index=&#8221;&#8221;][vc_column css_animation=&#8221;fadeInLeftBig&#8221;][vc_empty_space height=&#8221;100px&#8221;][vc_row_inner row_type=&#8221;row&#8221; type=&#8221;grid&#8221; text_align=&#8221;left&#8221; css_animation=&#8221;&#8221;][vc_column_inner][vc_column_text]<span style=\"color: #000000; font-family: Muli;\"><span style=\"font-size: 20px;\"><b>Galer\u00eda de Im\u00e1genes<\/b><\/span><\/span>[\/vc_column_text][vc_separator css_animation=&#8221;none&#8221; type=&#8221;small&#8221; position=&#8221;left&#8221; color=&#8221;#000000&#8243; width=&#8221;30&#8243; down=&#8221;35&#8243;][vc_column_text]<div class=\"uig-img-viewer uig-img-viewer-13929\" gallery_id=\"13929\">\r\n\t<style>\r\n\t\t.uig-img-viewer.uig-img-viewer-13929 .uig_gallery_images .uig-gallery-item {\r\n\t\t\tborder-radius: 0px;\r\n\t\t}\r\n\t<\/style>\r\n\t\t<div class=\"uig-image-gallery-wrapper\">\r\n\t\t\t\t<div id=\"uig_gallery_images_13929\" class=\"uig_gallery_images uig_zoom_gallery uig_masonry_layout three-column five-px\">\r\n\t\t\t\t\t\t\t\t\t<div class=\"uig-gallery-item uig-masonry-gallery-item \">\r\n\t<img decoding=\"async\" src=\"https:\/\/www.bienaldelchaco.org\/2024\/wp-content\/uploads\/2024\/07\/Tejerina_3124.jpg\" alt=\"\">\r\n\t\t<\/div><div class=\"uig-gallery-item uig-masonry-gallery-item \">\r\n\t<img decoding=\"async\" src=\"https:\/\/www.bienaldelchaco.org\/2024\/wp-content\/uploads\/2024\/07\/Tejerina_3113.jpg\" alt=\"\">\r\n\t\t<\/div><div class=\"uig-gallery-item uig-masonry-gallery-item \">\r\n\t<img decoding=\"async\" src=\"https:\/\/www.bienaldelchaco.org\/2024\/wp-content\/uploads\/2024\/07\/Tejerina_3114.jpg\" alt=\"\">\r\n\t\t<\/div><div class=\"uig-gallery-item uig-masonry-gallery-item \">\r\n\t<img decoding=\"async\" src=\"https:\/\/www.bienaldelchaco.org\/2024\/wp-content\/uploads\/2024\/07\/Tejerina_1759.jpg\" alt=\"\">\r\n\t\t<\/div><div class=\"uig-gallery-item uig-masonry-gallery-item \">\r\n\t<img decoding=\"async\" src=\"https:\/\/www.bienaldelchaco.org\/2024\/wp-content\/uploads\/2024\/07\/Tejerina_3084.jpg\" alt=\"\">\r\n\t\t<\/div><div class=\"uig-gallery-item uig-masonry-gallery-item \">\r\n\t<img decoding=\"async\" src=\"https:\/\/www.bienaldelchaco.org\/2024\/wp-content\/uploads\/2024\/07\/Tejerina_3091.jpg\" alt=\"\">\r\n\t\t<\/div><div class=\"uig-gallery-item uig-masonry-gallery-item \">\r\n\t<img decoding=\"async\" src=\"https:\/\/www.bienaldelchaco.org\/2024\/wp-content\/uploads\/2024\/07\/Tejerina_1754.jpg\" alt=\"\">\r\n\t\t<\/div><div class=\"uig-gallery-item uig-masonry-gallery-item \">\r\n\t<img decoding=\"async\" src=\"https:\/\/www.bienaldelchaco.org\/2024\/wp-content\/uploads\/2024\/07\/Tejerina_1756.jpg\" alt=\"\">\r\n\t\t<\/div><div class=\"uig-gallery-item uig-masonry-gallery-item \">\r\n\t<img decoding=\"async\" src=\"https:\/\/www.bienaldelchaco.org\/2024\/wp-content\/uploads\/2024\/07\/Tejerina_1742.jpg\" alt=\"\">\r\n\t\t<\/div><div class=\"uig-gallery-item uig-masonry-gallery-item \">\r\n\t<img decoding=\"async\" src=\"https:\/\/www.bienaldelchaco.org\/2024\/wp-content\/uploads\/2024\/07\/Tejerina_1745.jpg\" alt=\"\">\r\n\t\t<\/div><div class=\"uig-gallery-item uig-masonry-gallery-item \">\r\n\t<img decoding=\"async\" src=\"https:\/\/www.bienaldelchaco.org\/2024\/wp-content\/uploads\/2024\/07\/Tejerina_1750.jpg\" alt=\"\">\r\n\t\t<\/div><div class=\"uig-gallery-item uig-masonry-gallery-item \">\r\n\t<img decoding=\"async\" src=\"https:\/\/www.bienaldelchaco.org\/2024\/wp-content\/uploads\/2024\/07\/Tejerina_1734.jpg\" alt=\"\">\r\n\t\t<\/div>\t\t<\/div>\r\n\t<\/div>\r\n<\/div>[\/vc_column_text][\/vc_column_inner][\/vc_row_inner][vc_empty_space height=&#8221;150px&#8221;][\/vc_column][\/vc_row]\n","protected":false},"excerpt":{"rendered":"<p>[vc_row css_animation=&#8221;&#8221; row_type=&#8221;row&#8221; use_row_as_full_screen_section=&#8221;no&#8221; type=&#8221;full_width&#8221; angled_section=&#8221;no&#8221; text_align=&#8221;center&#8221; background_image_as_pattern=&#8221;without_pattern&#8221; z_index=&#8221;&#8221;][vc_column offset=&#8221;vc_hidden-xs&#8221;][layerslider_vc id=&#8221;13&#8243;][\/vc_column][\/vc_row][vc_row css_animation=&#8221;&#8221; row_type=&#8221;row&#8221; use_row_as_full_screen_section=&#8221;no&#8221; type=&#8221;full_width&#8221; angled_section=&#8221;no&#8221; text_align=&#8221;center&#8221; background_image_as_pattern=&#8221;without_pattern&#8221; z_index=&#8221;&#8221;][vc_column offset=&#8221;vc_hidden-lg vc_hidden-md vc_hidden-sm&#8221;][layerslider_vc id=&#8221;12&#8243;][\/vc_column][\/vc_row][vc_row css_animation=&#8221;&#8221; row_type=&#8221;row&#8221; use_row_as_full_screen_section=&#8221;no&#8221; type=&#8221;grid&#8221; angled_section=&#8221;no&#8221; text_align=&#8221;left&#8221; background_image_as_pattern=&#8221;without_pattern&#8221; z_index=&#8221;&#8221;][vc_column css_animation=&#8221;fadeInLeftBig&#8221;][vc_empty_space height=&#8221;50px&#8221;][vc_row_inner row_type=&#8221;row&#8221; type=&#8221;full_width&#8221; text_align=&#8221;left&#8221; css_animation=&#8221;&#8221;][vc_column_inner width=&#8221;2\/3&#8243;][vc_column_text]Encuentro de Escultores Invitados[\/vc_column_text][\/vc_column_inner][vc_column_inner width=&#8221;1\/3&#8243;][vc_column_text] &lt; Volver [\/vc_column_text][\/vc_column_inner][\/vc_row_inner][vc_column_text]13&#8230;<\/p>\n","protected":false},"author":3,"featured_media":0,"parent":9142,"menu_order":0,"comment_status":"closed","ping_status":"closed","template":"full_width.php","meta":{"footnotes":""},"class_list":["post-12466","page","type-page","status-publish","hentry"],"_links":{"self":[{"href":"https:\/\/www.bienaldelchaco.org\/2024\/wp-json\/wp\/v2\/pages\/12466","targetHints":{"allow":["GET"]}}],"collection":[{"href":"https:\/\/www.bienaldelchaco.org\/2024\/wp-json\/wp\/v2\/pages"}],"about":[{"href":"https:\/\/www.bienaldelchaco.org\/2024\/wp-json\/wp\/v2\/types\/page"}],"author":[{"embeddable":true,"href":"https:\/\/www.bienaldelchaco.org\/2024\/wp-json\/wp\/v2\/users\/3"}],"replies":[{"embeddable":true,"href":"https:\/\/www.bienaldelchaco.org\/2024\/wp-json\/wp\/v2\/comments?post=12466"}],"version-history":[{"count":4,"href":"https:\/\/www.bienaldelchaco.org\/2024\/wp-json\/wp\/v2\/pages\/12466\/revisions"}],"predecessor-version":[{"id":14001,"href":"https:\/\/www.bienaldelchaco.org\/2024\/wp-json\/wp\/v2\/pages\/12466\/revisions\/14001"}],"up":[{"embeddable":true,"href":"https:\/\/www.bienaldelchaco.org\/2024\/wp-json\/wp\/v2\/pages\/9142"}],"wp:attachment":[{"href":"https:\/\/www.bienaldelchaco.org\/2024\/wp-json\/wp\/v2\/media?parent=12466"}],"curies":[{"name":"wp","href":"https:\/\/api.w.org\/{rel}","templated":true}]}}