{"id":12587,"date":"2024-05-29T17:49:55","date_gmt":"2024-05-29T20:49:55","guid":{"rendered":"https:\/\/www.bienaldelchaco.org\/2024\/?page_id=12587"},"modified":"2024-08-01T13:29:56","modified_gmt":"2024-08-01T16:29:56","slug":"premio-desafio","status":"publish","type":"page","link":"https:\/\/www.bienaldelchaco.org\/2024\/premio-desafio\/","title":{"rendered":"Premio Desaf\u00edo"},"content":{"rendered":"[vc_row css_animation=&#8221;&#8221; row_type=&#8221;row&#8221; use_row_as_full_screen_section=&#8221;no&#8221; type=&#8221;full_width&#8221; angled_section=&#8221;no&#8221; text_align=&#8221;left&#8221; background_image_as_pattern=&#8221;without_pattern&#8221;][vc_column offset=&#8221;vc_hidden-xs&#8221;][layerslider_vc id=&#8221;15&#8243;][\/vc_column][\/vc_row][vc_row css_animation=&#8221;&#8221; row_type=&#8221;row&#8221; use_row_as_full_screen_section=&#8221;no&#8221; type=&#8221;full_width&#8221; angled_section=&#8221;no&#8221; text_align=&#8221;left&#8221; background_image_as_pattern=&#8221;without_pattern&#8221;][vc_column offset=&#8221;vc_hidden-lg vc_hidden-md vc_hidden-sm&#8221;][layerslider_vc id=&#8221;16&#8243;][\/vc_column][\/vc_row][vc_row css_animation=&#8221;&#8221; row_type=&#8221;row&#8221; use_row_as_full_screen_section=&#8221;no&#8221; type=&#8221;grid&#8221; angled_section=&#8221;no&#8221; text_align=&#8221;left&#8221; background_image_as_pattern=&#8221;without_pattern&#8221; z_index=&#8221;&#8221;][vc_column][vc_empty_space][vc_column_text]<span style=\"font-family: 'Muli'; font-size: 30px; font-weight: 500;\">Concurso de Escultura para Estudiantes de Artes<\/span>[\/vc_column_text][vc_column_text]<span style=\"font-family: 'Muli'; font-size: 20px; color: #a1a1a1;\">16 al 18 de julio 2024<\/span>[\/vc_column_text][vc_separator type=&#8221;small&#8221; position=&#8221;left&#8221; color=&#8221;#000000&#8243; width=&#8221;35&#8243;][vc_empty_space height=&#8221;15px&#8221;][vc_column_text]<span style=\"font-family: 'Muli'; font-size: 20px;\">El Comit\u00e9 Organizador de la Bienal del Chaco 2024 se complace en anunciar los participantes seleccionados para la 9\u00aa edici\u00f3n del PREMIO DESAF\u00cdO \u201cHierros L\u00edder\u201d. Este evento, que se llevar\u00e1 a cabo del 16 al 18 de julio de 2024, convoca a talentosos estudiantes de artes de universidades e institutos p\u00fablicos y privados de todo el pa\u00eds, ofreci\u00e9ndoles una plataforma \u00fanica para demostrar su creatividad y habilidades en la escultura.<\/span>[\/vc_column_text][vc_empty_space height=&#8221;100px&#8221;][\/vc_column][\/vc_row][vc_row css_animation=&#8221;&#8221; row_type=&#8221;row&#8221; use_row_as_full_screen_section=&#8221;no&#8221; type=&#8221;grid&#8221; angled_section=&#8221;no&#8221; text_align=&#8221;left&#8221; background_image_as_pattern=&#8221;without_pattern&#8221; z_index=&#8221;&#8221;][vc_column width=&#8221;2\/3&#8243;][vc_column_text]\n<h3>Los seleccionados son:<\/h3>\n[\/vc_column_text][vc_separator type=&#8221;small&#8221; position=&#8221;left&#8221; color=&#8221;#000000&#8243; width=&#8221;25&#8243;][vc_empty_space height=&#8221;40px&#8221;][vc_widget_sidebar sidebar_id=&#8221;Sidebar Premio Desafio&#8221;][vc_empty_space][\/vc_column][vc_column width=&#8221;1\/3&#8243; el_class=&#8221;columnader&#8221;][vc_column_text css=&#8221;.vc_custom_1635791677886{margin-bottom: 10px !important;padding-top: 10px !important;padding-right: 10px !important;padding-bottom: 10px !important;padding-left: 10px !important;background-color: #656871 !important;border-radius: 5px !important;}&#8221;]\n<h4><span style=\"color: #ffffff;\">Ediciones Anteriores<\/span><\/h4>\n[\/vc_column_text][vc_empty_space height=&#8221;15px&#8221;]<div class='image_hover ' style='' data-transition-delay=''><div class='images_holder'><a itemprop='url' href='https:\/\/www.bienaldelchaco.org\/2024\/premio-desafio-ediciones-anteriores\/' target='_self'><img itemprop='image' class='active_image ' src='https:\/\/www.bienaldelchaco.org\/2024\/wp-content\/uploads\/2023\/10\/premiodesafio-vervideos-boton-.png' alt='' style='' \/><img itemprop='image' class='hover_image' src='https:\/\/www.bienaldelchaco.org\/2024\/wp-content\/uploads\/2023\/10\/premiodesafio-vervideos-boton-over.png' alt='' style='' \/><\/a><\/div><\/div>[vc_empty_space][\/vc_column][\/vc_row][vc_row css_animation=&#8221;&#8221; row_type=&#8221;row&#8221; use_row_as_full_screen_section=&#8221;no&#8221; type=&#8221;grid&#8221; angled_section=&#8221;no&#8221; text_align=&#8221;left&#8221; background_image_as_pattern=&#8221;without_pattern&#8221; z_index=&#8221;&#8221;][vc_column width=&#8221;2\/3&#8243;][vc_column_text]\n<h3>Video:<\/h3>\n[\/vc_column_text][vc_separator type=&#8221;small&#8221; position=&#8221;left&#8221; color=&#8221;#000000&#8243; width=&#8221;25&#8243;][vc_video link=&#8221;https:\/\/www.youtube.com\/watch?v=JWjv7J01cdI&#8221;][vc_empty_space height=&#8221;40px&#8221;][\/vc_column][vc_column width=&#8221;1\/3&#8243; el_class=&#8221;columnader&#8221;][\/vc_column][\/vc_row][vc_row css_animation=&#8221;&#8221; row_type=&#8221;row&#8221; use_row_as_full_screen_section=&#8221;no&#8221; type=&#8221;full_width&#8221; angled_section=&#8221;no&#8221; text_align=&#8221;left&#8221; background_image_as_pattern=&#8221;without_pattern&#8221;][vc_column][vc_empty_space height=&#8221;65px&#8221;][vc_single_image image=&#8221;8254&#8243; img_size=&#8221;full&#8221; alignment=&#8221;center&#8221; qode_css_animation=&#8221;&#8221;][vc_empty_space height=&#8221;100px&#8221;][\/vc_column][\/vc_row]\n","protected":false},"excerpt":{"rendered":"<p>[vc_row css_animation=&#8221;&#8221; row_type=&#8221;row&#8221; use_row_as_full_screen_section=&#8221;no&#8221; type=&#8221;full_width&#8221; angled_section=&#8221;no&#8221; text_align=&#8221;left&#8221; background_image_as_pattern=&#8221;without_pattern&#8221;][vc_column offset=&#8221;vc_hidden-xs&#8221;][layerslider_vc id=&#8221;15&#8243;][\/vc_column][\/vc_row][vc_row css_animation=&#8221;&#8221; row_type=&#8221;row&#8221; use_row_as_full_screen_section=&#8221;no&#8221; type=&#8221;full_width&#8221; angled_section=&#8221;no&#8221; text_align=&#8221;left&#8221; background_image_as_pattern=&#8221;without_pattern&#8221;][vc_column offset=&#8221;vc_hidden-lg vc_hidden-md vc_hidden-sm&#8221;][layerslider_vc id=&#8221;16&#8243;][\/vc_column][\/vc_row][vc_row css_animation=&#8221;&#8221; row_type=&#8221;row&#8221; use_row_as_full_screen_section=&#8221;no&#8221; type=&#8221;grid&#8221; angled_section=&#8221;no&#8221; text_align=&#8221;left&#8221; background_image_as_pattern=&#8221;without_pattern&#8221; z_index=&#8221;&#8221;][vc_column][vc_empty_space][vc_column_text]Concurso de Escultura para Estudiantes de Artes[\/vc_column_text][vc_column_text]16 al 18 de julio 2024[\/vc_column_text][vc_separator type=&#8221;small&#8221; position=&#8221;left&#8221; color=&#8221;#000000&#8243; width=&#8221;35&#8243;][vc_empty_space height=&#8221;15px&#8221;][vc_column_text]El&#8230;<\/p>\n","protected":false},"author":3,"featured_media":0,"parent":0,"menu_order":0,"comment_status":"closed","ping_status":"closed","template":"full_width.php","meta":{"footnotes":""},"class_list":["post-12587","page","type-page","status-publish","hentry"],"_links":{"self":[{"href":"https:\/\/www.bienaldelchaco.org\/2024\/wp-json\/wp\/v2\/pages\/12587","targetHints":{"allow":["GET"]}}],"collection":[{"href":"https:\/\/www.bienaldelchaco.org\/2024\/wp-json\/wp\/v2\/pages"}],"about":[{"href":"https:\/\/www.bienaldelchaco.org\/2024\/wp-json\/wp\/v2\/types\/page"}],"author":[{"embeddable":true,"href":"https:\/\/www.bienaldelchaco.org\/2024\/wp-json\/wp\/v2\/users\/3"}],"replies":[{"embeddable":true,"href":"https:\/\/www.bienaldelchaco.org\/2024\/wp-json\/wp\/v2\/comments?post=12587"}],"version-history":[{"count":14,"href":"https:\/\/www.bienaldelchaco.org\/2024\/wp-json\/wp\/v2\/pages\/12587\/revisions"}],"predecessor-version":[{"id":14012,"href":"https:\/\/www.bienaldelchaco.org\/2024\/wp-json\/wp\/v2\/pages\/12587\/revisions\/14012"}],"wp:attachment":[{"href":"https:\/\/www.bienaldelchaco.org\/2024\/wp-json\/wp\/v2\/media?parent=12587"}],"curies":[{"name":"wp","href":"https:\/\/api.w.org\/{rel}","templated":true}]}}