{"id":12699,"date":"2024-06-04T10:05:04","date_gmt":"2024-06-04T13:05:04","guid":{"rendered":"https:\/\/www.bienaldelchaco.org\/2024\/?page_id=12699"},"modified":"2024-06-06T13:19:00","modified_gmt":"2024-06-06T16:19:00","slug":"artes-escenicas","status":"publish","type":"page","link":"https:\/\/www.bienaldelchaco.org\/2024\/artes-escenicas\/","title":{"rendered":"Artes esc\u00e9nicas"},"content":{"rendered":"[vc_row css_animation=&#8221;&#8221; row_type=&#8221;row&#8221; use_row_as_full_screen_section=&#8221;no&#8221; type=&#8221;full_width&#8221; angled_section=&#8221;no&#8221; text_align=&#8221;left&#8221; background_image_as_pattern=&#8221;without_pattern&#8221; z_index=&#8221;&#8221;][vc_column offset=&#8221;vc_hidden-sm vc_hidden-xs&#8221;][layerslider_vc id=&#8221;29&#8243;][\/vc_column][\/vc_row][vc_row css_animation=&#8221;&#8221; row_type=&#8221;row&#8221; use_row_as_full_screen_section=&#8221;no&#8221; type=&#8221;full_width&#8221; angled_section=&#8221;no&#8221; text_align=&#8221;left&#8221; background_image_as_pattern=&#8221;without_pattern&#8221; z_index=&#8221;&#8221;][vc_column offset=&#8221;vc_hidden-lg vc_hidden-md&#8221;][layerslider_vc id=&#8221;30&#8243;][\/vc_column][\/vc_row][vc_row css_animation=&#8221;&#8221; row_type=&#8221;row&#8221; use_row_as_full_screen_section=&#8221;no&#8221; type=&#8221;grid&#8221; angled_section=&#8221;no&#8221; text_align=&#8221;left&#8221; background_image_as_pattern=&#8221;without_pattern&#8221; z_index=&#8221;&#8221;][vc_column css_animation=&#8221;fadeInLeftBig&#8221;][vc_empty_space height=&#8221;50px&#8221;][vc_column_text]<span style=\"font-family: 'Muli'; font-size: 30px; font-weight: bold;\">Artes Esc\u00e9nicas<\/span>[\/vc_column_text][vc_column_text]<span style=\"font-family: 'Muli'; font-size: 20px; color: #696969;\">13 al 21 de julio de 2024<\/span>[\/vc_column_text][vc_separator css_animation=&#8221;none&#8221; type=&#8221;small&#8221; position=&#8221;left&#8221; color=&#8221;#000000&#8243; width=&#8221;50&#8243;][vc_empty_space height=&#8221;10px&#8221;][vc_row_inner row_type=&#8221;row&#8221; type=&#8221;full_width&#8221; text_align=&#8221;left&#8221; css_animation=&#8221;&#8221;][vc_column_inner][vc_column_text]\n<p style=\"font-weight: 500; font-size: 18px;\">Ciclo de presentaciones en vivo y de nivel internacional en los escenarios de la Bienal.<\/p>\n[\/vc_column_text][vc_empty_space height=&#8221;50px&#8221;][\/vc_column_inner][\/vc_row_inner][vc_row_inner row_type=&#8221;row&#8221; type=&#8221;grid&#8221; text_align=&#8221;left&#8221; css_animation=&#8221;&#8221;][vc_column_inner width=&#8221;1\/4&#8243;][vc_column_text]\n<h6><em><span style=\"color: #864e4d; font-size: 26px; font-weight: 300;\">Escenario<br \/>\n&#8220;Galatea&#8221; (I.N.T.)<\/span><\/em><\/h6>\n[\/vc_column_text][vc_empty_space height=&#8221;20px&#8221;][vc_column_text]\n<p style=\"font-weight: 400; font-size: 16px; font-family: Muli;\">Actividades diarias que incluyen obras de teatro, espect\u00e1culos de circo, actuaciones musicales y coreograf\u00edas. Adem\u00e1s, se ofrecen clases abiertas y talleres en diversas disciplinas de las artes esc\u00e9nicas para todo el p\u00fablico.<\/p>\n[\/vc_column_text][vc_empty_space height=&#8221;50px&#8221;][\/vc_column_inner][vc_column_inner width=&#8221;1\/4&#8243;][vc_column_text]\n<h6><em><span style=\"color: #43a3bb; font-size: 26px; font-weight: 300;\">Escenario<br \/>\n&#8220;Anfiteatro&#8221;<\/span><\/em><\/h6>\n[\/vc_column_text][vc_empty_space height=&#8221;20px&#8221;][vc_column_text]\n<p style=\"font-weight: 400; font-size: 16px; font-family: Muli;\">Ocho jornadas de expresiones art\u00edsticas urbanas y emergentes en el marco del evento &#8220;Agit\u00e1 la Bienal&#8221;.<\/p>\n[\/vc_column_text][vc_empty_space height=&#8221;50px&#8221;][\/vc_column_inner][vc_column_inner width=&#8221;1\/4&#8243;][vc_column_text]\n<h6><em><span style=\"color: #cd975b; font-size: 26px; font-weight: 300;\">Escenario<br \/>\n&#8220;Domo del Centenario&#8221; <\/span><\/em><\/h6>\n[\/vc_column_text][vc_empty_space height=&#8221;20px&#8221;][vc_column_text]\n<p style=\"font-weight: 400; font-size: 16px; font-family: Muli;\">Nueve galas de teatro, m\u00fasica y danza de nivel internacional en un recinto cerrado con capacidad para 1000 espectadores, ubicado en el predio de la Bienal. Esta sala est\u00e1 equipada con planta t\u00e9cnica de ultima generaci\u00f3n y ofrece todas las comodidades tanto para los artistas como para los espectadores.<\/p>\n[\/vc_column_text][vc_empty_space height=&#8221;50px&#8221;][\/vc_column_inner][vc_column_inner width=&#8221;1\/4&#8243;][vc_column_text]\n<h6><em><span style=\"color: #b77a9c; font-size: 26px; font-weight: 300;\">Escenario<br \/>\n&#8220;Central&#8221;<\/span><\/em><\/h6>\n[\/vc_column_text][vc_empty_space height=&#8221;20px&#8221;][vc_column_text]\n<p style=\"font-weight: 400; font-size: 16px; font-family: Muli;\">Ocho noches de espect\u00e1culos musicales que destacan a artistas locales, nacionales e internacionales en un impresionante escenario al aire libre, ubicado en el coraz\u00f3n del predio de la Bienal.<\/p>\n[\/vc_column_text][vc_empty_space height=&#8221;50px&#8221;][\/vc_column_inner][\/vc_row_inner][vc_empty_space height=&#8221;50px&#8221;][vc_row_inner row_type=&#8221;row&#8221; type=&#8221;full_width&#8221; text_align=&#8221;center&#8221; css_animation=&#8221;&#8221;][vc_column_inner offset=&#8221;vc_hidden-sm vc_hidden-xs&#8221;]<div class='image_hover ' style='' data-transition-delay=''><div class='images_holder'><a itemprop='url' href='https:\/\/www.bienaldelchaco.org\/2024\/agenda\/' target='_self'><img itemprop='image' class='active_image ' src='https:\/\/www.bienaldelchaco.org\/2024\/wp-content\/uploads\/2024\/05\/Todas-las-actividades-son-gratis-v1-normal.png' alt='' style='' \/><img itemprop='image' class='hover_image' src='https:\/\/www.bienaldelchaco.org\/2024\/wp-content\/uploads\/2024\/05\/Todas-las-actividades-son-gratis-V1-hober.png' alt='' style='' \/><\/a><\/div><\/div>[\/vc_column_inner][\/vc_row_inner][vc_row_inner row_type=&#8221;row&#8221; type=&#8221;full_width&#8221; text_align=&#8221;center&#8221; css_animation=&#8221;&#8221;][vc_column_inner offset=&#8221;vc_hidden-lg vc_hidden-md&#8221;][vc_column_text]\n<h2 style=\"text-align: center; font-family: Muli; font-size: 18px;\"><strong>Todas las actividades de la Bienal son de acceso libre y gratuito<\/strong><\/h2>\n[\/vc_column_text][vc_empty_space height=&#8221;20px&#8221;]<div class='image_hover ' style='' data-transition-delay=''><div class='images_holder'><a itemprop='url' href='https:\/\/www.bienaldelchaco.org\/2024\/agenda\/' target='_self'><img itemprop='image' class='active_image ' src='https:\/\/www.bienaldelchaco.org\/2024\/wp-content\/uploads\/2024\/05\/Ver-Cronograma-de-actividades.png' alt='' style='' \/><img itemprop='image' class='hover_image' src='https:\/\/www.bienaldelchaco.org\/2024\/wp-content\/uploads\/2024\/05\/Ver-Cronograma-de-actividades-over.png' alt='' style='' \/><\/a><\/div><\/div>[\/vc_column_inner][\/vc_row_inner][vc_empty_space height=&#8221;120px&#8221;][\/vc_column][\/vc_row]\n","protected":false},"excerpt":{"rendered":"<p>[vc_row css_animation=&#8221;&#8221; row_type=&#8221;row&#8221; use_row_as_full_screen_section=&#8221;no&#8221; type=&#8221;full_width&#8221; angled_section=&#8221;no&#8221; text_align=&#8221;left&#8221; background_image_as_pattern=&#8221;without_pattern&#8221; z_index=&#8221;&#8221;][vc_column offset=&#8221;vc_hidden-sm vc_hidden-xs&#8221;][layerslider_vc id=&#8221;29&#8243;][\/vc_column][\/vc_row][vc_row css_animation=&#8221;&#8221; row_type=&#8221;row&#8221; use_row_as_full_screen_section=&#8221;no&#8221; type=&#8221;full_width&#8221; angled_section=&#8221;no&#8221; text_align=&#8221;left&#8221; background_image_as_pattern=&#8221;without_pattern&#8221; z_index=&#8221;&#8221;][vc_column offset=&#8221;vc_hidden-lg vc_hidden-md&#8221;][layerslider_vc id=&#8221;30&#8243;][\/vc_column][\/vc_row][vc_row css_animation=&#8221;&#8221; row_type=&#8221;row&#8221; use_row_as_full_screen_section=&#8221;no&#8221; type=&#8221;grid&#8221; angled_section=&#8221;no&#8221; text_align=&#8221;left&#8221; background_image_as_pattern=&#8221;without_pattern&#8221; z_index=&#8221;&#8221;][vc_column css_animation=&#8221;fadeInLeftBig&#8221;][vc_empty_space height=&#8221;50px&#8221;][vc_column_text]Artes Esc\u00e9nicas[\/vc_column_text][vc_column_text]13 al 21 de julio de 2024[\/vc_column_text][vc_separator css_animation=&#8221;none&#8221; type=&#8221;small&#8221; position=&#8221;left&#8221; color=&#8221;#000000&#8243; width=&#8221;50&#8243;][vc_empty_space&#8230;<\/p>\n","protected":false},"author":3,"featured_media":0,"parent":0,"menu_order":0,"comment_status":"closed","ping_status":"closed","template":"full_width.php","meta":{"footnotes":""},"class_list":["post-12699","page","type-page","status-publish","hentry"],"_links":{"self":[{"href":"https:\/\/www.bienaldelchaco.org\/2024\/wp-json\/wp\/v2\/pages\/12699","targetHints":{"allow":["GET"]}}],"collection":[{"href":"https:\/\/www.bienaldelchaco.org\/2024\/wp-json\/wp\/v2\/pages"}],"about":[{"href":"https:\/\/www.bienaldelchaco.org\/2024\/wp-json\/wp\/v2\/types\/page"}],"author":[{"embeddable":true,"href":"https:\/\/www.bienaldelchaco.org\/2024\/wp-json\/wp\/v2\/users\/3"}],"replies":[{"embeddable":true,"href":"https:\/\/www.bienaldelchaco.org\/2024\/wp-json\/wp\/v2\/comments?post=12699"}],"version-history":[{"count":11,"href":"https:\/\/www.bienaldelchaco.org\/2024\/wp-json\/wp\/v2\/pages\/12699\/revisions"}],"predecessor-version":[{"id":12857,"href":"https:\/\/www.bienaldelchaco.org\/2024\/wp-json\/wp\/v2\/pages\/12699\/revisions\/12857"}],"wp:attachment":[{"href":"https:\/\/www.bienaldelchaco.org\/2024\/wp-json\/wp\/v2\/media?parent=12699"}],"curies":[{"name":"wp","href":"https:\/\/api.w.org\/{rel}","templated":true}]}}