{"id":12701,"date":"2024-06-04T10:06:28","date_gmt":"2024-06-04T13:06:28","guid":{"rendered":"https:\/\/www.bienaldelchaco.org\/2024\/?page_id=12701"},"modified":"2024-06-06T10:42:53","modified_gmt":"2024-06-06T13:42:53","slug":"muestras","status":"publish","type":"page","link":"https:\/\/www.bienaldelchaco.org\/2024\/muestras\/","title":{"rendered":"Muestras"},"content":{"rendered":"[vc_row css_animation=&#8221;&#8221; row_type=&#8221;row&#8221; use_row_as_full_screen_section=&#8221;no&#8221; type=&#8221;full_width&#8221; angled_section=&#8221;no&#8221; text_align=&#8221;left&#8221; background_image_as_pattern=&#8221;without_pattern&#8221; z_index=&#8221;&#8221;][vc_column offset=&#8221;vc_hidden-sm vc_hidden-xs&#8221;][layerslider_vc id=&#8221;31&#8243;][\/vc_column][\/vc_row][vc_row css_animation=&#8221;&#8221; row_type=&#8221;row&#8221; use_row_as_full_screen_section=&#8221;no&#8221; type=&#8221;full_width&#8221; angled_section=&#8221;no&#8221; text_align=&#8221;left&#8221; background_image_as_pattern=&#8221;without_pattern&#8221; z_index=&#8221;&#8221;][vc_column offset=&#8221;vc_hidden-lg vc_hidden-md&#8221;][layerslider_vc id=&#8221;32&#8243;][\/vc_column][\/vc_row][vc_row css_animation=&#8221;&#8221; row_type=&#8221;row&#8221; use_row_as_full_screen_section=&#8221;no&#8221; type=&#8221;grid&#8221; angled_section=&#8221;no&#8221; text_align=&#8221;left&#8221; background_image_as_pattern=&#8221;without_pattern&#8221; z_index=&#8221;&#8221;][vc_column css_animation=&#8221;fadeInLeftBig&#8221;][vc_empty_space height=&#8221;50px&#8221;][vc_column_text]<span style=\"font-family: 'Muli'; font-size: 30px; font-weight: bold;\">Muestras<\/span>[\/vc_column_text][vc_column_text]<span style=\"font-family: 'Muli'; font-size: 20px; color: #696969;\">13 al 21 de julio de 2024<\/span>[\/vc_column_text][vc_separator css_animation=&#8221;none&#8221; type=&#8221;small&#8221; position=&#8221;left&#8221; color=&#8221;#000000&#8243; width=&#8221;50&#8243;][vc_empty_space height=&#8221;10px&#8221;][vc_row_inner row_type=&#8221;row&#8221; type=&#8221;full_width&#8221; text_align=&#8221;left&#8221; css_animation=&#8221;&#8221;][vc_column_inner][vc_column_text]\n<p style=\"font-weight: 500; font-size: 18px; padding-bottom: 10px;\">Muestras individuales y colectivas que exhiben una variedad de obras de artistas destacados. Explora una amplia gama de estilos y enfoques art\u00edsticos a trav\u00e9s de exposiciones individuales y colaborativas, destacando la diversidad creativa y la expresi\u00f3n art\u00edstica. Esta colecci\u00f3n de obras ofrece a los visitantes la oportunidad de apreciar las visiones personales de los artistas y sus proyectos conjuntos en un solo lugar.<\/p>\n<p style=\"font-weight: 500; font-size: 18px;\">Te invitamos a explorar tres exposiciones fascinantes que celebran la diversidad y riqueza de la escultura contempor\u00e1nea:<\/p>\n[\/vc_column_text][vc_empty_space height=&#8221;50px&#8221;][\/vc_column_inner][\/vc_row_inner][vc_row_inner row_type=&#8221;row&#8221; type=&#8221;grid&#8221; text_align=&#8221;left&#8221; css_animation=&#8221;&#8221;][vc_column_inner][vc_column_text]\n<ul>\n<li><span style=\"color: #864e4d; font-size: 20px; font-weight: 400;\">Exposici\u00f3n &#8220;Origen&#8221;: Escultura Argentina Contempor\u00e1nea<\/span><\/li>\n<\/ul>\n[\/vc_column_text][vc_column_text]\n<p style=\"font-weight: 500; font-size: 18px; padding-bottom: 10px;\">Una muestra que destaca la evoluci\u00f3n y el talento de los escultores argentinos contempor\u00e1neos, explorando sus ra\u00edces y sus influencias.<\/p>\n[\/vc_column_text][vc_empty_space height=&#8221;50px&#8221;][vc_column_text]\n<ul>\n<li><span style=\"color: #864e4d; font-size: 20px; font-weight: 400;\">Exposici\u00f3n de Expresiones Escult\u00f3ricas Chaque\u00f1as<\/span><\/li>\n<\/ul>\n[\/vc_column_text][vc_column_text]\n<p style=\"font-weight: 500; font-size: 18px; padding-bottom: 10px;\">Organizada por la Asociaci\u00f3n de Escultores Chaque\u00f1os, esta exposici\u00f3n ofrece un vistazo profundo a las obras m\u00e1s emblem\u00e1ticas y representativas de los artistas locales.<\/p>\n[\/vc_column_text][vc_empty_space height=&#8221;50px&#8221;][vc_column_text]\n<ul>\n<li><span style=\"color: #864e4d; font-size: 20px; font-weight: 400;\">Exposici\u00f3n &#8220;Escultores del Mundo&#8221;<\/span><\/li>\n<\/ul>\n[\/vc_column_text][vc_column_text]\n<p style=\"font-weight: 500; font-size: 18px; padding-bottom: 10px;\">Una destacada muestra que en cada edici\u00f3n propone un acercamiento a la obra y producci\u00f3n de los escultores de la Bienal. Se exhibe una escultura en peque\u00f1o formato de cada artista participante, presentando a los visitantes un panorama de la escult\u00f3rica mundial contempor\u00e1nea como as\u00ed tambi\u00e9n una aproximaci\u00f3n a la est\u00e9tica propia de cada escultor con sus trabajos en materiales diversos.<\/p>\n[\/vc_column_text][vc_empty_space height=&#8221;50px&#8221;][vc_column_text]\n<ul>\n<li><span style=\"color: #864e4d; font-size: 20px; font-weight: 400;\">33\u00b0 Sal\u00f3n Internacional de Cer\u00e1mica<\/span><\/li>\n<\/ul>\n[\/vc_column_text][vc_column_text]\n<p style=\"font-weight: 500; font-size: 18px; padding-bottom: 10px;\">Organizado por el Centro Argentino de Arte Cer\u00e1mico, descubre la magia de la cer\u00e1mica en la exposici\u00f3n del 33\u00b0 Sal\u00f3n Internacional de Cer\u00e1mica. Una impresionante variedad de obras de cer\u00e1mica, originales e in\u00e9ditas, que reflejan la creatividad y la destreza de artistas locales e internacionales.<\/p>\n[\/vc_column_text][\/vc_column_inner][\/vc_row_inner][vc_empty_space height=&#8221;50px&#8221;][vc_empty_space height=&#8221;120px&#8221;][\/vc_column][\/vc_row]\n","protected":false},"excerpt":{"rendered":"<p>[vc_row css_animation=&#8221;&#8221; row_type=&#8221;row&#8221; use_row_as_full_screen_section=&#8221;no&#8221; type=&#8221;full_width&#8221; angled_section=&#8221;no&#8221; text_align=&#8221;left&#8221; background_image_as_pattern=&#8221;without_pattern&#8221; z_index=&#8221;&#8221;][vc_column offset=&#8221;vc_hidden-sm vc_hidden-xs&#8221;][layerslider_vc id=&#8221;31&#8243;][\/vc_column][\/vc_row][vc_row css_animation=&#8221;&#8221; row_type=&#8221;row&#8221; use_row_as_full_screen_section=&#8221;no&#8221; type=&#8221;full_width&#8221; angled_section=&#8221;no&#8221; text_align=&#8221;left&#8221; background_image_as_pattern=&#8221;without_pattern&#8221; z_index=&#8221;&#8221;][vc_column offset=&#8221;vc_hidden-lg vc_hidden-md&#8221;][layerslider_vc id=&#8221;32&#8243;][\/vc_column][\/vc_row][vc_row css_animation=&#8221;&#8221; row_type=&#8221;row&#8221; use_row_as_full_screen_section=&#8221;no&#8221; type=&#8221;grid&#8221; angled_section=&#8221;no&#8221; text_align=&#8221;left&#8221; background_image_as_pattern=&#8221;without_pattern&#8221; z_index=&#8221;&#8221;][vc_column css_animation=&#8221;fadeInLeftBig&#8221;][vc_empty_space height=&#8221;50px&#8221;][vc_column_text]Muestras[\/vc_column_text][vc_column_text]13 al 21 de julio de 2024[\/vc_column_text][vc_separator css_animation=&#8221;none&#8221; type=&#8221;small&#8221; position=&#8221;left&#8221; color=&#8221;#000000&#8243; width=&#8221;50&#8243;][vc_empty_space height=&#8221;10px&#8221;][vc_row_inner&#8230;<\/p>\n","protected":false},"author":3,"featured_media":0,"parent":0,"menu_order":0,"comment_status":"closed","ping_status":"closed","template":"full_width.php","meta":{"footnotes":""},"class_list":["post-12701","page","type-page","status-publish","hentry"],"_links":{"self":[{"href":"https:\/\/www.bienaldelchaco.org\/2024\/wp-json\/wp\/v2\/pages\/12701","targetHints":{"allow":["GET"]}}],"collection":[{"href":"https:\/\/www.bienaldelchaco.org\/2024\/wp-json\/wp\/v2\/pages"}],"about":[{"href":"https:\/\/www.bienaldelchaco.org\/2024\/wp-json\/wp\/v2\/types\/page"}],"author":[{"embeddable":true,"href":"https:\/\/www.bienaldelchaco.org\/2024\/wp-json\/wp\/v2\/users\/3"}],"replies":[{"embeddable":true,"href":"https:\/\/www.bienaldelchaco.org\/2024\/wp-json\/wp\/v2\/comments?post=12701"}],"version-history":[{"count":10,"href":"https:\/\/www.bienaldelchaco.org\/2024\/wp-json\/wp\/v2\/pages\/12701\/revisions"}],"predecessor-version":[{"id":12834,"href":"https:\/\/www.bienaldelchaco.org\/2024\/wp-json\/wp\/v2\/pages\/12701\/revisions\/12834"}],"wp:attachment":[{"href":"https:\/\/www.bienaldelchaco.org\/2024\/wp-json\/wp\/v2\/media?parent=12701"}],"curies":[{"name":"wp","href":"https:\/\/api.w.org\/{rel}","templated":true}]}}