{"id":7496,"date":"2020-01-03T19:18:52","date_gmt":"2020-01-03T22:18:52","guid":{"rendered":"https:\/\/www.bienaldelchaco.org\/2024\/?page_id=7496"},"modified":"2024-06-26T19:39:21","modified_gmt":"2024-06-26T22:39:21","slug":"congreso-internacional-de-artes","status":"publish","type":"page","link":"https:\/\/www.bienaldelchaco.org\/2024\/congreso-internacional-de-artes\/","title":{"rendered":"Congreso Internacional de Artes"},"content":{"rendered":"[vc_row css_animation=&#8221;&#8221; row_type=&#8221;row&#8221; use_row_as_full_screen_section=&#8221;no&#8221; type=&#8221;full_width&#8221; angled_section=&#8221;no&#8221; text_align=&#8221;left&#8221; background_image_as_pattern=&#8221;without_pattern&#8221; z_index=&#8221;&#8221;][vc_column offset=&#8221;vc_hidden-sm vc_hidden-xs&#8221;][layerslider_vc id=&#8221;21&#8243;][\/vc_column][\/vc_row][vc_row css_animation=&#8221;&#8221; row_type=&#8221;row&#8221; use_row_as_full_screen_section=&#8221;no&#8221; type=&#8221;full_width&#8221; angled_section=&#8221;no&#8221; text_align=&#8221;left&#8221; background_image_as_pattern=&#8221;without_pattern&#8221; z_index=&#8221;&#8221;][vc_column offset=&#8221;vc_hidden-lg vc_hidden-md&#8221;][layerslider_vc id=&#8221;22&#8243;][\/vc_column][\/vc_row][vc_row css_animation=&#8221;&#8221; row_type=&#8221;row&#8221; use_row_as_full_screen_section=&#8221;no&#8221; type=&#8221;grid&#8221; angled_section=&#8221;no&#8221; text_align=&#8221;left&#8221; background_image_as_pattern=&#8221;without_pattern&#8221; z_index=&#8221;&#8221;][vc_column css_animation=&#8221;fadeInLeftBig&#8221;][vc_empty_space height=&#8221;50px&#8221;][vc_column_text]<span style=\"font-family: 'Muli'; font-size: 30px; font-weight: bold;\">IV Congreso Internacional de Artes &#8211; L\u00edmites y Fronteras<\/span>[\/vc_column_text][vc_column_text]<span style=\"font-family: 'Muli'; font-size: 20px; color: #696969;\">17 de julio de 2024<\/span>[\/vc_column_text][vc_separator css_animation=&#8221;none&#8221; type=&#8221;small&#8221; position=&#8221;left&#8221; color=&#8221;#000000&#8243; width=&#8221;50&#8243;][vc_empty_space height=&#8221;10px&#8221;][vc_row_inner row_type=&#8221;row&#8221; type=&#8221;full_width&#8221; text_align=&#8221;left&#8221; css_animation=&#8221;&#8221;][vc_column_inner][vc_column_text]\n<p style=\"font-weight: 500; font-size: 18px;\">Congreso organizado con la Facultad de Artes, Dise\u00f1o y Ciencias de la Cultura de la Universidad Nacional del Nordeste, con el objetivo de crear un espacio de intercambio y discusi\u00f3n que aporta a la Bienal la dimensi\u00f3n acad\u00e9mica y cient\u00edfica.<\/p>\n[\/vc_column_text][vc_empty_space height=&#8221;50px&#8221;][vc_single_image image=&#8221;12723&#8243; img_size=&#8221;full&#8221; alignment=&#8221;center&#8221; qode_css_animation=&#8221;&#8221;][vc_empty_space height=&#8221;50px&#8221;][vc_single_image image=&#8221;12724&#8243; img_size=&#8221;full&#8221; qode_css_animation=&#8221;&#8221;][vc_empty_space height=&#8221;60px&#8221;][\/vc_column_inner][\/vc_row_inner][\/vc_column][\/vc_row][vc_row css_animation=&#8221;&#8221; row_type=&#8221;row&#8221; use_row_as_full_screen_section=&#8221;no&#8221; type=&#8221;grid&#8221; angled_section=&#8221;no&#8221; text_align=&#8221;center&#8221; background_image_as_pattern=&#8221;without_pattern&#8221; z_index=&#8221;&#8221;][vc_column]<a  itemprop=\"url\" href=\"http:\/\/www.artes.unne.edu.ar\/congreso-internacional-artes-2024\/Primera-Circular-convocatoria-Congreso-Artes-2024.pdf\" target=\"_blank\" data-hover-background-color=#000000 data-hover-border-color=#000000 data-hover-color=#ffffff class=\"qbutton  center default\" style=\"color: #ffffff; border-color: #a0a0a9; border-radius: 30px;-moz-border-radius: 30px;-webkit-border-radius: 30px; background-color: #a0a0a9;\">M\u00c1S INFORMACI\u00d3N<\/a>[vc_empty_space height=&#8221;120px&#8221;][\/vc_column][\/vc_row]\n","protected":false},"excerpt":{"rendered":"<p>[vc_row css_animation=&#8221;&#8221; row_type=&#8221;row&#8221; use_row_as_full_screen_section=&#8221;no&#8221; type=&#8221;full_width&#8221; angled_section=&#8221;no&#8221; text_align=&#8221;left&#8221; background_image_as_pattern=&#8221;without_pattern&#8221; z_index=&#8221;&#8221;][vc_column offset=&#8221;vc_hidden-sm vc_hidden-xs&#8221;][layerslider_vc id=&#8221;21&#8243;][\/vc_column][\/vc_row][vc_row css_animation=&#8221;&#8221; row_type=&#8221;row&#8221; use_row_as_full_screen_section=&#8221;no&#8221; type=&#8221;full_width&#8221; angled_section=&#8221;no&#8221; text_align=&#8221;left&#8221; background_image_as_pattern=&#8221;without_pattern&#8221; z_index=&#8221;&#8221;][vc_column offset=&#8221;vc_hidden-lg vc_hidden-md&#8221;][layerslider_vc id=&#8221;22&#8243;][\/vc_column][\/vc_row][vc_row css_animation=&#8221;&#8221; row_type=&#8221;row&#8221; use_row_as_full_screen_section=&#8221;no&#8221; type=&#8221;grid&#8221; angled_section=&#8221;no&#8221; text_align=&#8221;left&#8221; background_image_as_pattern=&#8221;without_pattern&#8221; z_index=&#8221;&#8221;][vc_column css_animation=&#8221;fadeInLeftBig&#8221;][vc_empty_space height=&#8221;50px&#8221;][vc_column_text]IV Congreso Internacional de Artes &#8211; L\u00edmites y Fronteras[\/vc_column_text][vc_column_text]17 de julio de 2024[\/vc_column_text][vc_separator&#8230;<\/p>\n","protected":false},"author":3,"featured_media":0,"parent":0,"menu_order":0,"comment_status":"closed","ping_status":"closed","template":"full_width.php","meta":{"footnotes":""},"class_list":["post-7496","page","type-page","status-publish","hentry"],"_links":{"self":[{"href":"https:\/\/www.bienaldelchaco.org\/2024\/wp-json\/wp\/v2\/pages\/7496","targetHints":{"allow":["GET"]}}],"collection":[{"href":"https:\/\/www.bienaldelchaco.org\/2024\/wp-json\/wp\/v2\/pages"}],"about":[{"href":"https:\/\/www.bienaldelchaco.org\/2024\/wp-json\/wp\/v2\/types\/page"}],"author":[{"embeddable":true,"href":"https:\/\/www.bienaldelchaco.org\/2024\/wp-json\/wp\/v2\/users\/3"}],"replies":[{"embeddable":true,"href":"https:\/\/www.bienaldelchaco.org\/2024\/wp-json\/wp\/v2\/comments?post=7496"}],"version-history":[{"count":83,"href":"https:\/\/www.bienaldelchaco.org\/2024\/wp-json\/wp\/v2\/pages\/7496\/revisions"}],"predecessor-version":[{"id":13182,"href":"https:\/\/www.bienaldelchaco.org\/2024\/wp-json\/wp\/v2\/pages\/7496\/revisions\/13182"}],"wp:attachment":[{"href":"https:\/\/www.bienaldelchaco.org\/2024\/wp-json\/wp\/v2\/media?parent=7496"}],"curies":[{"name":"wp","href":"https:\/\/api.w.org\/{rel}","templated":true}]}}